{"id":524,"date":"2018-05-30T15:22:05","date_gmt":"2018-05-30T13:22:05","guid":{"rendered":"http:\/\/stagnoligears.dexanet.biz\/?page_id=524"},"modified":"2019-11-19T17:27:22","modified_gmt":"2019-11-19T16:27:22","slug":"conception-et-realisation-des-moules","status":"publish","type":"page","link":"https:\/\/www.stagnoligears.com\/fr\/conception\/conception-et-realisation-des-moules\/","title":{"rendered":"Conception et r\u00e9alisation des moules"},"content":{"rendered":"<p>La conception et la r\u00e9alisation des moules visent \u00e0 garantir la meilleure production d\u2019engrenages et d\u2019organes de transmission.<\/p>\n<p>Nos moules sont con\u00e7us au sein de notre entreprise, une caract\u00e9ristique qui, au fil des ann\u00e9es, nous a permis de r\u00e9pondre \u00e0 n\u2019importe quelle demande et de toujours trouver la solution la plus efficace\u00a0: des plus simples jusqu\u2019aux moules les plus complexes avec chariots, \u00e0 chambre chaude ou pour le moulage mixte.<\/p>\n<p>Le professionnalisme et l\u2019exp\u00e9rience de nos techniciens, en collaboration avec le client, nous permettent de toujours trouver la solution optimale pour satisfaire toutes les exigences. Pour nous, la communication avec le client est un moment d\u00e9terminant du processus de conception et de r\u00e9alisation des moules car le choix des composants \u00e0 utiliser (comme HASCO, Pedrotti ou Meusburger) d\u00e9pend directement des indications pr\u00e9cises du client. En effet, chaque phase de la conception est partag\u00e9e avec le client afin d\u2019obtenir le meilleur r\u00e9sultat possible.<\/p>\n<p>Bien avant la phase de conception du moule, nous analysons attentivement le choix et la qualit\u00e9 des aciers que nous utilisons pour la r\u00e9alisation du moule, pour en garantir la dur\u00e9e et l\u2019efficacit\u00e9.<\/p>\n<p>Apr\u00e8s la phase de s\u00e9lection des mat\u00e9riaux et de conception du moule, il est fondamental de r\u00e9aliser une s\u00e9rie de simulations Moldflow. Celles-ci nous aident \u00e0 \u00e9carter n\u2019importe quel type de probl\u00e8me et \u00e0 rep\u00e9rer \u00e9ventuellement les points critiques ayant pu nous \u00e9chapper durant les phases pr\u00e9c\u00e9dentes. Ces simulations permettent en fait de surveiller et de d\u00e9finir certains param\u00e8tres critiques, comme les points d\u2019injection, les canaux de refroidissement et les valeurs de remplissage et de compactage pouvant influencer n\u00e9gativement le moulage.<\/p>\n<p>Contactez-nous pour trouver la meilleure solution \u00e0 vos exigences.<\/p>\n","protected":false},"excerpt":{"rendered":"<p>La conception et la r\u00e9alisation des moules visent \u00e0 garantir la meilleure production d\u2019engrenages et d\u2019organes de transmission. Nos moules sont con\u00e7us au sein de notre entreprise, une caract\u00e9ristique qui, au fil des ann\u00e9es, nous a permis de r\u00e9pondre \u00e0 n\u2019importe quelle demande et de toujours trouver la solution la plus efficace\u00a0: des plus simples &hellip; <a href=\"https:\/\/www.stagnoligears.com\/fr\/conception\/conception-et-realisation-des-moules\/\">Continued<\/a><\/p>\n","protected":false},"author":1,"featured_media":0,"parent":115,"menu_order":0,"comment_status":"closed","ping_status":"closed","template":"template-progettazione-child.php","meta":{"_acf_changed":false,"footnotes":""},"class_list":["post-524","page","type-page","status-publish","hentry"],"acf":[],"yoast_head":"<!-- This site is optimized with the Yoast SEO plugin v27.4 - https:\/\/yoast.com\/product\/yoast-seo-wordpress\/ -->\n<title>Conception et r\u00e9alisation des moules<\/title>\n<meta name=\"description\" content=\"Progettazione e realizzazione stampi, esperti nella progettazione e realizzazione di stampi per lo stampaggio di ingranaggi e organi di trasmissione in tecnopolimero\" \/>\n<meta name=\"robots\" content=\"index, follow, max-snippet:-1, max-image-preview:large, max-video-preview:-1\" \/>\n<link rel=\"canonical\" href=\"https:\/\/www.stagnoligears.com\/fr\/conception\/conception-et-realisation-des-moules\/\" \/>\n<meta property=\"og:locale\" content=\"fr_FR\" \/>\n<meta property=\"og:type\" content=\"article\" \/>\n<meta property=\"og:title\" content=\"Conception et r\u00e9alisation des moules\" \/>\n<meta property=\"og:description\" content=\"Progettazione e realizzazione stampi, esperti nella progettazione e realizzazione di stampi per lo stampaggio di ingranaggi e organi di trasmissione in tecnopolimero\" \/>\n<meta property=\"og:url\" content=\"https:\/\/www.stagnoligears.com\/fr\/conception\/conception-et-realisation-des-moules\/\" \/>\n<meta property=\"og:site_name\" content=\"Stagnoli\" \/>\n<meta property=\"article:modified_time\" content=\"2019-11-19T16:27:22+00:00\" \/>\n<meta name=\"twitter:card\" content=\"summary_large_image\" \/>\n<meta name=\"twitter:label1\" content=\"Dur\u00e9e de lecture estim\u00e9e\" \/>\n\t<meta name=\"twitter:data1\" content=\"2 minutes\" \/>\n<script type=\"application\/ld+json\" class=\"yoast-schema-graph\">{\"@context\":\"https:\\\/\\\/schema.org\",\"@graph\":[{\"@type\":\"WebPage\",\"@id\":\"https:\\\/\\\/www.stagnoligears.com\\\/fr\\\/conception\\\/conception-et-realisation-des-moules\\\/\",\"url\":\"https:\\\/\\\/www.stagnoligears.com\\\/fr\\\/conception\\\/conception-et-realisation-des-moules\\\/\",\"name\":\"Conception et r\u00e9alisation des moules\",\"isPartOf\":{\"@id\":\"https:\\\/\\\/www.stagnoligears.com\\\/fr\\\/#website\"},\"datePublished\":\"2018-05-30T13:22:05+00:00\",\"dateModified\":\"2019-11-19T16:27:22+00:00\",\"description\":\"Progettazione e realizzazione stampi, esperti nella progettazione e realizzazione di stampi per lo stampaggio di ingranaggi e organi di trasmissione in tecnopolimero\",\"breadcrumb\":{\"@id\":\"https:\\\/\\\/www.stagnoligears.com\\\/fr\\\/conception\\\/conception-et-realisation-des-moules\\\/#breadcrumb\"},\"inLanguage\":\"fr-FR\",\"potentialAction\":[{\"@type\":\"ReadAction\",\"target\":[\"https:\\\/\\\/www.stagnoligears.com\\\/fr\\\/conception\\\/conception-et-realisation-des-moules\\\/\"]}]},{\"@type\":\"BreadcrumbList\",\"@id\":\"https:\\\/\\\/www.stagnoligears.com\\\/fr\\\/conception\\\/conception-et-realisation-des-moules\\\/#breadcrumb\",\"itemListElement\":[{\"@type\":\"ListItem\",\"position\":1,\"name\":\"Home\",\"item\":\"https:\\\/\\\/www.stagnoligears.com\\\/fr\\\/\"},{\"@type\":\"ListItem\",\"position\":2,\"name\":\"Conception\",\"item\":\"https:\\\/\\\/www.stagnoligears.com\\\/fr\\\/conception\\\/\"},{\"@type\":\"ListItem\",\"position\":3,\"name\":\"Conception et r\u00e9alisation des moules\"}]},{\"@type\":\"WebSite\",\"@id\":\"https:\\\/\\\/www.stagnoligears.com\\\/fr\\\/#website\",\"url\":\"https:\\\/\\\/www.stagnoligears.com\\\/fr\\\/\",\"name\":\"Stagnoli\",\"description\":\"\",\"publisher\":{\"@id\":\"https:\\\/\\\/www.stagnoligears.com\\\/fr\\\/#organization\"},\"potentialAction\":[{\"@type\":\"SearchAction\",\"target\":{\"@type\":\"EntryPoint\",\"urlTemplate\":\"https:\\\/\\\/www.stagnoligears.com\\\/fr\\\/?s={search_term_string}\"},\"query-input\":{\"@type\":\"PropertyValueSpecification\",\"valueRequired\":true,\"valueName\":\"search_term_string\"}}],\"inLanguage\":\"fr-FR\"},{\"@type\":\"Organization\",\"@id\":\"https:\\\/\\\/www.stagnoligears.com\\\/fr\\\/#organization\",\"name\":\"Stagnoli Automation Solutions s.r.l.\",\"url\":\"https:\\\/\\\/www.stagnoligears.com\\\/fr\\\/\",\"logo\":{\"@type\":\"ImageObject\",\"inLanguage\":\"fr-FR\",\"@id\":\"https:\\\/\\\/www.stagnoligears.com\\\/fr\\\/#\\\/schema\\\/logo\\\/image\\\/\",\"url\":\"https:\\\/\\\/www.stagnoligears.com\\\/fr\\\/wp-content\\\/uploads\\\/sites\\\/4\\\/logo.png\",\"contentUrl\":\"https:\\\/\\\/www.stagnoligears.com\\\/fr\\\/wp-content\\\/uploads\\\/sites\\\/4\\\/logo.png\",\"width\":201,\"height\":87,\"caption\":\"Stagnoli Automation Solutions s.r.l.\"},\"image\":{\"@id\":\"https:\\\/\\\/www.stagnoligears.com\\\/fr\\\/#\\\/schema\\\/logo\\\/image\\\/\"}}]}<\/script>\n<!-- \/ Yoast SEO plugin. -->","yoast_head_json":{"title":"Conception et r\u00e9alisation des moules","description":"Progettazione e realizzazione stampi, esperti nella progettazione e realizzazione di stampi per lo stampaggio di ingranaggi e organi di trasmissione in tecnopolimero","robots":{"index":"index","follow":"follow","max-snippet":"max-snippet:-1","max-image-preview":"max-image-preview:large","max-video-preview":"max-video-preview:-1"},"canonical":"https:\/\/www.stagnoligears.com\/fr\/conception\/conception-et-realisation-des-moules\/","og_locale":"fr_FR","og_type":"article","og_title":"Conception et r\u00e9alisation des moules","og_description":"Progettazione e realizzazione stampi, esperti nella progettazione e realizzazione di stampi per lo stampaggio di ingranaggi e organi di trasmissione in tecnopolimero","og_url":"https:\/\/www.stagnoligears.com\/fr\/conception\/conception-et-realisation-des-moules\/","og_site_name":"Stagnoli","article_modified_time":"2019-11-19T16:27:22+00:00","twitter_card":"summary_large_image","twitter_misc":{"Dur\u00e9e de lecture estim\u00e9e":"2 minutes"},"schema":{"@context":"https:\/\/schema.org","@graph":[{"@type":"WebPage","@id":"https:\/\/www.stagnoligears.com\/fr\/conception\/conception-et-realisation-des-moules\/","url":"https:\/\/www.stagnoligears.com\/fr\/conception\/conception-et-realisation-des-moules\/","name":"Conception et r\u00e9alisation des moules","isPartOf":{"@id":"https:\/\/www.stagnoligears.com\/fr\/#website"},"datePublished":"2018-05-30T13:22:05+00:00","dateModified":"2019-11-19T16:27:22+00:00","description":"Progettazione e realizzazione stampi, esperti nella progettazione e realizzazione di stampi per lo stampaggio di ingranaggi e organi di trasmissione in tecnopolimero","breadcrumb":{"@id":"https:\/\/www.stagnoligears.com\/fr\/conception\/conception-et-realisation-des-moules\/#breadcrumb"},"inLanguage":"fr-FR","potentialAction":[{"@type":"ReadAction","target":["https:\/\/www.stagnoligears.com\/fr\/conception\/conception-et-realisation-des-moules\/"]}]},{"@type":"BreadcrumbList","@id":"https:\/\/www.stagnoligears.com\/fr\/conception\/conception-et-realisation-des-moules\/#breadcrumb","itemListElement":[{"@type":"ListItem","position":1,"name":"Home","item":"https:\/\/www.stagnoligears.com\/fr\/"},{"@type":"ListItem","position":2,"name":"Conception","item":"https:\/\/www.stagnoligears.com\/fr\/conception\/"},{"@type":"ListItem","position":3,"name":"Conception et r\u00e9alisation des moules"}]},{"@type":"WebSite","@id":"https:\/\/www.stagnoligears.com\/fr\/#website","url":"https:\/\/www.stagnoligears.com\/fr\/","name":"Stagnoli","description":"","publisher":{"@id":"https:\/\/www.stagnoligears.com\/fr\/#organization"},"potentialAction":[{"@type":"SearchAction","target":{"@type":"EntryPoint","urlTemplate":"https:\/\/www.stagnoligears.com\/fr\/?s={search_term_string}"},"query-input":{"@type":"PropertyValueSpecification","valueRequired":true,"valueName":"search_term_string"}}],"inLanguage":"fr-FR"},{"@type":"Organization","@id":"https:\/\/www.stagnoligears.com\/fr\/#organization","name":"Stagnoli Automation Solutions s.r.l.","url":"https:\/\/www.stagnoligears.com\/fr\/","logo":{"@type":"ImageObject","inLanguage":"fr-FR","@id":"https:\/\/www.stagnoligears.com\/fr\/#\/schema\/logo\/image\/","url":"https:\/\/www.stagnoligears.com\/fr\/wp-content\/uploads\/sites\/4\/logo.png","contentUrl":"https:\/\/www.stagnoligears.com\/fr\/wp-content\/uploads\/sites\/4\/logo.png","width":201,"height":87,"caption":"Stagnoli Automation Solutions s.r.l."},"image":{"@id":"https:\/\/www.stagnoligears.com\/fr\/#\/schema\/logo\/image\/"}}]}},"_links":{"self":[{"href":"https:\/\/www.stagnoligears.com\/fr\/wp-json\/wp\/v2\/pages\/524","targetHints":{"allow":["GET"]}}],"collection":[{"href":"https:\/\/www.stagnoligears.com\/fr\/wp-json\/wp\/v2\/pages"}],"about":[{"href":"https:\/\/www.stagnoligears.com\/fr\/wp-json\/wp\/v2\/types\/page"}],"author":[{"embeddable":true,"href":"https:\/\/www.stagnoligears.com\/fr\/wp-json\/wp\/v2\/users\/1"}],"replies":[{"embeddable":true,"href":"https:\/\/www.stagnoligears.com\/fr\/wp-json\/wp\/v2\/comments?post=524"}],"version-history":[{"count":16,"href":"https:\/\/www.stagnoligears.com\/fr\/wp-json\/wp\/v2\/pages\/524\/revisions"}],"predecessor-version":[{"id":960,"href":"https:\/\/www.stagnoligears.com\/fr\/wp-json\/wp\/v2\/pages\/524\/revisions\/960"}],"up":[{"embeddable":true,"href":"https:\/\/www.stagnoligears.com\/fr\/wp-json\/wp\/v2\/pages\/115"}],"wp:attachment":[{"href":"https:\/\/www.stagnoligears.com\/fr\/wp-json\/wp\/v2\/media?parent=524"}],"curies":[{"name":"wp","href":"https:\/\/api.w.org\/{rel}","templated":true}]}}