{"id":521,"date":"2018-05-30T15:18:50","date_gmt":"2018-05-30T13:18:50","guid":{"rendered":"http:\/\/stagnoligears.dexanet.biz\/?page_id=521"},"modified":"2025-02-26T14:46:29","modified_gmt":"2025-02-26T13:46:29","slug":"conception-et-gear-design-organes-de-transmission","status":"publish","type":"page","link":"https:\/\/www.stagnoligears.com\/fr\/conception\/conception-et-gear-design-organes-de-transmission\/","title":{"rendered":"Conception et gear design d\u2019organes de transmission"},"content":{"rendered":"<p>Notre bureau technique, en plus de la production de pi\u00e8ces sur catalogue, est en mesure de d\u00e9velopper des projets personnalis\u00e9s pour r\u00e9pondre aux exigences de chaque client et \u00e9tudier, avec lui, la <strong>conception et le gear design d\u2019organes de transmission<\/strong>.<\/p>\n<p>Pour nous, l\u2019\u00e9l\u00e9ment de communication est fondamental en phase de <strong>projet<\/strong>. En effet, nos techniciens suivent pas \u00e0 pas l\u2019\u00e9volution du projet en restant en contact avec le client et en lui proposant la meilleure solution pour r\u00e9soudre les diff\u00e9rents probl\u00e8mes relev\u00e9s en phase de <strong>conception et de gear design<\/strong>.<\/p>\n<p>Une fois \u00e9tablies les lignes de base du projet, le moulage des engrenages se fait gr\u00e2ce \u00e0 un logiciel en CAD 3D qui permet de suivre au mieux toutes les diff\u00e9rentes caract\u00e9ristiques, tandis que pour les calculs et les mod\u00e8les 3D des d\u00e9veloppantes nous nous en remettons au <strong>logiciel KISSsoft<\/strong>, reconnu au niveau international comme le meilleur en mati\u00e8re d\u2019engrenages. Ce programme rend en effet disponible, en plus de tous les principaux calculs g\u00e9om\u00e9triques, de nombreuses fonctions d\u2019optimisation parmi lesquelles le rendement de la transmission, les donn\u00e9es importantes sur le recouvrement, l\u2019analyse du contact et les simulations sur la dissipation de chaleur.<\/p>\n<p>Nous effectuons aussi l\u2019analyse <strong>FEM<\/strong> de remplissage qui, avec l\u2019\u00e9tude des d\u00e9formations du produit thermoplastique et aux nombreuses autres simulations, permet d\u2019\u00e9viter les passages de mise au point du moule et d\u2019acc\u00e9l\u00e9rer les temps de conception.<\/p>\n<p>Les investissements et les \u00e9quipements \u00e0 l\u2019avant-garde nous permettent d\u2019\u00e9voluer en m\u00eame temps que la technologie m\u00e9canique appliqu\u00e9e, mais l\u2019objectif de la haute qualit\u00e9 serait vain sans trente ans d\u2019exp\u00e9rience de nos techniciens sp\u00e9cialis\u00e9s, en mesure de \u00ab\u00a0lire\u00a0\u00bb les donn\u00e9es r\u00e9colt\u00e9es, d\u00e9finir la faisabilit\u00e9 des tol\u00e9rances requises et proposer les \u00e9ventuelles modifications visant \u00e0 atteindre la pr\u00e9cision maximale et la qualit\u00e9 des engrenages et des <strong>organes de transmission<\/strong>.<\/p>\n<p>Vous \u00eates \u00e0 la recherche d\u2019un partenaire dot\u00e9 d\u2019exp\u00e9rience internationale dans la <strong>conception d\u2019organes de transmission et de gear design<\/strong>, \u00e9quip\u00e9 de structures et machines ultra-r\u00e9centes? Contactez-nous!<\/p>\n<p><img decoding=\"async\" class=\"alignnone size-full wp-image-972\" src=\"\/fr\/wp-content\/uploads\/sites\/4\/conception-des-composants-de-la-transmission.jpg\" alt=\"\" \/><\/p>\n","protected":false},"excerpt":{"rendered":"<p>Notre bureau technique, en plus de la production de pi\u00e8ces sur catalogue, est en mesure de d\u00e9velopper des projets personnalis\u00e9s pour r\u00e9pondre aux exigences de chaque client et \u00e9tudier, avec lui, la conception et le gear design d\u2019organes de transmission. Pour nous, l\u2019\u00e9l\u00e9ment de communication est fondamental en phase de projet. En effet, nos techniciens &hellip; <a href=\"https:\/\/www.stagnoligears.com\/fr\/conception\/conception-et-gear-design-organes-de-transmission\/\">Continued<\/a><\/p>\n","protected":false},"author":1,"featured_media":0,"parent":115,"menu_order":0,"comment_status":"closed","ping_status":"closed","template":"template-progettazione-child.php","meta":{"_acf_changed":false,"footnotes":""},"class_list":["post-521","page","type-page","status-publish","hentry"],"acf":[],"yoast_head":"<!-- This site is optimized with the Yoast SEO plugin v27.4 - https:\/\/yoast.com\/product\/yoast-seo-wordpress\/ -->\n<title>Conception et gear design d\u2019organes de transmission - Stagnoli<\/title>\n<meta name=\"description\" content=\"Notre bureau technique, en plus de la production de pi\u00e8ces sur catalogue, est en mesure de d\u00e9velopper des projets personnalis\u00e9s pour r\u00e9pondre aux exigences de chaque client et \u00e9tudier, avec lui, la conception et le gear design d\u2019organes de transmission.\" \/>\n<meta name=\"robots\" content=\"index, follow, max-snippet:-1, max-image-preview:large, max-video-preview:-1\" \/>\n<link rel=\"canonical\" href=\"https:\/\/www.stagnoligears.com\/fr\/conception\/conception-et-gear-design-organes-de-transmission\/\" \/>\n<meta property=\"og:locale\" content=\"fr_FR\" \/>\n<meta property=\"og:type\" content=\"article\" \/>\n<meta property=\"og:title\" content=\"Conception et gear design d\u2019organes de transmission - Stagnoli\" \/>\n<meta property=\"og:description\" content=\"Notre bureau technique, en plus de la production de pi\u00e8ces sur catalogue, est en mesure de d\u00e9velopper des projets personnalis\u00e9s pour r\u00e9pondre aux exigences de chaque client et \u00e9tudier, avec lui, la conception et le gear design d\u2019organes de transmission.\" \/>\n<meta property=\"og:url\" content=\"https:\/\/www.stagnoligears.com\/fr\/conception\/conception-et-gear-design-organes-de-transmission\/\" \/>\n<meta property=\"og:site_name\" content=\"Stagnoli\" \/>\n<meta property=\"article:modified_time\" content=\"2025-02-26T13:46:29+00:00\" \/>\n<meta name=\"twitter:card\" content=\"summary_large_image\" \/>\n<meta name=\"twitter:label1\" content=\"Dur\u00e9e de lecture estim\u00e9e\" \/>\n\t<meta name=\"twitter:data1\" content=\"2 minutes\" \/>\n<script type=\"application\/ld+json\" class=\"yoast-schema-graph\">{\"@context\":\"https:\\\/\\\/schema.org\",\"@graph\":[{\"@type\":\"WebPage\",\"@id\":\"https:\\\/\\\/www.stagnoligears.com\\\/fr\\\/conception\\\/conception-et-gear-design-organes-de-transmission\\\/\",\"url\":\"https:\\\/\\\/www.stagnoligears.com\\\/fr\\\/conception\\\/conception-et-gear-design-organes-de-transmission\\\/\",\"name\":\"Conception et gear design d\u2019organes de transmission - Stagnoli\",\"isPartOf\":{\"@id\":\"https:\\\/\\\/www.stagnoligears.com\\\/fr\\\/#website\"},\"datePublished\":\"2018-05-30T13:18:50+00:00\",\"dateModified\":\"2025-02-26T13:46:29+00:00\",\"description\":\"Notre bureau technique, en plus de la production de pi\u00e8ces sur catalogue, est en mesure de d\u00e9velopper des projets personnalis\u00e9s pour r\u00e9pondre aux exigences de chaque client et \u00e9tudier, avec lui, la conception et le gear design d\u2019organes de transmission.\",\"breadcrumb\":{\"@id\":\"https:\\\/\\\/www.stagnoligears.com\\\/fr\\\/conception\\\/conception-et-gear-design-organes-de-transmission\\\/#breadcrumb\"},\"inLanguage\":\"fr-FR\",\"potentialAction\":[{\"@type\":\"ReadAction\",\"target\":[\"https:\\\/\\\/www.stagnoligears.com\\\/fr\\\/conception\\\/conception-et-gear-design-organes-de-transmission\\\/\"]}]},{\"@type\":\"BreadcrumbList\",\"@id\":\"https:\\\/\\\/www.stagnoligears.com\\\/fr\\\/conception\\\/conception-et-gear-design-organes-de-transmission\\\/#breadcrumb\",\"itemListElement\":[{\"@type\":\"ListItem\",\"position\":1,\"name\":\"Home\",\"item\":\"https:\\\/\\\/www.stagnoligears.com\\\/fr\\\/\"},{\"@type\":\"ListItem\",\"position\":2,\"name\":\"Conception\",\"item\":\"https:\\\/\\\/www.stagnoligears.com\\\/fr\\\/conception\\\/\"},{\"@type\":\"ListItem\",\"position\":3,\"name\":\"Conception et gear design d\u2019organes de transmission\"}]},{\"@type\":\"WebSite\",\"@id\":\"https:\\\/\\\/www.stagnoligears.com\\\/fr\\\/#website\",\"url\":\"https:\\\/\\\/www.stagnoligears.com\\\/fr\\\/\",\"name\":\"Stagnoli\",\"description\":\"\",\"publisher\":{\"@id\":\"https:\\\/\\\/www.stagnoligears.com\\\/fr\\\/#organization\"},\"potentialAction\":[{\"@type\":\"SearchAction\",\"target\":{\"@type\":\"EntryPoint\",\"urlTemplate\":\"https:\\\/\\\/www.stagnoligears.com\\\/fr\\\/?s={search_term_string}\"},\"query-input\":{\"@type\":\"PropertyValueSpecification\",\"valueRequired\":true,\"valueName\":\"search_term_string\"}}],\"inLanguage\":\"fr-FR\"},{\"@type\":\"Organization\",\"@id\":\"https:\\\/\\\/www.stagnoligears.com\\\/fr\\\/#organization\",\"name\":\"Stagnoli Automation Solutions s.r.l.\",\"url\":\"https:\\\/\\\/www.stagnoligears.com\\\/fr\\\/\",\"logo\":{\"@type\":\"ImageObject\",\"inLanguage\":\"fr-FR\",\"@id\":\"https:\\\/\\\/www.stagnoligears.com\\\/fr\\\/#\\\/schema\\\/logo\\\/image\\\/\",\"url\":\"https:\\\/\\\/www.stagnoligears.com\\\/fr\\\/wp-content\\\/uploads\\\/sites\\\/4\\\/logo.png\",\"contentUrl\":\"https:\\\/\\\/www.stagnoligears.com\\\/fr\\\/wp-content\\\/uploads\\\/sites\\\/4\\\/logo.png\",\"width\":201,\"height\":87,\"caption\":\"Stagnoli Automation Solutions s.r.l.\"},\"image\":{\"@id\":\"https:\\\/\\\/www.stagnoligears.com\\\/fr\\\/#\\\/schema\\\/logo\\\/image\\\/\"}}]}<\/script>\n<!-- \/ Yoast SEO plugin. -->","yoast_head_json":{"title":"Conception et gear design d\u2019organes de transmission - Stagnoli","description":"Notre bureau technique, en plus de la production de pi\u00e8ces sur catalogue, est en mesure de d\u00e9velopper des projets personnalis\u00e9s pour r\u00e9pondre aux exigences de chaque client et \u00e9tudier, avec lui, la conception et le gear design d\u2019organes de transmission.","robots":{"index":"index","follow":"follow","max-snippet":"max-snippet:-1","max-image-preview":"max-image-preview:large","max-video-preview":"max-video-preview:-1"},"canonical":"https:\/\/www.stagnoligears.com\/fr\/conception\/conception-et-gear-design-organes-de-transmission\/","og_locale":"fr_FR","og_type":"article","og_title":"Conception et gear design d\u2019organes de transmission - Stagnoli","og_description":"Notre bureau technique, en plus de la production de pi\u00e8ces sur catalogue, est en mesure de d\u00e9velopper des projets personnalis\u00e9s pour r\u00e9pondre aux exigences de chaque client et \u00e9tudier, avec lui, la conception et le gear design d\u2019organes de transmission.","og_url":"https:\/\/www.stagnoligears.com\/fr\/conception\/conception-et-gear-design-organes-de-transmission\/","og_site_name":"Stagnoli","article_modified_time":"2025-02-26T13:46:29+00:00","twitter_card":"summary_large_image","twitter_misc":{"Dur\u00e9e de lecture estim\u00e9e":"2 minutes"},"schema":{"@context":"https:\/\/schema.org","@graph":[{"@type":"WebPage","@id":"https:\/\/www.stagnoligears.com\/fr\/conception\/conception-et-gear-design-organes-de-transmission\/","url":"https:\/\/www.stagnoligears.com\/fr\/conception\/conception-et-gear-design-organes-de-transmission\/","name":"Conception et gear design d\u2019organes de transmission - Stagnoli","isPartOf":{"@id":"https:\/\/www.stagnoligears.com\/fr\/#website"},"datePublished":"2018-05-30T13:18:50+00:00","dateModified":"2025-02-26T13:46:29+00:00","description":"Notre bureau technique, en plus de la production de pi\u00e8ces sur catalogue, est en mesure de d\u00e9velopper des projets personnalis\u00e9s pour r\u00e9pondre aux exigences de chaque client et \u00e9tudier, avec lui, la conception et le gear design d\u2019organes de transmission.","breadcrumb":{"@id":"https:\/\/www.stagnoligears.com\/fr\/conception\/conception-et-gear-design-organes-de-transmission\/#breadcrumb"},"inLanguage":"fr-FR","potentialAction":[{"@type":"ReadAction","target":["https:\/\/www.stagnoligears.com\/fr\/conception\/conception-et-gear-design-organes-de-transmission\/"]}]},{"@type":"BreadcrumbList","@id":"https:\/\/www.stagnoligears.com\/fr\/conception\/conception-et-gear-design-organes-de-transmission\/#breadcrumb","itemListElement":[{"@type":"ListItem","position":1,"name":"Home","item":"https:\/\/www.stagnoligears.com\/fr\/"},{"@type":"ListItem","position":2,"name":"Conception","item":"https:\/\/www.stagnoligears.com\/fr\/conception\/"},{"@type":"ListItem","position":3,"name":"Conception et gear design d\u2019organes de transmission"}]},{"@type":"WebSite","@id":"https:\/\/www.stagnoligears.com\/fr\/#website","url":"https:\/\/www.stagnoligears.com\/fr\/","name":"Stagnoli","description":"","publisher":{"@id":"https:\/\/www.stagnoligears.com\/fr\/#organization"},"potentialAction":[{"@type":"SearchAction","target":{"@type":"EntryPoint","urlTemplate":"https:\/\/www.stagnoligears.com\/fr\/?s={search_term_string}"},"query-input":{"@type":"PropertyValueSpecification","valueRequired":true,"valueName":"search_term_string"}}],"inLanguage":"fr-FR"},{"@type":"Organization","@id":"https:\/\/www.stagnoligears.com\/fr\/#organization","name":"Stagnoli Automation Solutions s.r.l.","url":"https:\/\/www.stagnoligears.com\/fr\/","logo":{"@type":"ImageObject","inLanguage":"fr-FR","@id":"https:\/\/www.stagnoligears.com\/fr\/#\/schema\/logo\/image\/","url":"https:\/\/www.stagnoligears.com\/fr\/wp-content\/uploads\/sites\/4\/logo.png","contentUrl":"https:\/\/www.stagnoligears.com\/fr\/wp-content\/uploads\/sites\/4\/logo.png","width":201,"height":87,"caption":"Stagnoli Automation Solutions s.r.l."},"image":{"@id":"https:\/\/www.stagnoligears.com\/fr\/#\/schema\/logo\/image\/"}}]}},"_links":{"self":[{"href":"https:\/\/www.stagnoligears.com\/fr\/wp-json\/wp\/v2\/pages\/521","targetHints":{"allow":["GET"]}}],"collection":[{"href":"https:\/\/www.stagnoligears.com\/fr\/wp-json\/wp\/v2\/pages"}],"about":[{"href":"https:\/\/www.stagnoligears.com\/fr\/wp-json\/wp\/v2\/types\/page"}],"author":[{"embeddable":true,"href":"https:\/\/www.stagnoligears.com\/fr\/wp-json\/wp\/v2\/users\/1"}],"replies":[{"embeddable":true,"href":"https:\/\/www.stagnoligears.com\/fr\/wp-json\/wp\/v2\/comments?post=521"}],"version-history":[{"count":22,"href":"https:\/\/www.stagnoligears.com\/fr\/wp-json\/wp\/v2\/pages\/521\/revisions"}],"predecessor-version":[{"id":15221,"href":"https:\/\/www.stagnoligears.com\/fr\/wp-json\/wp\/v2\/pages\/521\/revisions\/15221"}],"up":[{"embeddable":true,"href":"https:\/\/www.stagnoligears.com\/fr\/wp-json\/wp\/v2\/pages\/115"}],"wp:attachment":[{"href":"https:\/\/www.stagnoligears.com\/fr\/wp-json\/wp\/v2\/media?parent=521"}],"curies":[{"name":"wp","href":"https:\/\/api.w.org\/{rel}","templated":true}]}}