{"id":213,"date":"2018-05-09T16:30:11","date_gmt":"2018-05-09T14:30:11","guid":{"rendered":"http:\/\/www.stagnoligears.dexanet.biz\/?page_id=213"},"modified":"2022-03-30T15:19:19","modified_gmt":"2022-03-30T13:19:19","slug":"technopolymeres","status":"publish","type":"page","link":"https:\/\/www.stagnoligears.com\/fr\/technopolymeres\/","title":{"rendered":"Technopolym\u00e8res"},"content":{"rendered":"<h2>TECHNOPOLYM\u00c8RES<br \/>\nTRAIT\u00c9S<\/h2>\n<p>&nbsp;<\/p>\n<p>Nous avons fait l&rsquo;exp\u00e9rience dans la transformation de <strong>technopolym\u00e8res\/hyperpolym\u00e8res<\/strong>, aussi bien dans leurs variantes non charg\u00e9es qu\u2019avec une charge de fibre en carbone ou verre, avec additifs autolubrifiants (PTFE, silicones, etc.) et avec charges stabilisantes ou antiflamme.<\/p>\n<p>Nous collaborons constamment avec les <strong>leaders du march\u00e9 tels que, Sabic, DSM, DuPont, Victrex, BASF, Chimei, Sumitomo, Nilit, EVONIK, Mitsubishi<\/strong> et beaucoup d&rsquo;autres.<\/p>\n","protected":false},"excerpt":{"rendered":"<p>TECHNOPOLYM\u00c8RES TRAIT\u00c9S &nbsp; Nous avons fait l&rsquo;exp\u00e9rience dans la transformation de technopolym\u00e8res\/hyperpolym\u00e8res, aussi bien dans leurs variantes non charg\u00e9es qu\u2019avec une charge de fibre en carbone ou verre, avec additifs autolubrifiants (PTFE, silicones, etc.) et avec charges stabilisantes ou antiflamme. Nous collaborons constamment avec les leaders du march\u00e9 tels que, Sabic, DSM, DuPont, Victrex, BASF, &hellip; <a href=\"https:\/\/www.stagnoligears.com\/fr\/technopolymeres\/\">Continued<\/a><\/p>\n","protected":false},"author":1,"featured_media":215,"parent":0,"menu_order":0,"comment_status":"closed","ping_status":"closed","template":"template-tecnopolimero.php","meta":{"_acf_changed":false,"footnotes":""},"class_list":["post-213","page","type-page","status-publish","has-post-thumbnail","hentry"],"acf":[],"yoast_head":"<!-- This site is optimized with the Yoast SEO plugin v27.3 - https:\/\/yoast.com\/product\/yoast-seo-wordpress\/ -->\n<title>Qu&#039;est-ce qu&#039;un polym\u00e8re technique - Mat\u00e9riau thermoplastique pour la production d&#039;engrenages<\/title>\n<meta name=\"description\" content=\"D\u00e9couvrez les avantages et les opportunit\u00e9s de la production d&#039;engrenages et de pi\u00e8ces de transmission en technopolym\u00e8re : meilleure qualit\u00e9 et durabilit\u00e9, fonctionnement silencieux et absence de lubrification.\" \/>\n<meta name=\"robots\" content=\"index, follow, max-snippet:-1, max-image-preview:large, max-video-preview:-1\" \/>\n<link rel=\"canonical\" href=\"https:\/\/www.stagnoligears.com\/fr\/technopolymeres\/\" \/>\n<meta property=\"og:locale\" content=\"fr_FR\" \/>\n<meta property=\"og:type\" content=\"article\" \/>\n<meta property=\"og:title\" content=\"Qu&#039;est-ce qu&#039;un polym\u00e8re technique - Mat\u00e9riau thermoplastique pour la production d&#039;engrenages\" \/>\n<meta property=\"og:description\" content=\"D\u00e9couvrez les avantages et les opportunit\u00e9s de la production d&#039;engrenages et de pi\u00e8ces de transmission en technopolym\u00e8re : meilleure qualit\u00e9 et durabilit\u00e9, fonctionnement silencieux et absence de lubrification.\" \/>\n<meta property=\"og:url\" content=\"https:\/\/www.stagnoligears.com\/fr\/technopolymeres\/\" \/>\n<meta property=\"og:site_name\" content=\"Stagnoli\" \/>\n<meta property=\"article:modified_time\" content=\"2022-03-30T13:19:19+00:00\" \/>\n<meta property=\"og:image\" content=\"https:\/\/www.stagnoligears.com\/fr\/wp-content\/uploads\/sites\/4\/tecnopolimeri.jpg\" \/>\n\t<meta property=\"og:image:width\" content=\"1920\" \/>\n\t<meta property=\"og:image:height\" content=\"1080\" \/>\n\t<meta property=\"og:image:type\" content=\"image\/jpeg\" \/>\n<meta name=\"twitter:card\" content=\"summary_large_image\" \/>\n<script type=\"application\/ld+json\" class=\"yoast-schema-graph\">{\"@context\":\"https:\\\/\\\/schema.org\",\"@graph\":[{\"@type\":\"WebPage\",\"@id\":\"https:\\\/\\\/www.stagnoligears.com\\\/fr\\\/technopolymeres\\\/\",\"url\":\"https:\\\/\\\/www.stagnoligears.com\\\/fr\\\/technopolymeres\\\/\",\"name\":\"Qu'est-ce qu'un polym\u00e8re technique - Mat\u00e9riau thermoplastique pour la production d'engrenages\",\"isPartOf\":{\"@id\":\"https:\\\/\\\/www.stagnoligears.com\\\/fr\\\/#website\"},\"primaryImageOfPage\":{\"@id\":\"https:\\\/\\\/www.stagnoligears.com\\\/fr\\\/technopolymeres\\\/#primaryimage\"},\"image\":{\"@id\":\"https:\\\/\\\/www.stagnoligears.com\\\/fr\\\/technopolymeres\\\/#primaryimage\"},\"thumbnailUrl\":\"https:\\\/\\\/www.stagnoligears.com\\\/fr\\\/wp-content\\\/uploads\\\/sites\\\/4\\\/tecnopolimeri.jpg\",\"datePublished\":\"2018-05-09T14:30:11+00:00\",\"dateModified\":\"2022-03-30T13:19:19+00:00\",\"description\":\"D\u00e9couvrez les avantages et les opportunit\u00e9s de la production d'engrenages et de pi\u00e8ces de transmission en technopolym\u00e8re : meilleure qualit\u00e9 et durabilit\u00e9, fonctionnement silencieux et absence de lubrification.\",\"breadcrumb\":{\"@id\":\"https:\\\/\\\/www.stagnoligears.com\\\/fr\\\/technopolymeres\\\/#breadcrumb\"},\"inLanguage\":\"fr-FR\",\"potentialAction\":[{\"@type\":\"ReadAction\",\"target\":[\"https:\\\/\\\/www.stagnoligears.com\\\/fr\\\/technopolymeres\\\/\"]}]},{\"@type\":\"ImageObject\",\"inLanguage\":\"fr-FR\",\"@id\":\"https:\\\/\\\/www.stagnoligears.com\\\/fr\\\/technopolymeres\\\/#primaryimage\",\"url\":\"https:\\\/\\\/www.stagnoligears.com\\\/fr\\\/wp-content\\\/uploads\\\/sites\\\/4\\\/tecnopolimeri.jpg\",\"contentUrl\":\"https:\\\/\\\/www.stagnoligears.com\\\/fr\\\/wp-content\\\/uploads\\\/sites\\\/4\\\/tecnopolimeri.jpg\",\"width\":1920,\"height\":1080,\"caption\":\"tecnopolimero\"},{\"@type\":\"BreadcrumbList\",\"@id\":\"https:\\\/\\\/www.stagnoligears.com\\\/fr\\\/technopolymeres\\\/#breadcrumb\",\"itemListElement\":[{\"@type\":\"ListItem\",\"position\":1,\"name\":\"Home\",\"item\":\"https:\\\/\\\/www.stagnoligears.com\\\/fr\\\/\"},{\"@type\":\"ListItem\",\"position\":2,\"name\":\"Technopolym\u00e8res\"}]},{\"@type\":\"WebSite\",\"@id\":\"https:\\\/\\\/www.stagnoligears.com\\\/fr\\\/#website\",\"url\":\"https:\\\/\\\/www.stagnoligears.com\\\/fr\\\/\",\"name\":\"Stagnoli\",\"description\":\"\",\"publisher\":{\"@id\":\"https:\\\/\\\/www.stagnoligears.com\\\/fr\\\/#organization\"},\"potentialAction\":[{\"@type\":\"SearchAction\",\"target\":{\"@type\":\"EntryPoint\",\"urlTemplate\":\"https:\\\/\\\/www.stagnoligears.com\\\/fr\\\/?s={search_term_string}\"},\"query-input\":{\"@type\":\"PropertyValueSpecification\",\"valueRequired\":true,\"valueName\":\"search_term_string\"}}],\"inLanguage\":\"fr-FR\"},{\"@type\":\"Organization\",\"@id\":\"https:\\\/\\\/www.stagnoligears.com\\\/fr\\\/#organization\",\"name\":\"Stagnoli Automation Solutions s.r.l.\",\"url\":\"https:\\\/\\\/www.stagnoligears.com\\\/fr\\\/\",\"logo\":{\"@type\":\"ImageObject\",\"inLanguage\":\"fr-FR\",\"@id\":\"https:\\\/\\\/www.stagnoligears.com\\\/fr\\\/#\\\/schema\\\/logo\\\/image\\\/\",\"url\":\"https:\\\/\\\/www.stagnoligears.com\\\/fr\\\/wp-content\\\/uploads\\\/sites\\\/4\\\/logo.png\",\"contentUrl\":\"https:\\\/\\\/www.stagnoligears.com\\\/fr\\\/wp-content\\\/uploads\\\/sites\\\/4\\\/logo.png\",\"width\":201,\"height\":87,\"caption\":\"Stagnoli Automation Solutions s.r.l.\"},\"image\":{\"@id\":\"https:\\\/\\\/www.stagnoligears.com\\\/fr\\\/#\\\/schema\\\/logo\\\/image\\\/\"}}]}<\/script>\n<!-- \/ Yoast SEO plugin. -->","yoast_head_json":{"title":"Qu'est-ce qu'un polym\u00e8re technique - Mat\u00e9riau thermoplastique pour la production d'engrenages","description":"D\u00e9couvrez les avantages et les opportunit\u00e9s de la production d'engrenages et de pi\u00e8ces de transmission en technopolym\u00e8re : meilleure qualit\u00e9 et durabilit\u00e9, fonctionnement silencieux et absence de lubrification.","robots":{"index":"index","follow":"follow","max-snippet":"max-snippet:-1","max-image-preview":"max-image-preview:large","max-video-preview":"max-video-preview:-1"},"canonical":"https:\/\/www.stagnoligears.com\/fr\/technopolymeres\/","og_locale":"fr_FR","og_type":"article","og_title":"Qu'est-ce qu'un polym\u00e8re technique - Mat\u00e9riau thermoplastique pour la production d'engrenages","og_description":"D\u00e9couvrez les avantages et les opportunit\u00e9s de la production d'engrenages et de pi\u00e8ces de transmission en technopolym\u00e8re : meilleure qualit\u00e9 et durabilit\u00e9, fonctionnement silencieux et absence de lubrification.","og_url":"https:\/\/www.stagnoligears.com\/fr\/technopolymeres\/","og_site_name":"Stagnoli","article_modified_time":"2022-03-30T13:19:19+00:00","og_image":[{"width":1920,"height":1080,"url":"https:\/\/www.stagnoligears.com\/fr\/wp-content\/uploads\/sites\/4\/tecnopolimeri.jpg","type":"image\/jpeg"}],"twitter_card":"summary_large_image","schema":{"@context":"https:\/\/schema.org","@graph":[{"@type":"WebPage","@id":"https:\/\/www.stagnoligears.com\/fr\/technopolymeres\/","url":"https:\/\/www.stagnoligears.com\/fr\/technopolymeres\/","name":"Qu'est-ce qu'un polym\u00e8re technique - Mat\u00e9riau thermoplastique pour la production d'engrenages","isPartOf":{"@id":"https:\/\/www.stagnoligears.com\/fr\/#website"},"primaryImageOfPage":{"@id":"https:\/\/www.stagnoligears.com\/fr\/technopolymeres\/#primaryimage"},"image":{"@id":"https:\/\/www.stagnoligears.com\/fr\/technopolymeres\/#primaryimage"},"thumbnailUrl":"https:\/\/www.stagnoligears.com\/fr\/wp-content\/uploads\/sites\/4\/tecnopolimeri.jpg","datePublished":"2018-05-09T14:30:11+00:00","dateModified":"2022-03-30T13:19:19+00:00","description":"D\u00e9couvrez les avantages et les opportunit\u00e9s de la production d'engrenages et de pi\u00e8ces de transmission en technopolym\u00e8re : meilleure qualit\u00e9 et durabilit\u00e9, fonctionnement silencieux et absence de lubrification.","breadcrumb":{"@id":"https:\/\/www.stagnoligears.com\/fr\/technopolymeres\/#breadcrumb"},"inLanguage":"fr-FR","potentialAction":[{"@type":"ReadAction","target":["https:\/\/www.stagnoligears.com\/fr\/technopolymeres\/"]}]},{"@type":"ImageObject","inLanguage":"fr-FR","@id":"https:\/\/www.stagnoligears.com\/fr\/technopolymeres\/#primaryimage","url":"https:\/\/www.stagnoligears.com\/fr\/wp-content\/uploads\/sites\/4\/tecnopolimeri.jpg","contentUrl":"https:\/\/www.stagnoligears.com\/fr\/wp-content\/uploads\/sites\/4\/tecnopolimeri.jpg","width":1920,"height":1080,"caption":"tecnopolimero"},{"@type":"BreadcrumbList","@id":"https:\/\/www.stagnoligears.com\/fr\/technopolymeres\/#breadcrumb","itemListElement":[{"@type":"ListItem","position":1,"name":"Home","item":"https:\/\/www.stagnoligears.com\/fr\/"},{"@type":"ListItem","position":2,"name":"Technopolym\u00e8res"}]},{"@type":"WebSite","@id":"https:\/\/www.stagnoligears.com\/fr\/#website","url":"https:\/\/www.stagnoligears.com\/fr\/","name":"Stagnoli","description":"","publisher":{"@id":"https:\/\/www.stagnoligears.com\/fr\/#organization"},"potentialAction":[{"@type":"SearchAction","target":{"@type":"EntryPoint","urlTemplate":"https:\/\/www.stagnoligears.com\/fr\/?s={search_term_string}"},"query-input":{"@type":"PropertyValueSpecification","valueRequired":true,"valueName":"search_term_string"}}],"inLanguage":"fr-FR"},{"@type":"Organization","@id":"https:\/\/www.stagnoligears.com\/fr\/#organization","name":"Stagnoli Automation Solutions s.r.l.","url":"https:\/\/www.stagnoligears.com\/fr\/","logo":{"@type":"ImageObject","inLanguage":"fr-FR","@id":"https:\/\/www.stagnoligears.com\/fr\/#\/schema\/logo\/image\/","url":"https:\/\/www.stagnoligears.com\/fr\/wp-content\/uploads\/sites\/4\/logo.png","contentUrl":"https:\/\/www.stagnoligears.com\/fr\/wp-content\/uploads\/sites\/4\/logo.png","width":201,"height":87,"caption":"Stagnoli Automation Solutions s.r.l."},"image":{"@id":"https:\/\/www.stagnoligears.com\/fr\/#\/schema\/logo\/image\/"}}]}},"_links":{"self":[{"href":"https:\/\/www.stagnoligears.com\/fr\/wp-json\/wp\/v2\/pages\/213","targetHints":{"allow":["GET"]}}],"collection":[{"href":"https:\/\/www.stagnoligears.com\/fr\/wp-json\/wp\/v2\/pages"}],"about":[{"href":"https:\/\/www.stagnoligears.com\/fr\/wp-json\/wp\/v2\/types\/page"}],"author":[{"embeddable":true,"href":"https:\/\/www.stagnoligears.com\/fr\/wp-json\/wp\/v2\/users\/1"}],"replies":[{"embeddable":true,"href":"https:\/\/www.stagnoligears.com\/fr\/wp-json\/wp\/v2\/comments?post=213"}],"version-history":[{"count":29,"href":"https:\/\/www.stagnoligears.com\/fr\/wp-json\/wp\/v2\/pages\/213\/revisions"}],"predecessor-version":[{"id":943,"href":"https:\/\/www.stagnoligears.com\/fr\/wp-json\/wp\/v2\/pages\/213\/revisions\/943"}],"wp:featuredmedia":[{"embeddable":true,"href":"https:\/\/www.stagnoligears.com\/fr\/wp-json\/wp\/v2\/media\/215"}],"wp:attachment":[{"href":"https:\/\/www.stagnoligears.com\/fr\/wp-json\/wp\/v2\/media?parent=213"}],"curies":[{"name":"wp","href":"https:\/\/api.w.org\/{rel}","templated":true}]}}