{"id":177,"date":"2018-05-08T18:03:35","date_gmt":"2018-05-08T16:03:35","guid":{"rendered":"http:\/\/www.stagnoligears.dexanet.biz\/?page_id=177"},"modified":"2025-10-14T14:49:25","modified_gmt":"2025-10-14T12:49:25","slug":"qualite","status":"publish","type":"page","link":"https:\/\/www.stagnoligears.com\/fr\/qualite\/","title":{"rendered":"Qualit\u00e9"},"content":{"rendered":"<h2>CERTIFICATION <span class=\"verde\">ISO9001<\/span><\/h2>\n<p>&nbsp;<\/p>\n<p>Depuis 2016, nous sommes certifi\u00e9s <strong>ISO 9001<\/strong>, la norme choisie par toutes les organisations qui souhaitent se doter d\u2019un outil de travail visant \u00e0 l\u2019<strong>am\u00e9lioration continue et constante<\/strong>, qui veulent augmenter leur efficacit\u00e9, r\u00e9duire les co\u00fbts et augmenter la fid\u00e9lisation de la client\u00e8le.<\/p>\n<p>Une entreprise avec un syst\u00e8me qualit\u00e9 certifi\u00e9 ISO 9001 est une entreprise qui offre la <strong>garantie d\u2019une structure solide<\/strong>, \u00e9valu\u00e9e par un organisme au-dessus des parties, organis\u00e9e <strong>de mani\u00e8re \u00e0 contr\u00f4ler tous les aspects de son activit\u00e9<\/strong> et \u00e0 garantir la reproductibilit\u00e9 des performances et donc le maintien mais aussi l\u2019am\u00e9lioration continue des normes de qualit\u00e9 fournies.<\/p>\n<p>&nbsp;<\/p>\n<h2>CERTIFICATION <span class=\"verde\">IATF16949<\/span><\/h2>\n<p>&nbsp;<\/p>\n<p>Depuis 2022, nous sommes certifi\u00e9s <strong>IATF 16949<\/strong>. La certification sp\u00e9cifie les exigences d\u2019un <strong>syst\u00e8me de gestion de la qualit\u00e9 pour la production automobile<\/strong>.<\/p>\n<p>Les exigences IATF 16949 comprennent les aspects cl\u00e9s suivants :<\/p>\n<ul>\n<li>S\u00e9curit\u00e9 des produits<\/li>\n<li>Gestion des risques et plan d\u2019urgence<\/li>\n<li>Exigences pour les logiciels incorpor\u00e9s<\/li>\n<li>Gestion des changements et de la garantie<\/li>\n<li>Gestion des fournisseurs secondaires<\/li>\n<\/ul>\n<p>Nous suivons une proc\u00e9dure interne de <strong>contr\u00f4le qualit\u00e9 pendant et apr\u00e8s le processus<\/strong> et, pour des articles particuliers, nous avons \u00e9labor\u00e9 des proc\u00e9dures d\u00e9di\u00e9es dans lesquelles, en plus des contr\u00f4les, des essais destructifs sont effectu\u00e9s.<\/p>\n","protected":false},"excerpt":{"rendered":"<p>CERTIFICATION ISO9001 &nbsp; Depuis 2016, nous sommes certifi\u00e9s ISO 9001, la norme choisie par toutes les organisations qui souhaitent se doter d\u2019un outil de travail visant \u00e0 l\u2019am\u00e9lioration continue et constante, qui veulent augmenter leur efficacit\u00e9, r\u00e9duire les co\u00fbts et augmenter la fid\u00e9lisation de la client\u00e8le. Une entreprise avec un syst\u00e8me qualit\u00e9 certifi\u00e9 ISO 9001 &hellip; <a href=\"https:\/\/www.stagnoligears.com\/fr\/qualite\/\">Continued<\/a><\/p>\n","protected":false},"author":1,"featured_media":178,"parent":0,"menu_order":0,"comment_status":"closed","ping_status":"closed","template":"template-qualita.php","meta":{"_acf_changed":false,"footnotes":""},"class_list":["post-177","page","type-page","status-publish","has-post-thumbnail","hentry"],"acf":[],"yoast_head":"<!-- This site is optimized with the Yoast SEO plugin v27.4 - https:\/\/yoast.com\/product\/yoast-seo-wordpress\/ -->\n<title>Pi\u00e8ces de transmission de qualit\u00e9 - Conception et emboutissage fabriqu\u00e9s en Italie<\/title>\n<meta name=\"description\" content=\"Organes de transmission de qualit\u00e9, sp\u00e9cialistes de la transformation des mat\u00e9riaux thermoplastiques pour la fabrication d&#039;engrenages et d&#039;organes de transmission en technopolym\u00e8re.\" \/>\n<meta name=\"robots\" content=\"index, follow, max-snippet:-1, max-image-preview:large, max-video-preview:-1\" \/>\n<link rel=\"canonical\" href=\"https:\/\/www.stagnoligears.com\/fr\/qualite\/\" \/>\n<meta property=\"og:locale\" content=\"fr_FR\" \/>\n<meta property=\"og:type\" content=\"article\" \/>\n<meta property=\"og:title\" content=\"Pi\u00e8ces de transmission de qualit\u00e9 - Conception et emboutissage fabriqu\u00e9s en Italie\" \/>\n<meta property=\"og:description\" content=\"Organes de transmission de qualit\u00e9, sp\u00e9cialistes de la transformation des mat\u00e9riaux thermoplastiques pour la fabrication d&#039;engrenages et d&#039;organes de transmission en technopolym\u00e8re.\" \/>\n<meta property=\"og:url\" content=\"https:\/\/www.stagnoligears.com\/fr\/qualite\/\" \/>\n<meta property=\"og:site_name\" content=\"Stagnoli\" \/>\n<meta property=\"article:modified_time\" content=\"2025-10-14T12:49:25+00:00\" \/>\n<meta property=\"og:image\" content=\"https:\/\/www.stagnoligears.com\/fr\/wp-content\/uploads\/sites\/4\/ruote-dentate-in-tecnopolimeri.jpg\" \/>\n\t<meta property=\"og:image:width\" content=\"1920\" \/>\n\t<meta property=\"og:image:height\" content=\"1080\" \/>\n\t<meta property=\"og:image:type\" content=\"image\/jpeg\" \/>\n<meta name=\"twitter:card\" content=\"summary_large_image\" \/>\n<meta name=\"twitter:label1\" content=\"Dur\u00e9e de lecture estim\u00e9e\" \/>\n\t<meta name=\"twitter:data1\" content=\"2 minutes\" \/>\n<script type=\"application\/ld+json\" class=\"yoast-schema-graph\">{\"@context\":\"https:\\\/\\\/schema.org\",\"@graph\":[{\"@type\":\"WebPage\",\"@id\":\"https:\\\/\\\/www.stagnoligears.com\\\/fr\\\/qualite\\\/\",\"url\":\"https:\\\/\\\/www.stagnoligears.com\\\/fr\\\/qualite\\\/\",\"name\":\"Pi\u00e8ces de transmission de qualit\u00e9 - Conception et emboutissage fabriqu\u00e9s en Italie\",\"isPartOf\":{\"@id\":\"https:\\\/\\\/www.stagnoligears.com\\\/fr\\\/#website\"},\"primaryImageOfPage\":{\"@id\":\"https:\\\/\\\/www.stagnoligears.com\\\/fr\\\/qualite\\\/#primaryimage\"},\"image\":{\"@id\":\"https:\\\/\\\/www.stagnoligears.com\\\/fr\\\/qualite\\\/#primaryimage\"},\"thumbnailUrl\":\"https:\\\/\\\/www.stagnoligears.com\\\/fr\\\/wp-content\\\/uploads\\\/sites\\\/4\\\/ruote-dentate-in-tecnopolimeri.jpg\",\"datePublished\":\"2018-05-08T16:03:35+00:00\",\"dateModified\":\"2025-10-14T12:49:25+00:00\",\"description\":\"Organes de transmission de qualit\u00e9, sp\u00e9cialistes de la transformation des mat\u00e9riaux thermoplastiques pour la fabrication d'engrenages et d'organes de transmission en technopolym\u00e8re.\",\"breadcrumb\":{\"@id\":\"https:\\\/\\\/www.stagnoligears.com\\\/fr\\\/qualite\\\/#breadcrumb\"},\"inLanguage\":\"fr-FR\",\"potentialAction\":[{\"@type\":\"ReadAction\",\"target\":[\"https:\\\/\\\/www.stagnoligears.com\\\/fr\\\/qualite\\\/\"]}]},{\"@type\":\"ImageObject\",\"inLanguage\":\"fr-FR\",\"@id\":\"https:\\\/\\\/www.stagnoligears.com\\\/fr\\\/qualite\\\/#primaryimage\",\"url\":\"https:\\\/\\\/www.stagnoligears.com\\\/fr\\\/wp-content\\\/uploads\\\/sites\\\/4\\\/ruote-dentate-in-tecnopolimeri.jpg\",\"contentUrl\":\"https:\\\/\\\/www.stagnoligears.com\\\/fr\\\/wp-content\\\/uploads\\\/sites\\\/4\\\/ruote-dentate-in-tecnopolimeri.jpg\",\"width\":1920,\"height\":1080},{\"@type\":\"BreadcrumbList\",\"@id\":\"https:\\\/\\\/www.stagnoligears.com\\\/fr\\\/qualite\\\/#breadcrumb\",\"itemListElement\":[{\"@type\":\"ListItem\",\"position\":1,\"name\":\"Home\",\"item\":\"https:\\\/\\\/www.stagnoligears.com\\\/fr\\\/\"},{\"@type\":\"ListItem\",\"position\":2,\"name\":\"Qualit\u00e9\"}]},{\"@type\":\"WebSite\",\"@id\":\"https:\\\/\\\/www.stagnoligears.com\\\/fr\\\/#website\",\"url\":\"https:\\\/\\\/www.stagnoligears.com\\\/fr\\\/\",\"name\":\"Stagnoli\",\"description\":\"\",\"publisher\":{\"@id\":\"https:\\\/\\\/www.stagnoligears.com\\\/fr\\\/#organization\"},\"potentialAction\":[{\"@type\":\"SearchAction\",\"target\":{\"@type\":\"EntryPoint\",\"urlTemplate\":\"https:\\\/\\\/www.stagnoligears.com\\\/fr\\\/?s={search_term_string}\"},\"query-input\":{\"@type\":\"PropertyValueSpecification\",\"valueRequired\":true,\"valueName\":\"search_term_string\"}}],\"inLanguage\":\"fr-FR\"},{\"@type\":\"Organization\",\"@id\":\"https:\\\/\\\/www.stagnoligears.com\\\/fr\\\/#organization\",\"name\":\"Stagnoli Automation Solutions s.r.l.\",\"url\":\"https:\\\/\\\/www.stagnoligears.com\\\/fr\\\/\",\"logo\":{\"@type\":\"ImageObject\",\"inLanguage\":\"fr-FR\",\"@id\":\"https:\\\/\\\/www.stagnoligears.com\\\/fr\\\/#\\\/schema\\\/logo\\\/image\\\/\",\"url\":\"https:\\\/\\\/www.stagnoligears.com\\\/fr\\\/wp-content\\\/uploads\\\/sites\\\/4\\\/logo.png\",\"contentUrl\":\"https:\\\/\\\/www.stagnoligears.com\\\/fr\\\/wp-content\\\/uploads\\\/sites\\\/4\\\/logo.png\",\"width\":201,\"height\":87,\"caption\":\"Stagnoli Automation Solutions s.r.l.\"},\"image\":{\"@id\":\"https:\\\/\\\/www.stagnoligears.com\\\/fr\\\/#\\\/schema\\\/logo\\\/image\\\/\"}}]}<\/script>\n<!-- \/ Yoast SEO plugin. -->","yoast_head_json":{"title":"Pi\u00e8ces de transmission de qualit\u00e9 - Conception et emboutissage fabriqu\u00e9s en Italie","description":"Organes de transmission de qualit\u00e9, sp\u00e9cialistes de la transformation des mat\u00e9riaux thermoplastiques pour la fabrication d'engrenages et d'organes de transmission en technopolym\u00e8re.","robots":{"index":"index","follow":"follow","max-snippet":"max-snippet:-1","max-image-preview":"max-image-preview:large","max-video-preview":"max-video-preview:-1"},"canonical":"https:\/\/www.stagnoligears.com\/fr\/qualite\/","og_locale":"fr_FR","og_type":"article","og_title":"Pi\u00e8ces de transmission de qualit\u00e9 - Conception et emboutissage fabriqu\u00e9s en Italie","og_description":"Organes de transmission de qualit\u00e9, sp\u00e9cialistes de la transformation des mat\u00e9riaux thermoplastiques pour la fabrication d'engrenages et d'organes de transmission en technopolym\u00e8re.","og_url":"https:\/\/www.stagnoligears.com\/fr\/qualite\/","og_site_name":"Stagnoli","article_modified_time":"2025-10-14T12:49:25+00:00","og_image":[{"width":1920,"height":1080,"url":"https:\/\/www.stagnoligears.com\/fr\/wp-content\/uploads\/sites\/4\/ruote-dentate-in-tecnopolimeri.jpg","type":"image\/jpeg"}],"twitter_card":"summary_large_image","twitter_misc":{"Dur\u00e9e de lecture estim\u00e9e":"2 minutes"},"schema":{"@context":"https:\/\/schema.org","@graph":[{"@type":"WebPage","@id":"https:\/\/www.stagnoligears.com\/fr\/qualite\/","url":"https:\/\/www.stagnoligears.com\/fr\/qualite\/","name":"Pi\u00e8ces de transmission de qualit\u00e9 - Conception et emboutissage fabriqu\u00e9s en Italie","isPartOf":{"@id":"https:\/\/www.stagnoligears.com\/fr\/#website"},"primaryImageOfPage":{"@id":"https:\/\/www.stagnoligears.com\/fr\/qualite\/#primaryimage"},"image":{"@id":"https:\/\/www.stagnoligears.com\/fr\/qualite\/#primaryimage"},"thumbnailUrl":"https:\/\/www.stagnoligears.com\/fr\/wp-content\/uploads\/sites\/4\/ruote-dentate-in-tecnopolimeri.jpg","datePublished":"2018-05-08T16:03:35+00:00","dateModified":"2025-10-14T12:49:25+00:00","description":"Organes de transmission de qualit\u00e9, sp\u00e9cialistes de la transformation des mat\u00e9riaux thermoplastiques pour la fabrication d'engrenages et d'organes de transmission en technopolym\u00e8re.","breadcrumb":{"@id":"https:\/\/www.stagnoligears.com\/fr\/qualite\/#breadcrumb"},"inLanguage":"fr-FR","potentialAction":[{"@type":"ReadAction","target":["https:\/\/www.stagnoligears.com\/fr\/qualite\/"]}]},{"@type":"ImageObject","inLanguage":"fr-FR","@id":"https:\/\/www.stagnoligears.com\/fr\/qualite\/#primaryimage","url":"https:\/\/www.stagnoligears.com\/fr\/wp-content\/uploads\/sites\/4\/ruote-dentate-in-tecnopolimeri.jpg","contentUrl":"https:\/\/www.stagnoligears.com\/fr\/wp-content\/uploads\/sites\/4\/ruote-dentate-in-tecnopolimeri.jpg","width":1920,"height":1080},{"@type":"BreadcrumbList","@id":"https:\/\/www.stagnoligears.com\/fr\/qualite\/#breadcrumb","itemListElement":[{"@type":"ListItem","position":1,"name":"Home","item":"https:\/\/www.stagnoligears.com\/fr\/"},{"@type":"ListItem","position":2,"name":"Qualit\u00e9"}]},{"@type":"WebSite","@id":"https:\/\/www.stagnoligears.com\/fr\/#website","url":"https:\/\/www.stagnoligears.com\/fr\/","name":"Stagnoli","description":"","publisher":{"@id":"https:\/\/www.stagnoligears.com\/fr\/#organization"},"potentialAction":[{"@type":"SearchAction","target":{"@type":"EntryPoint","urlTemplate":"https:\/\/www.stagnoligears.com\/fr\/?s={search_term_string}"},"query-input":{"@type":"PropertyValueSpecification","valueRequired":true,"valueName":"search_term_string"}}],"inLanguage":"fr-FR"},{"@type":"Organization","@id":"https:\/\/www.stagnoligears.com\/fr\/#organization","name":"Stagnoli Automation Solutions s.r.l.","url":"https:\/\/www.stagnoligears.com\/fr\/","logo":{"@type":"ImageObject","inLanguage":"fr-FR","@id":"https:\/\/www.stagnoligears.com\/fr\/#\/schema\/logo\/image\/","url":"https:\/\/www.stagnoligears.com\/fr\/wp-content\/uploads\/sites\/4\/logo.png","contentUrl":"https:\/\/www.stagnoligears.com\/fr\/wp-content\/uploads\/sites\/4\/logo.png","width":201,"height":87,"caption":"Stagnoli Automation Solutions s.r.l."},"image":{"@id":"https:\/\/www.stagnoligears.com\/fr\/#\/schema\/logo\/image\/"}}]}},"_links":{"self":[{"href":"https:\/\/www.stagnoligears.com\/fr\/wp-json\/wp\/v2\/pages\/177","targetHints":{"allow":["GET"]}}],"collection":[{"href":"https:\/\/www.stagnoligears.com\/fr\/wp-json\/wp\/v2\/pages"}],"about":[{"href":"https:\/\/www.stagnoligears.com\/fr\/wp-json\/wp\/v2\/types\/page"}],"author":[{"embeddable":true,"href":"https:\/\/www.stagnoligears.com\/fr\/wp-json\/wp\/v2\/users\/1"}],"replies":[{"embeddable":true,"href":"https:\/\/www.stagnoligears.com\/fr\/wp-json\/wp\/v2\/comments?post=177"}],"version-history":[{"count":38,"href":"https:\/\/www.stagnoligears.com\/fr\/wp-json\/wp\/v2\/pages\/177\/revisions"}],"predecessor-version":[{"id":15465,"href":"https:\/\/www.stagnoligears.com\/fr\/wp-json\/wp\/v2\/pages\/177\/revisions\/15465"}],"wp:featuredmedia":[{"embeddable":true,"href":"https:\/\/www.stagnoligears.com\/fr\/wp-json\/wp\/v2\/media\/178"}],"wp:attachment":[{"href":"https:\/\/www.stagnoligears.com\/fr\/wp-json\/wp\/v2\/media?parent=177"}],"curies":[{"name":"wp","href":"https:\/\/api.w.org\/{rel}","templated":true}]}}