{"id":158,"date":"2018-05-08T17:21:41","date_gmt":"2018-05-08T15:21:41","guid":{"rendered":"http:\/\/www.stagnoligears.dexanet.biz\/?page_id=158"},"modified":"2025-06-05T12:42:11","modified_gmt":"2025-06-05T10:42:11","slug":"moulage","status":"publish","type":"page","link":"https:\/\/www.stagnoligears.com\/fr\/moulage\/","title":{"rendered":"Moulage"},"content":{"rendered":"<h2>QUALIT\u00c9, INNOVATION<br \/>\nET PRODUCTION<\/h2>\n<p>Tous les produits sont r\u00e9alis\u00e9s aupr\u00e8s de notre si\u00e8ge \u00e0 Lonato del Garda. La pr\u00e9cision et le temps d\u2019ex\u00e9cution sont garantis par un vaste parc de machines pour le <strong>moulage de mat\u00e9riaux thermoplastiques<\/strong> compos\u00e9 de 17 presses, dont 3 sont automatis\u00e9es par des robots.<\/p>\n<p>Chaque an notre si\u00e8ge de Lonato del Garda vante la <strong>production et le moulage<\/strong> de plus de 10 millions <strong>d&rsquo;engrenages<\/strong> avec un grammage que part de 0,1 g \u00e0 1,5 kg, par exemple:<\/p>\n<p>&nbsp;<\/p>\n","protected":false},"excerpt":{"rendered":"<p>QUALIT\u00c9, INNOVATION ET PRODUCTION Tous les produits sont r\u00e9alis\u00e9s aupr\u00e8s de notre si\u00e8ge \u00e0 Lonato del Garda. La pr\u00e9cision et le temps d\u2019ex\u00e9cution sont garantis par un vaste parc de machines pour le moulage de mat\u00e9riaux thermoplastiques compos\u00e9 de 17 presses, dont 3 sont automatis\u00e9es par des robots. Chaque an notre si\u00e8ge de Lonato del &hellip; <a href=\"https:\/\/www.stagnoligears.com\/fr\/moulage\/\">Continued<\/a><\/p>\n","protected":false},"author":1,"featured_media":14434,"parent":0,"menu_order":0,"comment_status":"closed","ping_status":"closed","template":"template-produzione.php","meta":{"_acf_changed":false,"footnotes":""},"class_list":["post-158","page","type-page","status-publish","has-post-thumbnail","hentry"],"acf":[],"yoast_head":"<!-- This site is optimized with the Yoast SEO plugin v27.3 - https:\/\/yoast.com\/product\/yoast-seo-wordpress\/ -->\n<title>Production et moulage d&#039;engrenages - Moulage d&#039;engrenages en technopolym\u00e8re<\/title>\n<meta name=\"description\" content=\"Conception, production et moulage d&#039;engrenages et de pi\u00e8ces de transmission en thermoplastique. Engrenages sur mesure ou en format standard de qualit\u00e9 et fabriqu\u00e9s en Italie, pour tous les secteurs de production.\" \/>\n<meta name=\"robots\" content=\"index, follow, max-snippet:-1, max-image-preview:large, max-video-preview:-1\" \/>\n<link rel=\"canonical\" href=\"https:\/\/www.stagnoligears.com\/fr\/moulage\/\" \/>\n<meta property=\"og:locale\" content=\"fr_FR\" \/>\n<meta property=\"og:type\" content=\"article\" \/>\n<meta property=\"og:title\" content=\"Production et moulage d&#039;engrenages - Moulage d&#039;engrenages en technopolym\u00e8re\" \/>\n<meta property=\"og:description\" content=\"Conception, production et moulage d&#039;engrenages et de pi\u00e8ces de transmission en thermoplastique. Engrenages sur mesure ou en format standard de qualit\u00e9 et fabriqu\u00e9s en Italie, pour tous les secteurs de production.\" \/>\n<meta property=\"og:url\" content=\"https:\/\/www.stagnoligears.com\/fr\/moulage\/\" \/>\n<meta property=\"og:site_name\" content=\"Stagnoli\" \/>\n<meta property=\"article:modified_time\" content=\"2025-06-05T10:42:11+00:00\" \/>\n<meta property=\"og:image\" content=\"https:\/\/www.stagnoligears.com\/fr\/wp-content\/uploads\/sites\/4\/stampaggio-ingranaggi-1.jpg\" \/>\n\t<meta property=\"og:image:width\" content=\"1920\" \/>\n\t<meta property=\"og:image:height\" content=\"1280\" \/>\n\t<meta property=\"og:image:type\" content=\"image\/jpeg\" \/>\n<meta name=\"twitter:card\" content=\"summary_large_image\" \/>\n<meta name=\"twitter:label1\" content=\"Dur\u00e9e de lecture estim\u00e9e\" \/>\n\t<meta name=\"twitter:data1\" content=\"1 minute\" \/>\n<script type=\"application\/ld+json\" class=\"yoast-schema-graph\">{\"@context\":\"https:\\\/\\\/schema.org\",\"@graph\":[{\"@type\":\"WebPage\",\"@id\":\"https:\\\/\\\/www.stagnoligears.com\\\/fr\\\/moulage\\\/\",\"url\":\"https:\\\/\\\/www.stagnoligears.com\\\/fr\\\/moulage\\\/\",\"name\":\"Production et moulage d'engrenages - Moulage d'engrenages en technopolym\u00e8re\",\"isPartOf\":{\"@id\":\"https:\\\/\\\/www.stagnoligears.com\\\/fr\\\/#website\"},\"primaryImageOfPage\":{\"@id\":\"https:\\\/\\\/www.stagnoligears.com\\\/fr\\\/moulage\\\/#primaryimage\"},\"image\":{\"@id\":\"https:\\\/\\\/www.stagnoligears.com\\\/fr\\\/moulage\\\/#primaryimage\"},\"thumbnailUrl\":\"https:\\\/\\\/www.stagnoligears.com\\\/fr\\\/wp-content\\\/uploads\\\/sites\\\/4\\\/stampaggio-ingranaggi-1.jpg\",\"datePublished\":\"2018-05-08T15:21:41+00:00\",\"dateModified\":\"2025-06-05T10:42:11+00:00\",\"description\":\"Conception, production et moulage d'engrenages et de pi\u00e8ces de transmission en thermoplastique. Engrenages sur mesure ou en format standard de qualit\u00e9 et fabriqu\u00e9s en Italie, pour tous les secteurs de production.\",\"breadcrumb\":{\"@id\":\"https:\\\/\\\/www.stagnoligears.com\\\/fr\\\/moulage\\\/#breadcrumb\"},\"inLanguage\":\"fr-FR\",\"potentialAction\":[{\"@type\":\"ReadAction\",\"target\":[\"https:\\\/\\\/www.stagnoligears.com\\\/fr\\\/moulage\\\/\"]}]},{\"@type\":\"ImageObject\",\"inLanguage\":\"fr-FR\",\"@id\":\"https:\\\/\\\/www.stagnoligears.com\\\/fr\\\/moulage\\\/#primaryimage\",\"url\":\"https:\\\/\\\/www.stagnoligears.com\\\/fr\\\/wp-content\\\/uploads\\\/sites\\\/4\\\/stampaggio-ingranaggi-1.jpg\",\"contentUrl\":\"https:\\\/\\\/www.stagnoligears.com\\\/fr\\\/wp-content\\\/uploads\\\/sites\\\/4\\\/stampaggio-ingranaggi-1.jpg\",\"width\":1920,\"height\":1280},{\"@type\":\"BreadcrumbList\",\"@id\":\"https:\\\/\\\/www.stagnoligears.com\\\/fr\\\/moulage\\\/#breadcrumb\",\"itemListElement\":[{\"@type\":\"ListItem\",\"position\":1,\"name\":\"Home\",\"item\":\"https:\\\/\\\/www.stagnoligears.com\\\/fr\\\/\"},{\"@type\":\"ListItem\",\"position\":2,\"name\":\"Moulage\"}]},{\"@type\":\"WebSite\",\"@id\":\"https:\\\/\\\/www.stagnoligears.com\\\/fr\\\/#website\",\"url\":\"https:\\\/\\\/www.stagnoligears.com\\\/fr\\\/\",\"name\":\"Stagnoli\",\"description\":\"\",\"publisher\":{\"@id\":\"https:\\\/\\\/www.stagnoligears.com\\\/fr\\\/#organization\"},\"potentialAction\":[{\"@type\":\"SearchAction\",\"target\":{\"@type\":\"EntryPoint\",\"urlTemplate\":\"https:\\\/\\\/www.stagnoligears.com\\\/fr\\\/?s={search_term_string}\"},\"query-input\":{\"@type\":\"PropertyValueSpecification\",\"valueRequired\":true,\"valueName\":\"search_term_string\"}}],\"inLanguage\":\"fr-FR\"},{\"@type\":\"Organization\",\"@id\":\"https:\\\/\\\/www.stagnoligears.com\\\/fr\\\/#organization\",\"name\":\"Stagnoli Automation Solutions s.r.l.\",\"url\":\"https:\\\/\\\/www.stagnoligears.com\\\/fr\\\/\",\"logo\":{\"@type\":\"ImageObject\",\"inLanguage\":\"fr-FR\",\"@id\":\"https:\\\/\\\/www.stagnoligears.com\\\/fr\\\/#\\\/schema\\\/logo\\\/image\\\/\",\"url\":\"https:\\\/\\\/www.stagnoligears.com\\\/fr\\\/wp-content\\\/uploads\\\/sites\\\/4\\\/logo.png\",\"contentUrl\":\"https:\\\/\\\/www.stagnoligears.com\\\/fr\\\/wp-content\\\/uploads\\\/sites\\\/4\\\/logo.png\",\"width\":201,\"height\":87,\"caption\":\"Stagnoli Automation Solutions s.r.l.\"},\"image\":{\"@id\":\"https:\\\/\\\/www.stagnoligears.com\\\/fr\\\/#\\\/schema\\\/logo\\\/image\\\/\"}}]}<\/script>\n<!-- \/ Yoast SEO plugin. -->","yoast_head_json":{"title":"Production et moulage d'engrenages - Moulage d'engrenages en technopolym\u00e8re","description":"Conception, production et moulage d'engrenages et de pi\u00e8ces de transmission en thermoplastique. Engrenages sur mesure ou en format standard de qualit\u00e9 et fabriqu\u00e9s en Italie, pour tous les secteurs de production.","robots":{"index":"index","follow":"follow","max-snippet":"max-snippet:-1","max-image-preview":"max-image-preview:large","max-video-preview":"max-video-preview:-1"},"canonical":"https:\/\/www.stagnoligears.com\/fr\/moulage\/","og_locale":"fr_FR","og_type":"article","og_title":"Production et moulage d'engrenages - Moulage d'engrenages en technopolym\u00e8re","og_description":"Conception, production et moulage d'engrenages et de pi\u00e8ces de transmission en thermoplastique. Engrenages sur mesure ou en format standard de qualit\u00e9 et fabriqu\u00e9s en Italie, pour tous les secteurs de production.","og_url":"https:\/\/www.stagnoligears.com\/fr\/moulage\/","og_site_name":"Stagnoli","article_modified_time":"2025-06-05T10:42:11+00:00","og_image":[{"width":1920,"height":1280,"url":"https:\/\/www.stagnoligears.com\/fr\/wp-content\/uploads\/sites\/4\/stampaggio-ingranaggi-1.jpg","type":"image\/jpeg"}],"twitter_card":"summary_large_image","twitter_misc":{"Dur\u00e9e de lecture estim\u00e9e":"1 minute"},"schema":{"@context":"https:\/\/schema.org","@graph":[{"@type":"WebPage","@id":"https:\/\/www.stagnoligears.com\/fr\/moulage\/","url":"https:\/\/www.stagnoligears.com\/fr\/moulage\/","name":"Production et moulage d'engrenages - Moulage d'engrenages en technopolym\u00e8re","isPartOf":{"@id":"https:\/\/www.stagnoligears.com\/fr\/#website"},"primaryImageOfPage":{"@id":"https:\/\/www.stagnoligears.com\/fr\/moulage\/#primaryimage"},"image":{"@id":"https:\/\/www.stagnoligears.com\/fr\/moulage\/#primaryimage"},"thumbnailUrl":"https:\/\/www.stagnoligears.com\/fr\/wp-content\/uploads\/sites\/4\/stampaggio-ingranaggi-1.jpg","datePublished":"2018-05-08T15:21:41+00:00","dateModified":"2025-06-05T10:42:11+00:00","description":"Conception, production et moulage d'engrenages et de pi\u00e8ces de transmission en thermoplastique. Engrenages sur mesure ou en format standard de qualit\u00e9 et fabriqu\u00e9s en Italie, pour tous les secteurs de production.","breadcrumb":{"@id":"https:\/\/www.stagnoligears.com\/fr\/moulage\/#breadcrumb"},"inLanguage":"fr-FR","potentialAction":[{"@type":"ReadAction","target":["https:\/\/www.stagnoligears.com\/fr\/moulage\/"]}]},{"@type":"ImageObject","inLanguage":"fr-FR","@id":"https:\/\/www.stagnoligears.com\/fr\/moulage\/#primaryimage","url":"https:\/\/www.stagnoligears.com\/fr\/wp-content\/uploads\/sites\/4\/stampaggio-ingranaggi-1.jpg","contentUrl":"https:\/\/www.stagnoligears.com\/fr\/wp-content\/uploads\/sites\/4\/stampaggio-ingranaggi-1.jpg","width":1920,"height":1280},{"@type":"BreadcrumbList","@id":"https:\/\/www.stagnoligears.com\/fr\/moulage\/#breadcrumb","itemListElement":[{"@type":"ListItem","position":1,"name":"Home","item":"https:\/\/www.stagnoligears.com\/fr\/"},{"@type":"ListItem","position":2,"name":"Moulage"}]},{"@type":"WebSite","@id":"https:\/\/www.stagnoligears.com\/fr\/#website","url":"https:\/\/www.stagnoligears.com\/fr\/","name":"Stagnoli","description":"","publisher":{"@id":"https:\/\/www.stagnoligears.com\/fr\/#organization"},"potentialAction":[{"@type":"SearchAction","target":{"@type":"EntryPoint","urlTemplate":"https:\/\/www.stagnoligears.com\/fr\/?s={search_term_string}"},"query-input":{"@type":"PropertyValueSpecification","valueRequired":true,"valueName":"search_term_string"}}],"inLanguage":"fr-FR"},{"@type":"Organization","@id":"https:\/\/www.stagnoligears.com\/fr\/#organization","name":"Stagnoli Automation Solutions s.r.l.","url":"https:\/\/www.stagnoligears.com\/fr\/","logo":{"@type":"ImageObject","inLanguage":"fr-FR","@id":"https:\/\/www.stagnoligears.com\/fr\/#\/schema\/logo\/image\/","url":"https:\/\/www.stagnoligears.com\/fr\/wp-content\/uploads\/sites\/4\/logo.png","contentUrl":"https:\/\/www.stagnoligears.com\/fr\/wp-content\/uploads\/sites\/4\/logo.png","width":201,"height":87,"caption":"Stagnoli Automation Solutions s.r.l."},"image":{"@id":"https:\/\/www.stagnoligears.com\/fr\/#\/schema\/logo\/image\/"}}]}},"_links":{"self":[{"href":"https:\/\/www.stagnoligears.com\/fr\/wp-json\/wp\/v2\/pages\/158","targetHints":{"allow":["GET"]}}],"collection":[{"href":"https:\/\/www.stagnoligears.com\/fr\/wp-json\/wp\/v2\/pages"}],"about":[{"href":"https:\/\/www.stagnoligears.com\/fr\/wp-json\/wp\/v2\/types\/page"}],"author":[{"embeddable":true,"href":"https:\/\/www.stagnoligears.com\/fr\/wp-json\/wp\/v2\/users\/1"}],"replies":[{"embeddable":true,"href":"https:\/\/www.stagnoligears.com\/fr\/wp-json\/wp\/v2\/comments?post=158"}],"version-history":[{"count":34,"href":"https:\/\/www.stagnoligears.com\/fr\/wp-json\/wp\/v2\/pages\/158\/revisions"}],"predecessor-version":[{"id":15334,"href":"https:\/\/www.stagnoligears.com\/fr\/wp-json\/wp\/v2\/pages\/158\/revisions\/15334"}],"wp:featuredmedia":[{"embeddable":true,"href":"https:\/\/www.stagnoligears.com\/fr\/wp-json\/wp\/v2\/media\/14434"}],"wp:attachment":[{"href":"https:\/\/www.stagnoligears.com\/fr\/wp-json\/wp\/v2\/media?parent=158"}],"curies":[{"name":"wp","href":"https:\/\/api.w.org\/{rel}","templated":true}]}}