{"id":115,"date":"2018-05-08T14:21:02","date_gmt":"2018-05-08T12:21:02","guid":{"rendered":"http:\/\/www.stagnoligears.dexanet.biz\/?page_id=115"},"modified":"2023-10-18T10:41:54","modified_gmt":"2023-10-18T08:41:54","slug":"conception","status":"publish","type":"page","link":"https:\/\/www.stagnoligears.com\/fr\/conception\/","title":{"rendered":"Conception"},"content":{"rendered":"","protected":false},"excerpt":{"rendered":"","protected":false},"author":1,"featured_media":118,"parent":0,"menu_order":0,"comment_status":"closed","ping_status":"closed","template":"template-progettazione.php","meta":{"_acf_changed":false,"footnotes":""},"class_list":["post-115","page","type-page","status-publish","has-post-thumbnail","hentry"],"acf":[],"yoast_head":"<!-- This site is optimized with the Yoast SEO plugin v23.1 - https:\/\/yoast.com\/wordpress\/plugins\/seo\/ -->\n<title>Conception d&#039;engrenages - Conception et moulage de technopolym\u00e8res<\/title>\n<meta name=\"description\" content=\"Gear design, une entreprise exp\u00e9riment\u00e9e dans la conception, la conception et la fabrication d&#039;engrenages et de pi\u00e8ces de transmission en thermoplastique\" \/>\n<meta name=\"robots\" content=\"index, follow, max-snippet:-1, max-image-preview:large, max-video-preview:-1\" \/>\n<link rel=\"canonical\" href=\"https:\/\/www.stagnoligears.com\/fr\/conception\/\" \/>\n<meta property=\"og:locale\" content=\"fr_FR\" \/>\n<meta property=\"og:type\" content=\"article\" \/>\n<meta property=\"og:title\" content=\"Conception d&#039;engrenages - Conception et moulage de technopolym\u00e8res\" \/>\n<meta property=\"og:description\" content=\"Gear design, une entreprise exp\u00e9riment\u00e9e dans la conception, la conception et la fabrication d&#039;engrenages et de pi\u00e8ces de transmission en thermoplastique\" \/>\n<meta property=\"og:url\" content=\"https:\/\/www.stagnoligears.com\/fr\/conception\/\" \/>\n<meta property=\"og:site_name\" content=\"Stagnoli\" \/>\n<meta property=\"article:modified_time\" content=\"2023-10-18T08:41:54+00:00\" \/>\n<meta property=\"og:image\" content=\"https:\/\/www.stagnoligears.com\/fr\/wp-content\/uploads\/sites\/4\/progettazione-ingranaggi-in-tecnopolimeri.jpg\" \/>\n\t<meta property=\"og:image:width\" content=\"1920\" \/>\n\t<meta property=\"og:image:height\" content=\"1080\" \/>\n\t<meta property=\"og:image:type\" content=\"image\/jpeg\" \/>\n<meta name=\"twitter:card\" content=\"summary_large_image\" \/>\n<script type=\"application\/ld+json\" class=\"yoast-schema-graph\">{\"@context\":\"https:\/\/schema.org\",\"@graph\":[{\"@type\":\"WebPage\",\"@id\":\"https:\/\/www.stagnoligears.com\/fr\/conception\/\",\"url\":\"https:\/\/www.stagnoligears.com\/fr\/conception\/\",\"name\":\"Conception d'engrenages - Conception et moulage de technopolym\u00e8res\",\"isPartOf\":{\"@id\":\"https:\/\/www.stagnoligears.com\/fr\/#website\"},\"primaryImageOfPage\":{\"@id\":\"https:\/\/www.stagnoligears.com\/fr\/conception\/#primaryimage\"},\"image\":{\"@id\":\"https:\/\/www.stagnoligears.com\/fr\/conception\/#primaryimage\"},\"thumbnailUrl\":\"https:\/\/www.stagnoligears.com\/fr\/wp-content\/uploads\/sites\/4\/progettazione-ingranaggi-in-tecnopolimeri.jpg\",\"datePublished\":\"2018-05-08T12:21:02+00:00\",\"dateModified\":\"2023-10-18T08:41:54+00:00\",\"description\":\"Gear design, une entreprise exp\u00e9riment\u00e9e dans la conception, la conception et la fabrication d'engrenages et de pi\u00e8ces de transmission en thermoplastique\",\"breadcrumb\":{\"@id\":\"https:\/\/www.stagnoligears.com\/fr\/conception\/#breadcrumb\"},\"inLanguage\":\"fr-FR\",\"potentialAction\":[{\"@type\":\"ReadAction\",\"target\":[\"https:\/\/www.stagnoligears.com\/fr\/conception\/\"]}]},{\"@type\":\"ImageObject\",\"inLanguage\":\"fr-FR\",\"@id\":\"https:\/\/www.stagnoligears.com\/fr\/conception\/#primaryimage\",\"url\":\"https:\/\/www.stagnoligears.com\/fr\/wp-content\/uploads\/sites\/4\/progettazione-ingranaggi-in-tecnopolimeri.jpg\",\"contentUrl\":\"https:\/\/www.stagnoligears.com\/fr\/wp-content\/uploads\/sites\/4\/progettazione-ingranaggi-in-tecnopolimeri.jpg\",\"width\":1920,\"height\":1080,\"caption\":\"progettazione ingranaggi in tecnopolimero\"},{\"@type\":\"BreadcrumbList\",\"@id\":\"https:\/\/www.stagnoligears.com\/fr\/conception\/#breadcrumb\",\"itemListElement\":[{\"@type\":\"ListItem\",\"position\":1,\"name\":\"Home\",\"item\":\"https:\/\/www.stagnoligears.com\/fr\/\"},{\"@type\":\"ListItem\",\"position\":2,\"name\":\"Conception\"}]},{\"@type\":\"WebSite\",\"@id\":\"https:\/\/www.stagnoligears.com\/fr\/#website\",\"url\":\"https:\/\/www.stagnoligears.com\/fr\/\",\"name\":\"Stagnoli\",\"description\":\"\",\"publisher\":{\"@id\":\"https:\/\/www.stagnoligears.com\/fr\/#organization\"},\"potentialAction\":[{\"@type\":\"SearchAction\",\"target\":{\"@type\":\"EntryPoint\",\"urlTemplate\":\"https:\/\/www.stagnoligears.com\/fr\/?s={search_term_string}\"},\"query-input\":\"required name=search_term_string\"}],\"inLanguage\":\"fr-FR\"},{\"@type\":\"Organization\",\"@id\":\"https:\/\/www.stagnoligears.com\/fr\/#organization\",\"name\":\"Stagnoli Automation Solutions s.r.l.\",\"url\":\"https:\/\/www.stagnoligears.com\/fr\/\",\"logo\":{\"@type\":\"ImageObject\",\"inLanguage\":\"fr-FR\",\"@id\":\"https:\/\/www.stagnoligears.com\/fr\/#\/schema\/logo\/image\/\",\"url\":\"https:\/\/www.stagnoligears.com\/fr\/wp-content\/uploads\/sites\/4\/logo.png\",\"contentUrl\":\"https:\/\/www.stagnoligears.com\/fr\/wp-content\/uploads\/sites\/4\/logo.png\",\"width\":201,\"height\":87,\"caption\":\"Stagnoli Automation Solutions s.r.l.\"},\"image\":{\"@id\":\"https:\/\/www.stagnoligears.com\/fr\/#\/schema\/logo\/image\/\"}}]}<\/script>\n<!-- \/ Yoast SEO plugin. -->","yoast_head_json":{"title":"Conception d'engrenages - Conception et moulage de technopolym\u00e8res","description":"Gear design, une entreprise exp\u00e9riment\u00e9e dans la conception, la conception et la fabrication d'engrenages et de pi\u00e8ces de transmission en thermoplastique","robots":{"index":"index","follow":"follow","max-snippet":"max-snippet:-1","max-image-preview":"max-image-preview:large","max-video-preview":"max-video-preview:-1"},"canonical":"https:\/\/www.stagnoligears.com\/fr\/conception\/","og_locale":"fr_FR","og_type":"article","og_title":"Conception d'engrenages - Conception et moulage de technopolym\u00e8res","og_description":"Gear design, une entreprise exp\u00e9riment\u00e9e dans la conception, la conception et la fabrication d'engrenages et de pi\u00e8ces de transmission en thermoplastique","og_url":"https:\/\/www.stagnoligears.com\/fr\/conception\/","og_site_name":"Stagnoli","article_modified_time":"2023-10-18T08:41:54+00:00","og_image":[{"width":1920,"height":1080,"url":"https:\/\/www.stagnoligears.com\/fr\/wp-content\/uploads\/sites\/4\/progettazione-ingranaggi-in-tecnopolimeri.jpg","type":"image\/jpeg"}],"twitter_card":"summary_large_image","schema":{"@context":"https:\/\/schema.org","@graph":[{"@type":"WebPage","@id":"https:\/\/www.stagnoligears.com\/fr\/conception\/","url":"https:\/\/www.stagnoligears.com\/fr\/conception\/","name":"Conception d'engrenages - Conception et moulage de technopolym\u00e8res","isPartOf":{"@id":"https:\/\/www.stagnoligears.com\/fr\/#website"},"primaryImageOfPage":{"@id":"https:\/\/www.stagnoligears.com\/fr\/conception\/#primaryimage"},"image":{"@id":"https:\/\/www.stagnoligears.com\/fr\/conception\/#primaryimage"},"thumbnailUrl":"https:\/\/www.stagnoligears.com\/fr\/wp-content\/uploads\/sites\/4\/progettazione-ingranaggi-in-tecnopolimeri.jpg","datePublished":"2018-05-08T12:21:02+00:00","dateModified":"2023-10-18T08:41:54+00:00","description":"Gear design, une entreprise exp\u00e9riment\u00e9e dans la conception, la conception et la fabrication d'engrenages et de pi\u00e8ces de transmission en thermoplastique","breadcrumb":{"@id":"https:\/\/www.stagnoligears.com\/fr\/conception\/#breadcrumb"},"inLanguage":"fr-FR","potentialAction":[{"@type":"ReadAction","target":["https:\/\/www.stagnoligears.com\/fr\/conception\/"]}]},{"@type":"ImageObject","inLanguage":"fr-FR","@id":"https:\/\/www.stagnoligears.com\/fr\/conception\/#primaryimage","url":"https:\/\/www.stagnoligears.com\/fr\/wp-content\/uploads\/sites\/4\/progettazione-ingranaggi-in-tecnopolimeri.jpg","contentUrl":"https:\/\/www.stagnoligears.com\/fr\/wp-content\/uploads\/sites\/4\/progettazione-ingranaggi-in-tecnopolimeri.jpg","width":1920,"height":1080,"caption":"progettazione ingranaggi in tecnopolimero"},{"@type":"BreadcrumbList","@id":"https:\/\/www.stagnoligears.com\/fr\/conception\/#breadcrumb","itemListElement":[{"@type":"ListItem","position":1,"name":"Home","item":"https:\/\/www.stagnoligears.com\/fr\/"},{"@type":"ListItem","position":2,"name":"Conception"}]},{"@type":"WebSite","@id":"https:\/\/www.stagnoligears.com\/fr\/#website","url":"https:\/\/www.stagnoligears.com\/fr\/","name":"Stagnoli","description":"","publisher":{"@id":"https:\/\/www.stagnoligears.com\/fr\/#organization"},"potentialAction":[{"@type":"SearchAction","target":{"@type":"EntryPoint","urlTemplate":"https:\/\/www.stagnoligears.com\/fr\/?s={search_term_string}"},"query-input":"required name=search_term_string"}],"inLanguage":"fr-FR"},{"@type":"Organization","@id":"https:\/\/www.stagnoligears.com\/fr\/#organization","name":"Stagnoli Automation Solutions s.r.l.","url":"https:\/\/www.stagnoligears.com\/fr\/","logo":{"@type":"ImageObject","inLanguage":"fr-FR","@id":"https:\/\/www.stagnoligears.com\/fr\/#\/schema\/logo\/image\/","url":"https:\/\/www.stagnoligears.com\/fr\/wp-content\/uploads\/sites\/4\/logo.png","contentUrl":"https:\/\/www.stagnoligears.com\/fr\/wp-content\/uploads\/sites\/4\/logo.png","width":201,"height":87,"caption":"Stagnoli Automation Solutions s.r.l."},"image":{"@id":"https:\/\/www.stagnoligears.com\/fr\/#\/schema\/logo\/image\/"}}]}},"_links":{"self":[{"href":"https:\/\/www.stagnoligears.com\/fr\/wp-json\/wp\/v2\/pages\/115"}],"collection":[{"href":"https:\/\/www.stagnoligears.com\/fr\/wp-json\/wp\/v2\/pages"}],"about":[{"href":"https:\/\/www.stagnoligears.com\/fr\/wp-json\/wp\/v2\/types\/page"}],"author":[{"embeddable":true,"href":"https:\/\/www.stagnoligears.com\/fr\/wp-json\/wp\/v2\/users\/1"}],"replies":[{"embeddable":true,"href":"https:\/\/www.stagnoligears.com\/fr\/wp-json\/wp\/v2\/comments?post=115"}],"version-history":[{"count":47,"href":"https:\/\/www.stagnoligears.com\/fr\/wp-json\/wp\/v2\/pages\/115\/revisions"}],"predecessor-version":[{"id":15144,"href":"https:\/\/www.stagnoligears.com\/fr\/wp-json\/wp\/v2\/pages\/115\/revisions\/15144"}],"wp:featuredmedia":[{"embeddable":true,"href":"https:\/\/www.stagnoligears.com\/fr\/wp-json\/wp\/v2\/media\/118"}],"wp:attachment":[{"href":"https:\/\/www.stagnoligears.com\/fr\/wp-json\/wp\/v2\/media?parent=115"}],"curies":[{"name":"wp","href":"https:\/\/api.w.org\/{rel}","templated":true}]}}