{"id":1111,"date":"2020-07-31T16:09:07","date_gmt":"2020-07-31T14:09:07","guid":{"rendered":"https:\/\/www.stagnoligears.com\/fr\/?page_id=1111"},"modified":"2022-03-30T15:12:45","modified_gmt":"2022-03-30T13:12:45","slug":"prototypage","status":"publish","type":"page","link":"https:\/\/www.stagnoligears.com\/fr\/prototypage\/","title":{"rendered":"Prototypage"},"content":{"rendered":"<h2 class=\"mb-4\"><span class=\"verde\">\u00ab\u00a0DU PROJET \u00c0 LA PRODUCTION\u00a0\u00bb<\/span><br \/>\nEN PASSANT PAR LES PROTOTYPES ET LES MINI-S\u00c9RIES<\/h2>\n<p>Nous fournissons un service de prototypage et de production de micro-s\u00e9ries, en utilisant une technologie sp\u00e9ciale d&rsquo;Impression 3D FDM qui garantie de hautes performances m\u00e9caniques, jusqu&rsquo;\u00e0 10 fois sup\u00e9rieures aux plastiques normalement utilis\u00e9s pour les impressions 3D gr\u00e2ce \u00e0 la possibilit\u00e9 d&rsquo;utiliser aussi un renfort de fibres.<\/p>\n<p><strong>Caract\u00e9ristiques<\/strong><\/p>\n<p>Notre grand atout est de fournir un composant technique Imprim\u00e9 en 3D, aux propri\u00e9t\u00e9s m\u00e9caniques excellentes en laissant au client la libert\u00e9 du choix entre deux types de mat\u00e9riaux ayant tous les deux de meilleures propri\u00e9t\u00e9s m\u00e9caniques que les plus connus PLA et ABS\u00a0: Stagnoli FDM (matrice plastique \u00e0 base de polyamide renforc\u00e9e avec des fibres de carbone broy\u00e9es) ou bien Stagnoli fiberglass FDM (dans lequel Stagnoli FDM est encore plus renforc\u00e9e avec des fibres de verre).<\/p>\n","protected":false},"excerpt":{"rendered":"<p>\u00ab\u00a0DU PROJET \u00c0 LA PRODUCTION\u00a0\u00bb EN PASSANT PAR LES PROTOTYPES ET LES MINI-S\u00c9RIES Nous fournissons un service de prototypage et de production de micro-s\u00e9ries, en utilisant une technologie sp\u00e9ciale d&rsquo;Impression 3D FDM qui garantie de hautes performances m\u00e9caniques, jusqu&rsquo;\u00e0 10 fois sup\u00e9rieures aux plastiques normalement utilis\u00e9s pour les impressions 3D gr\u00e2ce \u00e0 la possibilit\u00e9 d&rsquo;utiliser &hellip; <a href=\"https:\/\/www.stagnoligears.com\/fr\/prototypage\/\">Continued<\/a><\/p>\n","protected":false},"author":1,"featured_media":1119,"parent":0,"menu_order":0,"comment_status":"closed","ping_status":"closed","template":"template-prototipazione.php","meta":{"_acf_changed":false,"footnotes":""},"class_list":["post-1111","page","type-page","status-publish","has-post-thumbnail","hentry"],"acf":[],"yoast_head":"<!-- This site is optimized with the Yoast SEO plugin v27.4 - https:\/\/yoast.com\/product\/yoast-seo-wordpress\/ -->\n<title>Prototypage 3D FDM - Impression 3D FDM - Impression 3D Gear<\/title>\n<meta name=\"description\" content=\"Nous fournissons un service de prototypage et de production de micro-s\u00e9ries, en utilisant une technologie sp\u00e9ciale d&#039;Impression 3D FDM.\" \/>\n<meta name=\"robots\" content=\"index, nofollow, max-snippet:-1, max-image-preview:large, max-video-preview:-1\" \/>\n<link rel=\"canonical\" href=\"https:\/\/www.stagnoligears.com\/fr\/prototypage\/\" \/>\n<meta property=\"og:locale\" content=\"fr_FR\" \/>\n<meta property=\"og:type\" content=\"article\" \/>\n<meta property=\"og:title\" content=\"Prototypage 3D FDM - Impression 3D FDM - Impression 3D Gear\" \/>\n<meta property=\"og:description\" content=\"Nous fournissons un service de prototypage et de production de micro-s\u00e9ries, en utilisant une technologie sp\u00e9ciale d&#039;Impression 3D FDM.\" \/>\n<meta property=\"og:url\" content=\"https:\/\/www.stagnoligears.com\/fr\/prototypage\/\" \/>\n<meta property=\"og:site_name\" content=\"Stagnoli\" \/>\n<meta property=\"article:modified_time\" content=\"2022-03-30T13:12:45+00:00\" \/>\n<meta property=\"og:image\" content=\"https:\/\/www.stagnoligears.com\/fr\/wp-content\/uploads\/sites\/4\/prototipazione-stampa-3d-fdm-header.jpg\" \/>\n\t<meta property=\"og:image:width\" content=\"1920\" \/>\n\t<meta property=\"og:image:height\" content=\"841\" \/>\n\t<meta property=\"og:image:type\" content=\"image\/jpeg\" \/>\n<meta name=\"twitter:card\" content=\"summary_large_image\" \/>\n<meta name=\"twitter:label1\" content=\"Dur\u00e9e de lecture estim\u00e9e\" \/>\n\t<meta name=\"twitter:data1\" content=\"1 minute\" \/>\n<script type=\"application\/ld+json\" class=\"yoast-schema-graph\">{\"@context\":\"https:\\\/\\\/schema.org\",\"@graph\":[{\"@type\":\"WebPage\",\"@id\":\"https:\\\/\\\/www.stagnoligears.com\\\/fr\\\/prototypage\\\/\",\"url\":\"https:\\\/\\\/www.stagnoligears.com\\\/fr\\\/prototypage\\\/\",\"name\":\"Prototypage 3D FDM - Impression 3D FDM - Impression 3D Gear\",\"isPartOf\":{\"@id\":\"https:\\\/\\\/www.stagnoligears.com\\\/fr\\\/#website\"},\"primaryImageOfPage\":{\"@id\":\"https:\\\/\\\/www.stagnoligears.com\\\/fr\\\/prototypage\\\/#primaryimage\"},\"image\":{\"@id\":\"https:\\\/\\\/www.stagnoligears.com\\\/fr\\\/prototypage\\\/#primaryimage\"},\"thumbnailUrl\":\"https:\\\/\\\/www.stagnoligears.com\\\/fr\\\/wp-content\\\/uploads\\\/sites\\\/4\\\/prototipazione-stampa-3d-fdm-header.jpg\",\"datePublished\":\"2020-07-31T14:09:07+00:00\",\"dateModified\":\"2022-03-30T13:12:45+00:00\",\"description\":\"Nous fournissons un service de prototypage et de production de micro-s\u00e9ries, en utilisant une technologie sp\u00e9ciale d'Impression 3D FDM.\",\"breadcrumb\":{\"@id\":\"https:\\\/\\\/www.stagnoligears.com\\\/fr\\\/prototypage\\\/#breadcrumb\"},\"inLanguage\":\"fr-FR\",\"potentialAction\":[{\"@type\":\"ReadAction\",\"target\":[\"https:\\\/\\\/www.stagnoligears.com\\\/fr\\\/prototypage\\\/\"]}]},{\"@type\":\"ImageObject\",\"inLanguage\":\"fr-FR\",\"@id\":\"https:\\\/\\\/www.stagnoligears.com\\\/fr\\\/prototypage\\\/#primaryimage\",\"url\":\"https:\\\/\\\/www.stagnoligears.com\\\/fr\\\/wp-content\\\/uploads\\\/sites\\\/4\\\/prototipazione-stampa-3d-fdm-header.jpg\",\"contentUrl\":\"https:\\\/\\\/www.stagnoligears.com\\\/fr\\\/wp-content\\\/uploads\\\/sites\\\/4\\\/prototipazione-stampa-3d-fdm-header.jpg\",\"width\":1920,\"height\":841},{\"@type\":\"BreadcrumbList\",\"@id\":\"https:\\\/\\\/www.stagnoligears.com\\\/fr\\\/prototypage\\\/#breadcrumb\",\"itemListElement\":[{\"@type\":\"ListItem\",\"position\":1,\"name\":\"Home\",\"item\":\"https:\\\/\\\/www.stagnoligears.com\\\/fr\\\/\"},{\"@type\":\"ListItem\",\"position\":2,\"name\":\"Prototypage\"}]},{\"@type\":\"WebSite\",\"@id\":\"https:\\\/\\\/www.stagnoligears.com\\\/fr\\\/#website\",\"url\":\"https:\\\/\\\/www.stagnoligears.com\\\/fr\\\/\",\"name\":\"Stagnoli\",\"description\":\"\",\"publisher\":{\"@id\":\"https:\\\/\\\/www.stagnoligears.com\\\/fr\\\/#organization\"},\"potentialAction\":[{\"@type\":\"SearchAction\",\"target\":{\"@type\":\"EntryPoint\",\"urlTemplate\":\"https:\\\/\\\/www.stagnoligears.com\\\/fr\\\/?s={search_term_string}\"},\"query-input\":{\"@type\":\"PropertyValueSpecification\",\"valueRequired\":true,\"valueName\":\"search_term_string\"}}],\"inLanguage\":\"fr-FR\"},{\"@type\":\"Organization\",\"@id\":\"https:\\\/\\\/www.stagnoligears.com\\\/fr\\\/#organization\",\"name\":\"Stagnoli Automation Solutions s.r.l.\",\"url\":\"https:\\\/\\\/www.stagnoligears.com\\\/fr\\\/\",\"logo\":{\"@type\":\"ImageObject\",\"inLanguage\":\"fr-FR\",\"@id\":\"https:\\\/\\\/www.stagnoligears.com\\\/fr\\\/#\\\/schema\\\/logo\\\/image\\\/\",\"url\":\"https:\\\/\\\/www.stagnoligears.com\\\/fr\\\/wp-content\\\/uploads\\\/sites\\\/4\\\/logo.png\",\"contentUrl\":\"https:\\\/\\\/www.stagnoligears.com\\\/fr\\\/wp-content\\\/uploads\\\/sites\\\/4\\\/logo.png\",\"width\":201,\"height\":87,\"caption\":\"Stagnoli Automation Solutions s.r.l.\"},\"image\":{\"@id\":\"https:\\\/\\\/www.stagnoligears.com\\\/fr\\\/#\\\/schema\\\/logo\\\/image\\\/\"}}]}<\/script>\n<!-- \/ Yoast SEO plugin. -->","yoast_head_json":{"title":"Prototypage 3D FDM - Impression 3D FDM - Impression 3D Gear","description":"Nous fournissons un service de prototypage et de production de micro-s\u00e9ries, en utilisant une technologie sp\u00e9ciale d'Impression 3D FDM.","robots":{"index":"index","follow":"nofollow","max-snippet":"max-snippet:-1","max-image-preview":"max-image-preview:large","max-video-preview":"max-video-preview:-1"},"canonical":"https:\/\/www.stagnoligears.com\/fr\/prototypage\/","og_locale":"fr_FR","og_type":"article","og_title":"Prototypage 3D FDM - Impression 3D FDM - Impression 3D Gear","og_description":"Nous fournissons un service de prototypage et de production de micro-s\u00e9ries, en utilisant une technologie sp\u00e9ciale d'Impression 3D FDM.","og_url":"https:\/\/www.stagnoligears.com\/fr\/prototypage\/","og_site_name":"Stagnoli","article_modified_time":"2022-03-30T13:12:45+00:00","og_image":[{"width":1920,"height":841,"url":"https:\/\/www.stagnoligears.com\/fr\/wp-content\/uploads\/sites\/4\/prototipazione-stampa-3d-fdm-header.jpg","type":"image\/jpeg"}],"twitter_card":"summary_large_image","twitter_misc":{"Dur\u00e9e de lecture estim\u00e9e":"1 minute"},"schema":{"@context":"https:\/\/schema.org","@graph":[{"@type":"WebPage","@id":"https:\/\/www.stagnoligears.com\/fr\/prototypage\/","url":"https:\/\/www.stagnoligears.com\/fr\/prototypage\/","name":"Prototypage 3D FDM - Impression 3D FDM - Impression 3D Gear","isPartOf":{"@id":"https:\/\/www.stagnoligears.com\/fr\/#website"},"primaryImageOfPage":{"@id":"https:\/\/www.stagnoligears.com\/fr\/prototypage\/#primaryimage"},"image":{"@id":"https:\/\/www.stagnoligears.com\/fr\/prototypage\/#primaryimage"},"thumbnailUrl":"https:\/\/www.stagnoligears.com\/fr\/wp-content\/uploads\/sites\/4\/prototipazione-stampa-3d-fdm-header.jpg","datePublished":"2020-07-31T14:09:07+00:00","dateModified":"2022-03-30T13:12:45+00:00","description":"Nous fournissons un service de prototypage et de production de micro-s\u00e9ries, en utilisant une technologie sp\u00e9ciale d'Impression 3D FDM.","breadcrumb":{"@id":"https:\/\/www.stagnoligears.com\/fr\/prototypage\/#breadcrumb"},"inLanguage":"fr-FR","potentialAction":[{"@type":"ReadAction","target":["https:\/\/www.stagnoligears.com\/fr\/prototypage\/"]}]},{"@type":"ImageObject","inLanguage":"fr-FR","@id":"https:\/\/www.stagnoligears.com\/fr\/prototypage\/#primaryimage","url":"https:\/\/www.stagnoligears.com\/fr\/wp-content\/uploads\/sites\/4\/prototipazione-stampa-3d-fdm-header.jpg","contentUrl":"https:\/\/www.stagnoligears.com\/fr\/wp-content\/uploads\/sites\/4\/prototipazione-stampa-3d-fdm-header.jpg","width":1920,"height":841},{"@type":"BreadcrumbList","@id":"https:\/\/www.stagnoligears.com\/fr\/prototypage\/#breadcrumb","itemListElement":[{"@type":"ListItem","position":1,"name":"Home","item":"https:\/\/www.stagnoligears.com\/fr\/"},{"@type":"ListItem","position":2,"name":"Prototypage"}]},{"@type":"WebSite","@id":"https:\/\/www.stagnoligears.com\/fr\/#website","url":"https:\/\/www.stagnoligears.com\/fr\/","name":"Stagnoli","description":"","publisher":{"@id":"https:\/\/www.stagnoligears.com\/fr\/#organization"},"potentialAction":[{"@type":"SearchAction","target":{"@type":"EntryPoint","urlTemplate":"https:\/\/www.stagnoligears.com\/fr\/?s={search_term_string}"},"query-input":{"@type":"PropertyValueSpecification","valueRequired":true,"valueName":"search_term_string"}}],"inLanguage":"fr-FR"},{"@type":"Organization","@id":"https:\/\/www.stagnoligears.com\/fr\/#organization","name":"Stagnoli Automation Solutions s.r.l.","url":"https:\/\/www.stagnoligears.com\/fr\/","logo":{"@type":"ImageObject","inLanguage":"fr-FR","@id":"https:\/\/www.stagnoligears.com\/fr\/#\/schema\/logo\/image\/","url":"https:\/\/www.stagnoligears.com\/fr\/wp-content\/uploads\/sites\/4\/logo.png","contentUrl":"https:\/\/www.stagnoligears.com\/fr\/wp-content\/uploads\/sites\/4\/logo.png","width":201,"height":87,"caption":"Stagnoli Automation Solutions s.r.l."},"image":{"@id":"https:\/\/www.stagnoligears.com\/fr\/#\/schema\/logo\/image\/"}}]}},"_links":{"self":[{"href":"https:\/\/www.stagnoligears.com\/fr\/wp-json\/wp\/v2\/pages\/1111","targetHints":{"allow":["GET"]}}],"collection":[{"href":"https:\/\/www.stagnoligears.com\/fr\/wp-json\/wp\/v2\/pages"}],"about":[{"href":"https:\/\/www.stagnoligears.com\/fr\/wp-json\/wp\/v2\/types\/page"}],"author":[{"embeddable":true,"href":"https:\/\/www.stagnoligears.com\/fr\/wp-json\/wp\/v2\/users\/1"}],"replies":[{"embeddable":true,"href":"https:\/\/www.stagnoligears.com\/fr\/wp-json\/wp\/v2\/comments?post=1111"}],"version-history":[{"count":7,"href":"https:\/\/www.stagnoligears.com\/fr\/wp-json\/wp\/v2\/pages\/1111\/revisions"}],"predecessor-version":[{"id":14280,"href":"https:\/\/www.stagnoligears.com\/fr\/wp-json\/wp\/v2\/pages\/1111\/revisions\/14280"}],"wp:featuredmedia":[{"embeddable":true,"href":"https:\/\/www.stagnoligears.com\/fr\/wp-json\/wp\/v2\/media\/1119"}],"wp:attachment":[{"href":"https:\/\/www.stagnoligears.com\/fr\/wp-json\/wp\/v2\/media?parent=1111"}],"curies":[{"name":"wp","href":"https:\/\/api.w.org\/{rel}","templated":true}]}}