{"id":6158,"date":"2025-06-06T11:45:24","date_gmt":"2025-06-06T09:45:24","guid":{"rendered":"https:\/\/www.stagnoligears.com\/es\/?page_id=6158"},"modified":"2025-06-06T12:03:54","modified_gmt":"2025-06-06T10:03:54","slug":"credits","status":"publish","type":"page","link":"https:\/\/www.stagnoligears.com\/es\/credits\/","title":{"rendered":"Credits"},"content":{"rendered":"<p><img loading=\"lazy\" decoding=\"async\" class=\"logo-dexa-credits\" src=\"\/wp-content\/uploads\/logo_dexa.png\" alt=\"\" width=\"1115\" height=\"850\" \/><\/p>\n<p><a title=\"Web Agency\" href=\"https:\/\/www.dexanet.com\/\">Dexa<\/a>&nbsp;is a&nbsp;<strong>web agency&nbsp;<\/strong>located in Brescia that has been active in the world of communication for 20 years. Thanks to a team of professionals who work closely together on a daily basis, the<strong>&nbsp;communication and marketing agency<\/strong>&nbsp;is able to respond to the different needs of customers with online and offline tailor-made solutions, capable of achieving the set targets.<\/p>\n<p>Strategy, experience and competence are peculiarities of the Brescia&nbsp;<strong>web agency&nbsp;<\/strong>which follows the development of a new idea in all its phases, from the initial analysis to its creation. In particular, Dexa deals with:<\/p>\n<ul>\n<li>Website design<\/li>\n<li>Web Marketing<\/li>\n<li>Social Marketing<\/li>\n<li>Social media strategy<\/li>\n<li>Content marketing<\/li>\n<li>Graphic design<\/li>\n<li>Corporate branding<\/li>\n<li>Coordinated image<\/li>\n<li>Positioning on search engines (SEO)<\/li>\n<\/ul>\n<p>Also in this case, the Brescia&nbsp;<strong>digital agency<\/strong>&nbsp;intervened in an ambitious project that led to the creation of a professional website with a modern, complete and easy to navigate design.<\/p>\n<p>Choosing Dexa for your communication needs means being able to count on a specialised partner, able to improve the visibility and awareness of your company.<\/p>\n","protected":false},"excerpt":{"rendered":"<p>Dexa&nbsp;is a&nbsp;web agency&nbsp;located in Brescia that has been active in the world of communication for 20 years. Thanks to a team of professionals who work closely together on a daily basis, the&nbsp;communication and marketing agency&nbsp;is able to respond to the different needs of customers with online and offline tailor-made solutions, capable of achieving the set &hellip; <a href=\"https:\/\/www.stagnoligears.com\/es\/credits\/\">Continued<\/a><\/p>\n","protected":false},"author":1,"featured_media":0,"parent":0,"menu_order":0,"comment_status":"closed","ping_status":"closed","template":"","meta":{"_acf_changed":false,"footnotes":""},"class_list":["post-6158","page","type-page","status-publish","hentry"],"acf":[],"yoast_head":"<!-- This site is optimized with the Yoast SEO plugin v27.3 - https:\/\/yoast.com\/product\/yoast-seo-wordpress\/ -->\n<title>Credits | Stagnoli<\/title>\n<meta name=\"description\" content=\"Stagnoli es el experto en dise\u00f1o y producci\u00f3n de engranajes de pl\u00e1stico. Visite nuestra p\u00e1gina Credits.\" \/>\n<meta name=\"robots\" content=\"index, follow, max-snippet:-1, max-image-preview:large, max-video-preview:-1\" \/>\n<link rel=\"canonical\" href=\"https:\/\/www.stagnoligears.com\/es\/credits\/\" \/>\n<meta property=\"og:locale\" content=\"es_ES\" \/>\n<meta property=\"og:type\" content=\"article\" \/>\n<meta property=\"og:title\" content=\"Credits | Stagnoli\" \/>\n<meta property=\"og:description\" content=\"Stagnoli es el experto en dise\u00f1o y producci\u00f3n de engranajes de pl\u00e1stico. Visite nuestra p\u00e1gina Credits.\" \/>\n<meta property=\"og:url\" content=\"https:\/\/www.stagnoligears.com\/es\/credits\/\" \/>\n<meta property=\"og:site_name\" content=\"Stagnoli\" \/>\n<meta property=\"article:modified_time\" content=\"2025-06-06T10:03:54+00:00\" \/>\n<meta name=\"twitter:card\" content=\"summary_large_image\" \/>\n<meta name=\"twitter:label1\" content=\"Tiempo de lectura\" \/>\n\t<meta name=\"twitter:data1\" content=\"1 minuto\" \/>\n<script type=\"application\/ld+json\" class=\"yoast-schema-graph\">{\"@context\":\"https:\\\/\\\/schema.org\",\"@graph\":[{\"@type\":\"WebPage\",\"@id\":\"https:\\\/\\\/www.stagnoligears.com\\\/es\\\/credits\\\/\",\"url\":\"https:\\\/\\\/www.stagnoligears.com\\\/es\\\/credits\\\/\",\"name\":\"Credits | Stagnoli\",\"isPartOf\":{\"@id\":\"https:\\\/\\\/www.stagnoligears.com\\\/es\\\/#website\"},\"datePublished\":\"2025-06-06T09:45:24+00:00\",\"dateModified\":\"2025-06-06T10:03:54+00:00\",\"description\":\"Stagnoli es el experto en dise\u00f1o y producci\u00f3n de engranajes de pl\u00e1stico. Visite nuestra p\u00e1gina Credits.\",\"breadcrumb\":{\"@id\":\"https:\\\/\\\/www.stagnoligears.com\\\/es\\\/credits\\\/#breadcrumb\"},\"inLanguage\":\"es\",\"potentialAction\":[{\"@type\":\"ReadAction\",\"target\":[\"https:\\\/\\\/www.stagnoligears.com\\\/es\\\/credits\\\/\"]}]},{\"@type\":\"BreadcrumbList\",\"@id\":\"https:\\\/\\\/www.stagnoligears.com\\\/es\\\/credits\\\/#breadcrumb\",\"itemListElement\":[{\"@type\":\"ListItem\",\"position\":1,\"name\":\"Home\",\"item\":\"https:\\\/\\\/www.stagnoligears.com\\\/es\\\/\"},{\"@type\":\"ListItem\",\"position\":2,\"name\":\"Credits\"}]},{\"@type\":\"WebSite\",\"@id\":\"https:\\\/\\\/www.stagnoligears.com\\\/es\\\/#website\",\"url\":\"https:\\\/\\\/www.stagnoligears.com\\\/es\\\/\",\"name\":\"Stagnoli\",\"description\":\"\",\"publisher\":{\"@id\":\"https:\\\/\\\/www.stagnoligears.com\\\/es\\\/#organization\"},\"potentialAction\":[{\"@type\":\"SearchAction\",\"target\":{\"@type\":\"EntryPoint\",\"urlTemplate\":\"https:\\\/\\\/www.stagnoligears.com\\\/es\\\/?s={search_term_string}\"},\"query-input\":{\"@type\":\"PropertyValueSpecification\",\"valueRequired\":true,\"valueName\":\"search_term_string\"}}],\"inLanguage\":\"es\"},{\"@type\":\"Organization\",\"@id\":\"https:\\\/\\\/www.stagnoligears.com\\\/es\\\/#organization\",\"name\":\"Stagnoli Automation Solutions s.r.l.\",\"url\":\"https:\\\/\\\/www.stagnoligears.com\\\/es\\\/\",\"logo\":{\"@type\":\"ImageObject\",\"inLanguage\":\"es\",\"@id\":\"https:\\\/\\\/www.stagnoligears.com\\\/es\\\/#\\\/schema\\\/logo\\\/image\\\/\",\"url\":\"https:\\\/\\\/www.stagnoligears.com\\\/es\\\/wp-content\\\/uploads\\\/sites\\\/5\\\/logo.png\",\"contentUrl\":\"https:\\\/\\\/www.stagnoligears.com\\\/es\\\/wp-content\\\/uploads\\\/sites\\\/5\\\/logo.png\",\"width\":201,\"height\":87,\"caption\":\"Stagnoli Automation Solutions s.r.l.\"},\"image\":{\"@id\":\"https:\\\/\\\/www.stagnoligears.com\\\/es\\\/#\\\/schema\\\/logo\\\/image\\\/\"}}]}<\/script>\n<!-- \/ Yoast SEO plugin. -->","yoast_head_json":{"title":"Credits | Stagnoli","description":"Stagnoli es el experto en dise\u00f1o y producci\u00f3n de engranajes de pl\u00e1stico. Visite nuestra p\u00e1gina Credits.","robots":{"index":"index","follow":"follow","max-snippet":"max-snippet:-1","max-image-preview":"max-image-preview:large","max-video-preview":"max-video-preview:-1"},"canonical":"https:\/\/www.stagnoligears.com\/es\/credits\/","og_locale":"es_ES","og_type":"article","og_title":"Credits | Stagnoli","og_description":"Stagnoli es el experto en dise\u00f1o y producci\u00f3n de engranajes de pl\u00e1stico. Visite nuestra p\u00e1gina Credits.","og_url":"https:\/\/www.stagnoligears.com\/es\/credits\/","og_site_name":"Stagnoli","article_modified_time":"2025-06-06T10:03:54+00:00","twitter_card":"summary_large_image","twitter_misc":{"Tiempo de lectura":"1 minuto"},"schema":{"@context":"https:\/\/schema.org","@graph":[{"@type":"WebPage","@id":"https:\/\/www.stagnoligears.com\/es\/credits\/","url":"https:\/\/www.stagnoligears.com\/es\/credits\/","name":"Credits | Stagnoli","isPartOf":{"@id":"https:\/\/www.stagnoligears.com\/es\/#website"},"datePublished":"2025-06-06T09:45:24+00:00","dateModified":"2025-06-06T10:03:54+00:00","description":"Stagnoli es el experto en dise\u00f1o y producci\u00f3n de engranajes de pl\u00e1stico. Visite nuestra p\u00e1gina Credits.","breadcrumb":{"@id":"https:\/\/www.stagnoligears.com\/es\/credits\/#breadcrumb"},"inLanguage":"es","potentialAction":[{"@type":"ReadAction","target":["https:\/\/www.stagnoligears.com\/es\/credits\/"]}]},{"@type":"BreadcrumbList","@id":"https:\/\/www.stagnoligears.com\/es\/credits\/#breadcrumb","itemListElement":[{"@type":"ListItem","position":1,"name":"Home","item":"https:\/\/www.stagnoligears.com\/es\/"},{"@type":"ListItem","position":2,"name":"Credits"}]},{"@type":"WebSite","@id":"https:\/\/www.stagnoligears.com\/es\/#website","url":"https:\/\/www.stagnoligears.com\/es\/","name":"Stagnoli","description":"","publisher":{"@id":"https:\/\/www.stagnoligears.com\/es\/#organization"},"potentialAction":[{"@type":"SearchAction","target":{"@type":"EntryPoint","urlTemplate":"https:\/\/www.stagnoligears.com\/es\/?s={search_term_string}"},"query-input":{"@type":"PropertyValueSpecification","valueRequired":true,"valueName":"search_term_string"}}],"inLanguage":"es"},{"@type":"Organization","@id":"https:\/\/www.stagnoligears.com\/es\/#organization","name":"Stagnoli Automation Solutions s.r.l.","url":"https:\/\/www.stagnoligears.com\/es\/","logo":{"@type":"ImageObject","inLanguage":"es","@id":"https:\/\/www.stagnoligears.com\/es\/#\/schema\/logo\/image\/","url":"https:\/\/www.stagnoligears.com\/es\/wp-content\/uploads\/sites\/5\/logo.png","contentUrl":"https:\/\/www.stagnoligears.com\/es\/wp-content\/uploads\/sites\/5\/logo.png","width":201,"height":87,"caption":"Stagnoli Automation Solutions s.r.l."},"image":{"@id":"https:\/\/www.stagnoligears.com\/es\/#\/schema\/logo\/image\/"}}]}},"_links":{"self":[{"href":"https:\/\/www.stagnoligears.com\/es\/wp-json\/wp\/v2\/pages\/6158","targetHints":{"allow":["GET"]}}],"collection":[{"href":"https:\/\/www.stagnoligears.com\/es\/wp-json\/wp\/v2\/pages"}],"about":[{"href":"https:\/\/www.stagnoligears.com\/es\/wp-json\/wp\/v2\/types\/page"}],"author":[{"embeddable":true,"href":"https:\/\/www.stagnoligears.com\/es\/wp-json\/wp\/v2\/users\/1"}],"replies":[{"embeddable":true,"href":"https:\/\/www.stagnoligears.com\/es\/wp-json\/wp\/v2\/comments?post=6158"}],"version-history":[{"count":3,"href":"https:\/\/www.stagnoligears.com\/es\/wp-json\/wp\/v2\/pages\/6158\/revisions"}],"predecessor-version":[{"id":6161,"href":"https:\/\/www.stagnoligears.com\/es\/wp-json\/wp\/v2\/pages\/6158\/revisions\/6161"}],"wp:attachment":[{"href":"https:\/\/www.stagnoligears.com\/es\/wp-json\/wp\/v2\/media?parent=6158"}],"curies":[{"name":"wp","href":"https:\/\/api.w.org\/{rel}","templated":true}]}}