{"id":6045,"date":"2025-06-04T12:51:26","date_gmt":"2025-06-04T10:51:26","guid":{"rendered":"https:\/\/www.stagnoligears.com\/es\/?page_id=6045"},"modified":"2025-06-10T12:06:54","modified_gmt":"2025-06-10T10:06:54","slug":"produccion","status":"publish","type":"page","link":"https:\/\/www.stagnoligears.com\/es\/produccion\/","title":{"rendered":"Producci\u00f3n"},"content":{"rendered":"","protected":false},"excerpt":{"rendered":"","protected":false},"author":1,"featured_media":0,"parent":0,"menu_order":0,"comment_status":"closed","ping_status":"closed","template":"template-archivio-produzione.php","meta":{"_acf_changed":false,"footnotes":""},"class_list":["post-6045","page","type-page","status-publish","hentry"],"acf":[],"yoast_head":"<!-- This site is optimized with the Yoast SEO plugin v27.3 - https:\/\/yoast.com\/product\/yoast-seo-wordpress\/ -->\n<title>Producci\u00f3n | Stagnoli<\/title>\n<meta name=\"description\" content=\"Stagnoli es el experto en dise\u00f1o y producci\u00f3n de engranajes de pl\u00e1stico. Visite nuestra p\u00e1gina Producci\u00f3n.\" \/>\n<meta name=\"robots\" content=\"index, follow, max-snippet:-1, max-image-preview:large, max-video-preview:-1\" \/>\n<link rel=\"canonical\" href=\"https:\/\/www.stagnoligears.com\/es\/produccion\/\" \/>\n<meta property=\"og:locale\" content=\"es_ES\" \/>\n<meta property=\"og:type\" content=\"article\" \/>\n<meta property=\"og:title\" content=\"Producci\u00f3n | Stagnoli\" \/>\n<meta property=\"og:description\" content=\"Stagnoli es el experto en dise\u00f1o y producci\u00f3n de engranajes de pl\u00e1stico. Visite nuestra p\u00e1gina Producci\u00f3n.\" \/>\n<meta property=\"og:url\" content=\"https:\/\/www.stagnoligears.com\/es\/produccion\/\" \/>\n<meta property=\"og:site_name\" content=\"Stagnoli\" \/>\n<meta property=\"article:modified_time\" content=\"2025-06-10T10:06:54+00:00\" \/>\n<meta name=\"twitter:card\" content=\"summary_large_image\" \/>\n<script type=\"application\/ld+json\" class=\"yoast-schema-graph\">{\"@context\":\"https:\\\/\\\/schema.org\",\"@graph\":[{\"@type\":\"WebPage\",\"@id\":\"https:\\\/\\\/www.stagnoligears.com\\\/es\\\/produccion\\\/\",\"url\":\"https:\\\/\\\/www.stagnoligears.com\\\/es\\\/produccion\\\/\",\"name\":\"Producci\u00f3n | Stagnoli\",\"isPartOf\":{\"@id\":\"https:\\\/\\\/www.stagnoligears.com\\\/es\\\/#website\"},\"datePublished\":\"2025-06-04T10:51:26+00:00\",\"dateModified\":\"2025-06-10T10:06:54+00:00\",\"description\":\"Stagnoli es el experto en dise\u00f1o y producci\u00f3n de engranajes de pl\u00e1stico. Visite nuestra p\u00e1gina Producci\u00f3n.\",\"breadcrumb\":{\"@id\":\"https:\\\/\\\/www.stagnoligears.com\\\/es\\\/produccion\\\/#breadcrumb\"},\"inLanguage\":\"es\",\"potentialAction\":[{\"@type\":\"ReadAction\",\"target\":[\"https:\\\/\\\/www.stagnoligears.com\\\/es\\\/produccion\\\/\"]}]},{\"@type\":\"BreadcrumbList\",\"@id\":\"https:\\\/\\\/www.stagnoligears.com\\\/es\\\/produccion\\\/#breadcrumb\",\"itemListElement\":[{\"@type\":\"ListItem\",\"position\":1,\"name\":\"Home\",\"item\":\"https:\\\/\\\/www.stagnoligears.com\\\/es\\\/\"},{\"@type\":\"ListItem\",\"position\":2,\"name\":\"Producci\u00f3n\"}]},{\"@type\":\"WebSite\",\"@id\":\"https:\\\/\\\/www.stagnoligears.com\\\/es\\\/#website\",\"url\":\"https:\\\/\\\/www.stagnoligears.com\\\/es\\\/\",\"name\":\"Stagnoli\",\"description\":\"\",\"publisher\":{\"@id\":\"https:\\\/\\\/www.stagnoligears.com\\\/es\\\/#organization\"},\"potentialAction\":[{\"@type\":\"SearchAction\",\"target\":{\"@type\":\"EntryPoint\",\"urlTemplate\":\"https:\\\/\\\/www.stagnoligears.com\\\/es\\\/?s={search_term_string}\"},\"query-input\":{\"@type\":\"PropertyValueSpecification\",\"valueRequired\":true,\"valueName\":\"search_term_string\"}}],\"inLanguage\":\"es\"},{\"@type\":\"Organization\",\"@id\":\"https:\\\/\\\/www.stagnoligears.com\\\/es\\\/#organization\",\"name\":\"Stagnoli Automation Solutions s.r.l.\",\"url\":\"https:\\\/\\\/www.stagnoligears.com\\\/es\\\/\",\"logo\":{\"@type\":\"ImageObject\",\"inLanguage\":\"es\",\"@id\":\"https:\\\/\\\/www.stagnoligears.com\\\/es\\\/#\\\/schema\\\/logo\\\/image\\\/\",\"url\":\"https:\\\/\\\/www.stagnoligears.com\\\/es\\\/wp-content\\\/uploads\\\/sites\\\/5\\\/logo.png\",\"contentUrl\":\"https:\\\/\\\/www.stagnoligears.com\\\/es\\\/wp-content\\\/uploads\\\/sites\\\/5\\\/logo.png\",\"width\":201,\"height\":87,\"caption\":\"Stagnoli Automation Solutions s.r.l.\"},\"image\":{\"@id\":\"https:\\\/\\\/www.stagnoligears.com\\\/es\\\/#\\\/schema\\\/logo\\\/image\\\/\"}}]}<\/script>\n<!-- \/ Yoast SEO plugin. -->","yoast_head_json":{"title":"Producci\u00f3n | Stagnoli","description":"Stagnoli es el experto en dise\u00f1o y producci\u00f3n de engranajes de pl\u00e1stico. Visite nuestra p\u00e1gina Producci\u00f3n.","robots":{"index":"index","follow":"follow","max-snippet":"max-snippet:-1","max-image-preview":"max-image-preview:large","max-video-preview":"max-video-preview:-1"},"canonical":"https:\/\/www.stagnoligears.com\/es\/produccion\/","og_locale":"es_ES","og_type":"article","og_title":"Producci\u00f3n | Stagnoli","og_description":"Stagnoli es el experto en dise\u00f1o y producci\u00f3n de engranajes de pl\u00e1stico. Visite nuestra p\u00e1gina Producci\u00f3n.","og_url":"https:\/\/www.stagnoligears.com\/es\/produccion\/","og_site_name":"Stagnoli","article_modified_time":"2025-06-10T10:06:54+00:00","twitter_card":"summary_large_image","schema":{"@context":"https:\/\/schema.org","@graph":[{"@type":"WebPage","@id":"https:\/\/www.stagnoligears.com\/es\/produccion\/","url":"https:\/\/www.stagnoligears.com\/es\/produccion\/","name":"Producci\u00f3n | Stagnoli","isPartOf":{"@id":"https:\/\/www.stagnoligears.com\/es\/#website"},"datePublished":"2025-06-04T10:51:26+00:00","dateModified":"2025-06-10T10:06:54+00:00","description":"Stagnoli es el experto en dise\u00f1o y producci\u00f3n de engranajes de pl\u00e1stico. Visite nuestra p\u00e1gina Producci\u00f3n.","breadcrumb":{"@id":"https:\/\/www.stagnoligears.com\/es\/produccion\/#breadcrumb"},"inLanguage":"es","potentialAction":[{"@type":"ReadAction","target":["https:\/\/www.stagnoligears.com\/es\/produccion\/"]}]},{"@type":"BreadcrumbList","@id":"https:\/\/www.stagnoligears.com\/es\/produccion\/#breadcrumb","itemListElement":[{"@type":"ListItem","position":1,"name":"Home","item":"https:\/\/www.stagnoligears.com\/es\/"},{"@type":"ListItem","position":2,"name":"Producci\u00f3n"}]},{"@type":"WebSite","@id":"https:\/\/www.stagnoligears.com\/es\/#website","url":"https:\/\/www.stagnoligears.com\/es\/","name":"Stagnoli","description":"","publisher":{"@id":"https:\/\/www.stagnoligears.com\/es\/#organization"},"potentialAction":[{"@type":"SearchAction","target":{"@type":"EntryPoint","urlTemplate":"https:\/\/www.stagnoligears.com\/es\/?s={search_term_string}"},"query-input":{"@type":"PropertyValueSpecification","valueRequired":true,"valueName":"search_term_string"}}],"inLanguage":"es"},{"@type":"Organization","@id":"https:\/\/www.stagnoligears.com\/es\/#organization","name":"Stagnoli Automation Solutions s.r.l.","url":"https:\/\/www.stagnoligears.com\/es\/","logo":{"@type":"ImageObject","inLanguage":"es","@id":"https:\/\/www.stagnoligears.com\/es\/#\/schema\/logo\/image\/","url":"https:\/\/www.stagnoligears.com\/es\/wp-content\/uploads\/sites\/5\/logo.png","contentUrl":"https:\/\/www.stagnoligears.com\/es\/wp-content\/uploads\/sites\/5\/logo.png","width":201,"height":87,"caption":"Stagnoli Automation Solutions s.r.l."},"image":{"@id":"https:\/\/www.stagnoligears.com\/es\/#\/schema\/logo\/image\/"}}]}},"_links":{"self":[{"href":"https:\/\/www.stagnoligears.com\/es\/wp-json\/wp\/v2\/pages\/6045","targetHints":{"allow":["GET"]}}],"collection":[{"href":"https:\/\/www.stagnoligears.com\/es\/wp-json\/wp\/v2\/pages"}],"about":[{"href":"https:\/\/www.stagnoligears.com\/es\/wp-json\/wp\/v2\/types\/page"}],"author":[{"embeddable":true,"href":"https:\/\/www.stagnoligears.com\/es\/wp-json\/wp\/v2\/users\/1"}],"replies":[{"embeddable":true,"href":"https:\/\/www.stagnoligears.com\/es\/wp-json\/wp\/v2\/comments?post=6045"}],"version-history":[{"count":5,"href":"https:\/\/www.stagnoligears.com\/es\/wp-json\/wp\/v2\/pages\/6045\/revisions"}],"predecessor-version":[{"id":6141,"href":"https:\/\/www.stagnoligears.com\/es\/wp-json\/wp\/v2\/pages\/6045\/revisions\/6141"}],"wp:attachment":[{"href":"https:\/\/www.stagnoligears.com\/es\/wp-json\/wp\/v2\/media?parent=6045"}],"curies":[{"name":"wp","href":"https:\/\/api.w.org\/{rel}","templated":true}]}}