{"id":521,"date":"2018-05-30T15:18:50","date_gmt":"2018-05-30T13:18:50","guid":{"rendered":"http:\/\/stagnoligears.dexanet.biz\/?page_id=521"},"modified":"2021-12-21T12:20:05","modified_gmt":"2021-12-21T11:20:05","slug":"planificacion-y-diseno-de-engranajes","status":"publish","type":"page","link":"https:\/\/www.stagnoligears.com\/es\/diseno\/planificacion-y-diseno-de-engranajes\/","title":{"rendered":"Planificaci\u00f3n y dise\u00f1o de engranajes"},"content":{"rendered":"<p>Adem\u00e1s de la producci\u00f3n de piezas en cat\u00e1logo, nuestro departamento t\u00e9cnico tiene la capacidad de desarrollar proyectos a medida para satisfacer las necesidades de cada cliente y estudiar junto a \u00e9l <strong>el proyecto y dise\u00f1o de engranajes de componentes de transmisi\u00f3n<\/strong>.<\/p>\n<p>Para nosotros, el componente de comunicaci\u00f3n es fundamental en la fase de <strong>dise\u00f1o<\/strong>. De esta manera, nuestros t\u00e9cnicos siguen paso a paso la evoluci\u00f3n del proyecto, manteni\u00e9ndose siempre en contacto con el cliente y proponiendo la mejor soluci\u00f3n para superar los eventuales problemas identificados en la fase de <strong>proyecto y dise\u00f1o de engranajes<\/strong>.<\/p>\n<p>Una vez establecidas las l\u00edneas b\u00e1sicas del proyecto, el modelado de los engranajes se realiza mediante el uso de un software CAD 3D que permite un mejor seguimiento de todas las diferentes especificaciones, mientras que para los c\u00e1lculos y los modelos 3D de las evolventes nos apoyamos en el <strong>software KISSsoft<\/strong>, reconocido internacionalmente como el mejor en el campo de los engranajes. De hecho, este programa ofrece, adem\u00e1s de todos los c\u00e1lculos geom\u00e9tricos principales, numerosas funciones de optimizaci\u00f3n que incluyen el rendimiento de la transmisi\u00f3n, datos importantes sobre el recubrimiento, an\u00e1lisis de contacto y simulaciones de disipaci\u00f3n de calor.<\/p>\n<p>Entre nuestros servicios tambi\u00e9n se encuentra el an\u00e1lisis de llenado <strong>FEM<\/strong> que, junto con el estudio de las deformaciones del producto termopl\u00e1stico y otras muchas simulaciones, permite evitar pasos de ajuste del molde, acortando as\u00ed significativamente los tiempos de dise\u00f1o.<\/p>\n<p>Inversiones y equipos de \u00faltima generaci\u00f3n nos permiten estar siempre al paso con la evoluci\u00f3n de la tecnolog\u00eda mec\u00e1nica aplicada, pero por s\u00ed solos no ser\u00edan suficientes para lograr el objetivo de alta calidad si no estuvieran respaldados por los m\u00e1s de treinta a\u00f1os de experiencia de nuestros t\u00e9cnicos especializados, capaces de \u00ableer\u00bb los datos recopilados, definir la viabilidad de las tolerancias requeridas y, en su caso, proponer cambios para lograr la m\u00e1xima precisi\u00f3n y calidad de los <strong>engranajes y elementos de transmisi\u00f3n<\/strong>.<\/p>\n<p>Si buscas un socio con experiencia internacional en el <strong>dise\u00f1o de componentes de transmisi\u00f3n y dise\u00f1o de engranajes<\/strong>, que disponga de estructuras y maquinaria de \u00faltima generaci\u00f3n, contacta con nosotros.<\/p>\n<p>&nbsp;<\/p>\n<p><img decoding=\"async\" class=\"aligncenter wp-image-1238 size-full\" src=\"\/wp-content\/uploads\/progettazione-e-gear-design-scaled.jpg\" alt=\"\" \/><\/p>\n","protected":false},"excerpt":{"rendered":"<p>Adem\u00e1s de la producci\u00f3n de piezas en cat\u00e1logo, nuestro departamento t\u00e9cnico tiene la capacidad de desarrollar proyectos a medida para satisfacer las necesidades de cada cliente y estudiar junto a \u00e9l el proyecto y dise\u00f1o de engranajes de componentes de transmisi\u00f3n. Para nosotros, el componente de comunicaci\u00f3n es fundamental en la fase de dise\u00f1o. De &hellip; <a href=\"https:\/\/www.stagnoligears.com\/es\/diseno\/planificacion-y-diseno-de-engranajes\/\">Continued<\/a><\/p>\n","protected":false},"author":1,"featured_media":0,"parent":115,"menu_order":0,"comment_status":"closed","ping_status":"closed","template":"template-progettazione-child.php","meta":{"_acf_changed":false,"footnotes":""},"class_list":["post-521","page","type-page","status-publish","hentry"],"acf":[],"yoast_head":"<!-- This site is optimized with the Yoast SEO plugin v27.4 - https:\/\/yoast.com\/product\/yoast-seo-wordpress\/ -->\n<title>Planificaci\u00f3n y dise\u00f1o de engranajes | Stagnoli<\/title>\n<meta name=\"description\" content=\"Stagnoli es el experto en dise\u00f1o y producci\u00f3n de engranajes de pl\u00e1stico. Visite nuestra p\u00e1gina Planificaci\u00f3n y dise\u00f1o de engranajes.\" \/>\n<meta name=\"robots\" content=\"index, follow, max-snippet:-1, max-image-preview:large, max-video-preview:-1\" \/>\n<link rel=\"canonical\" href=\"https:\/\/www.stagnoligears.com\/es\/diseno\/planificacion-y-diseno-de-engranajes\/\" \/>\n<meta property=\"og:locale\" content=\"es_ES\" \/>\n<meta property=\"og:type\" content=\"article\" \/>\n<meta property=\"og:title\" content=\"Planificaci\u00f3n y dise\u00f1o de engranajes | Stagnoli\" \/>\n<meta property=\"og:description\" content=\"Stagnoli es el experto en dise\u00f1o y producci\u00f3n de engranajes de pl\u00e1stico. Visite nuestra p\u00e1gina Planificaci\u00f3n y dise\u00f1o de engranajes.\" \/>\n<meta property=\"og:url\" content=\"https:\/\/www.stagnoligears.com\/es\/diseno\/planificacion-y-diseno-de-engranajes\/\" \/>\n<meta property=\"og:site_name\" content=\"Stagnoli\" \/>\n<meta property=\"article:modified_time\" content=\"2021-12-21T11:20:05+00:00\" \/>\n<meta property=\"og:image\" content=\"https:\/\/www.stagnoligears.com\/wp-content\/uploads\/progettazione-e-gear-design-scaled.jpg\" \/>\n<meta name=\"twitter:card\" content=\"summary_large_image\" \/>\n<meta name=\"twitter:label1\" content=\"Tiempo de lectura\" \/>\n\t<meta name=\"twitter:data1\" content=\"2 minutos\" \/>\n<script type=\"application\/ld+json\" class=\"yoast-schema-graph\">{\"@context\":\"https:\\\/\\\/schema.org\",\"@graph\":[{\"@type\":\"WebPage\",\"@id\":\"https:\\\/\\\/www.stagnoligears.com\\\/es\\\/diseno\\\/planificacion-y-diseno-de-engranajes\\\/\",\"url\":\"https:\\\/\\\/www.stagnoligears.com\\\/es\\\/diseno\\\/planificacion-y-diseno-de-engranajes\\\/\",\"name\":\"Planificaci\u00f3n y dise\u00f1o de engranajes | Stagnoli\",\"isPartOf\":{\"@id\":\"https:\\\/\\\/www.stagnoligears.com\\\/es\\\/#website\"},\"datePublished\":\"2018-05-30T13:18:50+00:00\",\"dateModified\":\"2021-12-21T11:20:05+00:00\",\"description\":\"Stagnoli es el experto en dise\u00f1o y producci\u00f3n de engranajes de pl\u00e1stico. Visite nuestra p\u00e1gina Planificaci\u00f3n y dise\u00f1o de engranajes.\",\"breadcrumb\":{\"@id\":\"https:\\\/\\\/www.stagnoligears.com\\\/es\\\/diseno\\\/planificacion-y-diseno-de-engranajes\\\/#breadcrumb\"},\"inLanguage\":\"es\",\"potentialAction\":[{\"@type\":\"ReadAction\",\"target\":[\"https:\\\/\\\/www.stagnoligears.com\\\/es\\\/diseno\\\/planificacion-y-diseno-de-engranajes\\\/\"]}]},{\"@type\":\"BreadcrumbList\",\"@id\":\"https:\\\/\\\/www.stagnoligears.com\\\/es\\\/diseno\\\/planificacion-y-diseno-de-engranajes\\\/#breadcrumb\",\"itemListElement\":[{\"@type\":\"ListItem\",\"position\":1,\"name\":\"Home\",\"item\":\"https:\\\/\\\/www.stagnoligears.com\\\/es\\\/\"},{\"@type\":\"ListItem\",\"position\":2,\"name\":\"Dise\u00f1o\",\"item\":\"https:\\\/\\\/www.stagnoligears.com\\\/es\\\/diseno\\\/\"},{\"@type\":\"ListItem\",\"position\":3,\"name\":\"Planificaci\u00f3n y dise\u00f1o de engranajes\"}]},{\"@type\":\"WebSite\",\"@id\":\"https:\\\/\\\/www.stagnoligears.com\\\/es\\\/#website\",\"url\":\"https:\\\/\\\/www.stagnoligears.com\\\/es\\\/\",\"name\":\"Stagnoli\",\"description\":\"\",\"publisher\":{\"@id\":\"https:\\\/\\\/www.stagnoligears.com\\\/es\\\/#organization\"},\"potentialAction\":[{\"@type\":\"SearchAction\",\"target\":{\"@type\":\"EntryPoint\",\"urlTemplate\":\"https:\\\/\\\/www.stagnoligears.com\\\/es\\\/?s={search_term_string}\"},\"query-input\":{\"@type\":\"PropertyValueSpecification\",\"valueRequired\":true,\"valueName\":\"search_term_string\"}}],\"inLanguage\":\"es\"},{\"@type\":\"Organization\",\"@id\":\"https:\\\/\\\/www.stagnoligears.com\\\/es\\\/#organization\",\"name\":\"Stagnoli Automation Solutions s.r.l.\",\"url\":\"https:\\\/\\\/www.stagnoligears.com\\\/es\\\/\",\"logo\":{\"@type\":\"ImageObject\",\"inLanguage\":\"es\",\"@id\":\"https:\\\/\\\/www.stagnoligears.com\\\/es\\\/#\\\/schema\\\/logo\\\/image\\\/\",\"url\":\"https:\\\/\\\/www.stagnoligears.com\\\/es\\\/wp-content\\\/uploads\\\/sites\\\/5\\\/logo.png\",\"contentUrl\":\"https:\\\/\\\/www.stagnoligears.com\\\/es\\\/wp-content\\\/uploads\\\/sites\\\/5\\\/logo.png\",\"width\":201,\"height\":87,\"caption\":\"Stagnoli Automation Solutions s.r.l.\"},\"image\":{\"@id\":\"https:\\\/\\\/www.stagnoligears.com\\\/es\\\/#\\\/schema\\\/logo\\\/image\\\/\"}}]}<\/script>\n<!-- \/ Yoast SEO plugin. -->","yoast_head_json":{"title":"Planificaci\u00f3n y dise\u00f1o de engranajes | Stagnoli","description":"Stagnoli es el experto en dise\u00f1o y producci\u00f3n de engranajes de pl\u00e1stico. Visite nuestra p\u00e1gina Planificaci\u00f3n y dise\u00f1o de engranajes.","robots":{"index":"index","follow":"follow","max-snippet":"max-snippet:-1","max-image-preview":"max-image-preview:large","max-video-preview":"max-video-preview:-1"},"canonical":"https:\/\/www.stagnoligears.com\/es\/diseno\/planificacion-y-diseno-de-engranajes\/","og_locale":"es_ES","og_type":"article","og_title":"Planificaci\u00f3n y dise\u00f1o de engranajes | Stagnoli","og_description":"Stagnoli es el experto en dise\u00f1o y producci\u00f3n de engranajes de pl\u00e1stico. Visite nuestra p\u00e1gina Planificaci\u00f3n y dise\u00f1o de engranajes.","og_url":"https:\/\/www.stagnoligears.com\/es\/diseno\/planificacion-y-diseno-de-engranajes\/","og_site_name":"Stagnoli","article_modified_time":"2021-12-21T11:20:05+00:00","og_image":[{"url":"https:\/\/www.stagnoligears.com\/wp-content\/uploads\/progettazione-e-gear-design-scaled.jpg","type":"","width":"","height":""}],"twitter_card":"summary_large_image","twitter_misc":{"Tiempo de lectura":"2 minutos"},"schema":{"@context":"https:\/\/schema.org","@graph":[{"@type":"WebPage","@id":"https:\/\/www.stagnoligears.com\/es\/diseno\/planificacion-y-diseno-de-engranajes\/","url":"https:\/\/www.stagnoligears.com\/es\/diseno\/planificacion-y-diseno-de-engranajes\/","name":"Planificaci\u00f3n y dise\u00f1o de engranajes | Stagnoli","isPartOf":{"@id":"https:\/\/www.stagnoligears.com\/es\/#website"},"datePublished":"2018-05-30T13:18:50+00:00","dateModified":"2021-12-21T11:20:05+00:00","description":"Stagnoli es el experto en dise\u00f1o y producci\u00f3n de engranajes de pl\u00e1stico. Visite nuestra p\u00e1gina Planificaci\u00f3n y dise\u00f1o de engranajes.","breadcrumb":{"@id":"https:\/\/www.stagnoligears.com\/es\/diseno\/planificacion-y-diseno-de-engranajes\/#breadcrumb"},"inLanguage":"es","potentialAction":[{"@type":"ReadAction","target":["https:\/\/www.stagnoligears.com\/es\/diseno\/planificacion-y-diseno-de-engranajes\/"]}]},{"@type":"BreadcrumbList","@id":"https:\/\/www.stagnoligears.com\/es\/diseno\/planificacion-y-diseno-de-engranajes\/#breadcrumb","itemListElement":[{"@type":"ListItem","position":1,"name":"Home","item":"https:\/\/www.stagnoligears.com\/es\/"},{"@type":"ListItem","position":2,"name":"Dise\u00f1o","item":"https:\/\/www.stagnoligears.com\/es\/diseno\/"},{"@type":"ListItem","position":3,"name":"Planificaci\u00f3n y dise\u00f1o de engranajes"}]},{"@type":"WebSite","@id":"https:\/\/www.stagnoligears.com\/es\/#website","url":"https:\/\/www.stagnoligears.com\/es\/","name":"Stagnoli","description":"","publisher":{"@id":"https:\/\/www.stagnoligears.com\/es\/#organization"},"potentialAction":[{"@type":"SearchAction","target":{"@type":"EntryPoint","urlTemplate":"https:\/\/www.stagnoligears.com\/es\/?s={search_term_string}"},"query-input":{"@type":"PropertyValueSpecification","valueRequired":true,"valueName":"search_term_string"}}],"inLanguage":"es"},{"@type":"Organization","@id":"https:\/\/www.stagnoligears.com\/es\/#organization","name":"Stagnoli Automation Solutions s.r.l.","url":"https:\/\/www.stagnoligears.com\/es\/","logo":{"@type":"ImageObject","inLanguage":"es","@id":"https:\/\/www.stagnoligears.com\/es\/#\/schema\/logo\/image\/","url":"https:\/\/www.stagnoligears.com\/es\/wp-content\/uploads\/sites\/5\/logo.png","contentUrl":"https:\/\/www.stagnoligears.com\/es\/wp-content\/uploads\/sites\/5\/logo.png","width":201,"height":87,"caption":"Stagnoli Automation Solutions s.r.l."},"image":{"@id":"https:\/\/www.stagnoligears.com\/es\/#\/schema\/logo\/image\/"}}]}},"_links":{"self":[{"href":"https:\/\/www.stagnoligears.com\/es\/wp-json\/wp\/v2\/pages\/521","targetHints":{"allow":["GET"]}}],"collection":[{"href":"https:\/\/www.stagnoligears.com\/es\/wp-json\/wp\/v2\/pages"}],"about":[{"href":"https:\/\/www.stagnoligears.com\/es\/wp-json\/wp\/v2\/types\/page"}],"author":[{"embeddable":true,"href":"https:\/\/www.stagnoligears.com\/es\/wp-json\/wp\/v2\/users\/1"}],"replies":[{"embeddable":true,"href":"https:\/\/www.stagnoligears.com\/es\/wp-json\/wp\/v2\/comments?post=521"}],"version-history":[{"count":26,"href":"https:\/\/www.stagnoligears.com\/es\/wp-json\/wp\/v2\/pages\/521\/revisions"}],"predecessor-version":[{"id":5248,"href":"https:\/\/www.stagnoligears.com\/es\/wp-json\/wp\/v2\/pages\/521\/revisions\/5248"}],"up":[{"embeddable":true,"href":"https:\/\/www.stagnoligears.com\/es\/wp-json\/wp\/v2\/pages\/115"}],"wp:attachment":[{"href":"https:\/\/www.stagnoligears.com\/es\/wp-json\/wp\/v2\/media?parent=521"}],"curies":[{"name":"wp","href":"https:\/\/api.w.org\/{rel}","templated":true}]}}