{"id":425,"date":"2018-05-15T16:31:49","date_gmt":"2018-05-15T14:31:49","guid":{"rendered":"http:\/\/www.stagnoligears.dexanet.biz\/?page_id=425"},"modified":"2021-12-21T17:37:03","modified_gmt":"2021-12-21T16:37:03","slug":"solicitar-un-presupuesto","status":"publish","type":"page","link":"https:\/\/www.stagnoligears.com\/es\/solicitar-un-presupuesto\/","title":{"rendered":"Solicitar un presupuesto"},"content":{"rendered":"<p>\u00bfTienes un proyecto que enviarnos? Completa el formulario de al lado y adjunta tu archivo. Construiremos tu idea junto a ti.<\/p>\n","protected":false},"excerpt":{"rendered":"<p>\u00bfTienes un proyecto que enviarnos? Completa el formulario de al lado y adjunta tu archivo. Construiremos tu idea junto a ti.<\/p>\n","protected":false},"author":1,"featured_media":0,"parent":0,"menu_order":0,"comment_status":"closed","ping_status":"closed","template":"template-quotazione.php","meta":{"_acf_changed":false,"footnotes":""},"class_list":["post-425","page","type-page","status-publish","hentry"],"acf":[],"yoast_head":"<!-- This site is optimized with the Yoast SEO plugin v27.4 - https:\/\/yoast.com\/product\/yoast-seo-wordpress\/ -->\n<title>Solicitar un presupuesto | Stagnoli<\/title>\n<meta name=\"description\" content=\"Stagnoli es el experto en dise\u00f1o y producci\u00f3n de engranajes de pl\u00e1stico. Visite nuestra p\u00e1gina Solicitar un presupuesto.\" \/>\n<meta name=\"robots\" content=\"index, follow, max-snippet:-1, max-image-preview:large, max-video-preview:-1\" \/>\n<link rel=\"canonical\" href=\"https:\/\/www.stagnoligears.com\/es\/solicitar-un-presupuesto\/\" \/>\n<meta property=\"og:locale\" content=\"es_ES\" \/>\n<meta property=\"og:type\" content=\"article\" \/>\n<meta property=\"og:title\" content=\"Solicitar un presupuesto | Stagnoli\" \/>\n<meta property=\"og:description\" content=\"Stagnoli es el experto en dise\u00f1o y producci\u00f3n de engranajes de pl\u00e1stico. Visite nuestra p\u00e1gina Solicitar un presupuesto.\" \/>\n<meta property=\"og:url\" content=\"https:\/\/www.stagnoligears.com\/es\/solicitar-un-presupuesto\/\" \/>\n<meta property=\"og:site_name\" content=\"Stagnoli\" \/>\n<meta property=\"article:modified_time\" content=\"2021-12-21T16:37:03+00:00\" \/>\n<meta name=\"twitter:card\" content=\"summary_large_image\" \/>\n<script type=\"application\/ld+json\" class=\"yoast-schema-graph\">{\"@context\":\"https:\\\/\\\/schema.org\",\"@graph\":[{\"@type\":\"WebPage\",\"@id\":\"https:\\\/\\\/www.stagnoligears.com\\\/es\\\/solicitar-un-presupuesto\\\/\",\"url\":\"https:\\\/\\\/www.stagnoligears.com\\\/es\\\/solicitar-un-presupuesto\\\/\",\"name\":\"Solicitar un presupuesto | Stagnoli\",\"isPartOf\":{\"@id\":\"https:\\\/\\\/www.stagnoligears.com\\\/es\\\/#website\"},\"datePublished\":\"2018-05-15T14:31:49+00:00\",\"dateModified\":\"2021-12-21T16:37:03+00:00\",\"description\":\"Stagnoli es el experto en dise\u00f1o y producci\u00f3n de engranajes de pl\u00e1stico. Visite nuestra p\u00e1gina Solicitar un presupuesto.\",\"breadcrumb\":{\"@id\":\"https:\\\/\\\/www.stagnoligears.com\\\/es\\\/solicitar-un-presupuesto\\\/#breadcrumb\"},\"inLanguage\":\"es\",\"potentialAction\":[{\"@type\":\"ReadAction\",\"target\":[\"https:\\\/\\\/www.stagnoligears.com\\\/es\\\/solicitar-un-presupuesto\\\/\"]}]},{\"@type\":\"BreadcrumbList\",\"@id\":\"https:\\\/\\\/www.stagnoligears.com\\\/es\\\/solicitar-un-presupuesto\\\/#breadcrumb\",\"itemListElement\":[{\"@type\":\"ListItem\",\"position\":1,\"name\":\"Home\",\"item\":\"https:\\\/\\\/www.stagnoligears.com\\\/es\\\/\"},{\"@type\":\"ListItem\",\"position\":2,\"name\":\"Solicitar un presupuesto\"}]},{\"@type\":\"WebSite\",\"@id\":\"https:\\\/\\\/www.stagnoligears.com\\\/es\\\/#website\",\"url\":\"https:\\\/\\\/www.stagnoligears.com\\\/es\\\/\",\"name\":\"Stagnoli\",\"description\":\"\",\"publisher\":{\"@id\":\"https:\\\/\\\/www.stagnoligears.com\\\/es\\\/#organization\"},\"potentialAction\":[{\"@type\":\"SearchAction\",\"target\":{\"@type\":\"EntryPoint\",\"urlTemplate\":\"https:\\\/\\\/www.stagnoligears.com\\\/es\\\/?s={search_term_string}\"},\"query-input\":{\"@type\":\"PropertyValueSpecification\",\"valueRequired\":true,\"valueName\":\"search_term_string\"}}],\"inLanguage\":\"es\"},{\"@type\":\"Organization\",\"@id\":\"https:\\\/\\\/www.stagnoligears.com\\\/es\\\/#organization\",\"name\":\"Stagnoli Automation Solutions s.r.l.\",\"url\":\"https:\\\/\\\/www.stagnoligears.com\\\/es\\\/\",\"logo\":{\"@type\":\"ImageObject\",\"inLanguage\":\"es\",\"@id\":\"https:\\\/\\\/www.stagnoligears.com\\\/es\\\/#\\\/schema\\\/logo\\\/image\\\/\",\"url\":\"https:\\\/\\\/www.stagnoligears.com\\\/es\\\/wp-content\\\/uploads\\\/sites\\\/5\\\/logo.png\",\"contentUrl\":\"https:\\\/\\\/www.stagnoligears.com\\\/es\\\/wp-content\\\/uploads\\\/sites\\\/5\\\/logo.png\",\"width\":201,\"height\":87,\"caption\":\"Stagnoli Automation Solutions s.r.l.\"},\"image\":{\"@id\":\"https:\\\/\\\/www.stagnoligears.com\\\/es\\\/#\\\/schema\\\/logo\\\/image\\\/\"}}]}<\/script>\n<!-- \/ Yoast SEO plugin. -->","yoast_head_json":{"title":"Solicitar un presupuesto | Stagnoli","description":"Stagnoli es el experto en dise\u00f1o y producci\u00f3n de engranajes de pl\u00e1stico. Visite nuestra p\u00e1gina Solicitar un presupuesto.","robots":{"index":"index","follow":"follow","max-snippet":"max-snippet:-1","max-image-preview":"max-image-preview:large","max-video-preview":"max-video-preview:-1"},"canonical":"https:\/\/www.stagnoligears.com\/es\/solicitar-un-presupuesto\/","og_locale":"es_ES","og_type":"article","og_title":"Solicitar un presupuesto | Stagnoli","og_description":"Stagnoli es el experto en dise\u00f1o y producci\u00f3n de engranajes de pl\u00e1stico. Visite nuestra p\u00e1gina Solicitar un presupuesto.","og_url":"https:\/\/www.stagnoligears.com\/es\/solicitar-un-presupuesto\/","og_site_name":"Stagnoli","article_modified_time":"2021-12-21T16:37:03+00:00","twitter_card":"summary_large_image","schema":{"@context":"https:\/\/schema.org","@graph":[{"@type":"WebPage","@id":"https:\/\/www.stagnoligears.com\/es\/solicitar-un-presupuesto\/","url":"https:\/\/www.stagnoligears.com\/es\/solicitar-un-presupuesto\/","name":"Solicitar un presupuesto | Stagnoli","isPartOf":{"@id":"https:\/\/www.stagnoligears.com\/es\/#website"},"datePublished":"2018-05-15T14:31:49+00:00","dateModified":"2021-12-21T16:37:03+00:00","description":"Stagnoli es el experto en dise\u00f1o y producci\u00f3n de engranajes de pl\u00e1stico. Visite nuestra p\u00e1gina Solicitar un presupuesto.","breadcrumb":{"@id":"https:\/\/www.stagnoligears.com\/es\/solicitar-un-presupuesto\/#breadcrumb"},"inLanguage":"es","potentialAction":[{"@type":"ReadAction","target":["https:\/\/www.stagnoligears.com\/es\/solicitar-un-presupuesto\/"]}]},{"@type":"BreadcrumbList","@id":"https:\/\/www.stagnoligears.com\/es\/solicitar-un-presupuesto\/#breadcrumb","itemListElement":[{"@type":"ListItem","position":1,"name":"Home","item":"https:\/\/www.stagnoligears.com\/es\/"},{"@type":"ListItem","position":2,"name":"Solicitar un presupuesto"}]},{"@type":"WebSite","@id":"https:\/\/www.stagnoligears.com\/es\/#website","url":"https:\/\/www.stagnoligears.com\/es\/","name":"Stagnoli","description":"","publisher":{"@id":"https:\/\/www.stagnoligears.com\/es\/#organization"},"potentialAction":[{"@type":"SearchAction","target":{"@type":"EntryPoint","urlTemplate":"https:\/\/www.stagnoligears.com\/es\/?s={search_term_string}"},"query-input":{"@type":"PropertyValueSpecification","valueRequired":true,"valueName":"search_term_string"}}],"inLanguage":"es"},{"@type":"Organization","@id":"https:\/\/www.stagnoligears.com\/es\/#organization","name":"Stagnoli Automation Solutions s.r.l.","url":"https:\/\/www.stagnoligears.com\/es\/","logo":{"@type":"ImageObject","inLanguage":"es","@id":"https:\/\/www.stagnoligears.com\/es\/#\/schema\/logo\/image\/","url":"https:\/\/www.stagnoligears.com\/es\/wp-content\/uploads\/sites\/5\/logo.png","contentUrl":"https:\/\/www.stagnoligears.com\/es\/wp-content\/uploads\/sites\/5\/logo.png","width":201,"height":87,"caption":"Stagnoli Automation Solutions s.r.l."},"image":{"@id":"https:\/\/www.stagnoligears.com\/es\/#\/schema\/logo\/image\/"}}]}},"_links":{"self":[{"href":"https:\/\/www.stagnoligears.com\/es\/wp-json\/wp\/v2\/pages\/425","targetHints":{"allow":["GET"]}}],"collection":[{"href":"https:\/\/www.stagnoligears.com\/es\/wp-json\/wp\/v2\/pages"}],"about":[{"href":"https:\/\/www.stagnoligears.com\/es\/wp-json\/wp\/v2\/types\/page"}],"author":[{"embeddable":true,"href":"https:\/\/www.stagnoligears.com\/es\/wp-json\/wp\/v2\/users\/1"}],"replies":[{"embeddable":true,"href":"https:\/\/www.stagnoligears.com\/es\/wp-json\/wp\/v2\/comments?post=425"}],"version-history":[{"count":5,"href":"https:\/\/www.stagnoligears.com\/es\/wp-json\/wp\/v2\/pages\/425\/revisions"}],"predecessor-version":[{"id":5293,"href":"https:\/\/www.stagnoligears.com\/es\/wp-json\/wp\/v2\/pages\/425\/revisions\/5293"}],"wp:attachment":[{"href":"https:\/\/www.stagnoligears.com\/es\/wp-json\/wp\/v2\/media?parent=425"}],"curies":[{"name":"wp","href":"https:\/\/api.w.org\/{rel}","templated":true}]}}