{"id":4,"date":"2018-04-24T10:39:05","date_gmt":"2018-04-24T08:39:05","guid":{"rendered":"http:\/\/www.stagnoligears.dexanet.biz\/contatti\/"},"modified":"2026-03-02T19:35:35","modified_gmt":"2026-03-02T18:35:35","slug":"contacto","status":"publish","type":"page","link":"https:\/\/www.stagnoligears.com\/es\/contacto\/","title":{"rendered":"Contacto"},"content":{"rendered":"<h1 class=\"title-h2\"><span class=\"verde\">CONTACTO<\/span><br \/>\nE INFORMACI\u00d3N \u00daTIL<\/h1>\n<p>&nbsp;<\/p>\n<p>Completa el siguiente formulario para solicitar m\u00e1s informaci\u00f3n. Recibir\u00e1s una respuesta a la mayor brevedad.<\/p>\n","protected":false},"excerpt":{"rendered":"<p>CONTACTO E INFORMACI\u00d3N \u00daTIL &nbsp; Completa el siguiente formulario para solicitar m\u00e1s informaci\u00f3n. Recibir\u00e1s una respuesta a la mayor brevedad.<\/p>\n","protected":false},"author":1,"featured_media":0,"parent":0,"menu_order":0,"comment_status":"closed","ping_status":"closed","template":"template-contatti.php","meta":{"_acf_changed":false,"footnotes":""},"class_list":["post-4","page","type-page","status-publish","hentry"],"acf":[],"yoast_head":"<!-- This site is optimized with the Yoast SEO plugin v27.4 - https:\/\/yoast.com\/product\/yoast-seo-wordpress\/ -->\n<title>Producci\u00f3n y venta de engranajes termopl\u00e1sticos - Engranajes y transmisiones de tecnopol\u00edmeros<\/title>\n<meta name=\"description\" content=\"Producci\u00f3n y venta de engranajes termopl\u00e1sticos, solicite un presupuesto o una oferta econ\u00f3mica para engranajes de tecnopol\u00edmero est\u00e1ndar o a medida\" \/>\n<meta name=\"robots\" content=\"index, follow, max-snippet:-1, max-image-preview:large, max-video-preview:-1\" \/>\n<link rel=\"canonical\" href=\"https:\/\/www.stagnoligears.com\/es\/contacto\/\" \/>\n<meta property=\"og:locale\" content=\"es_ES\" \/>\n<meta property=\"og:type\" content=\"article\" \/>\n<meta property=\"og:title\" content=\"Producci\u00f3n y venta de engranajes termopl\u00e1sticos - Engranajes y transmisiones de tecnopol\u00edmeros\" \/>\n<meta property=\"og:description\" content=\"Producci\u00f3n y venta de engranajes termopl\u00e1sticos, solicite un presupuesto o una oferta econ\u00f3mica para engranajes de tecnopol\u00edmero est\u00e1ndar o a medida\" \/>\n<meta property=\"og:url\" content=\"https:\/\/www.stagnoligears.com\/es\/contacto\/\" \/>\n<meta property=\"og:site_name\" content=\"Stagnoli\" \/>\n<meta property=\"article:modified_time\" content=\"2026-03-02T18:35:35+00:00\" \/>\n<meta name=\"twitter:card\" content=\"summary_large_image\" \/>\n<meta name=\"twitter:label1\" content=\"Tiempo de lectura\" \/>\n\t<meta name=\"twitter:data1\" content=\"1 minuto\" \/>\n<script type=\"application\/ld+json\" class=\"yoast-schema-graph\">{\"@context\":\"https:\\\/\\\/schema.org\",\"@graph\":[{\"@type\":\"WebPage\",\"@id\":\"https:\\\/\\\/www.stagnoligears.com\\\/es\\\/contacto\\\/\",\"url\":\"https:\\\/\\\/www.stagnoligears.com\\\/es\\\/contacto\\\/\",\"name\":\"Producci\u00f3n y venta de engranajes termopl\u00e1sticos - Engranajes y transmisiones de tecnopol\u00edmeros\",\"isPartOf\":{\"@id\":\"https:\\\/\\\/www.stagnoligears.com\\\/es\\\/#website\"},\"datePublished\":\"2018-04-24T08:39:05+00:00\",\"dateModified\":\"2026-03-02T18:35:35+00:00\",\"description\":\"Producci\u00f3n y venta de engranajes termopl\u00e1sticos, solicite un presupuesto o una oferta econ\u00f3mica para engranajes de tecnopol\u00edmero est\u00e1ndar o a medida\",\"breadcrumb\":{\"@id\":\"https:\\\/\\\/www.stagnoligears.com\\\/es\\\/contacto\\\/#breadcrumb\"},\"inLanguage\":\"es\",\"potentialAction\":[{\"@type\":\"ReadAction\",\"target\":[\"https:\\\/\\\/www.stagnoligears.com\\\/es\\\/contacto\\\/\"]}]},{\"@type\":\"BreadcrumbList\",\"@id\":\"https:\\\/\\\/www.stagnoligears.com\\\/es\\\/contacto\\\/#breadcrumb\",\"itemListElement\":[{\"@type\":\"ListItem\",\"position\":1,\"name\":\"Home\",\"item\":\"https:\\\/\\\/www.stagnoligears.com\\\/es\\\/\"},{\"@type\":\"ListItem\",\"position\":2,\"name\":\"Contacto\"}]},{\"@type\":\"WebSite\",\"@id\":\"https:\\\/\\\/www.stagnoligears.com\\\/es\\\/#website\",\"url\":\"https:\\\/\\\/www.stagnoligears.com\\\/es\\\/\",\"name\":\"Stagnoli\",\"description\":\"\",\"publisher\":{\"@id\":\"https:\\\/\\\/www.stagnoligears.com\\\/es\\\/#organization\"},\"potentialAction\":[{\"@type\":\"SearchAction\",\"target\":{\"@type\":\"EntryPoint\",\"urlTemplate\":\"https:\\\/\\\/www.stagnoligears.com\\\/es\\\/?s={search_term_string}\"},\"query-input\":{\"@type\":\"PropertyValueSpecification\",\"valueRequired\":true,\"valueName\":\"search_term_string\"}}],\"inLanguage\":\"es\"},{\"@type\":\"Organization\",\"@id\":\"https:\\\/\\\/www.stagnoligears.com\\\/es\\\/#organization\",\"name\":\"Stagnoli Automation Solutions s.r.l.\",\"url\":\"https:\\\/\\\/www.stagnoligears.com\\\/es\\\/\",\"logo\":{\"@type\":\"ImageObject\",\"inLanguage\":\"es\",\"@id\":\"https:\\\/\\\/www.stagnoligears.com\\\/es\\\/#\\\/schema\\\/logo\\\/image\\\/\",\"url\":\"https:\\\/\\\/www.stagnoligears.com\\\/es\\\/wp-content\\\/uploads\\\/sites\\\/5\\\/logo.png\",\"contentUrl\":\"https:\\\/\\\/www.stagnoligears.com\\\/es\\\/wp-content\\\/uploads\\\/sites\\\/5\\\/logo.png\",\"width\":201,\"height\":87,\"caption\":\"Stagnoli Automation Solutions s.r.l.\"},\"image\":{\"@id\":\"https:\\\/\\\/www.stagnoligears.com\\\/es\\\/#\\\/schema\\\/logo\\\/image\\\/\"}}]}<\/script>\n<!-- \/ Yoast SEO plugin. -->","yoast_head_json":{"title":"Producci\u00f3n y venta de engranajes termopl\u00e1sticos - Engranajes y transmisiones de tecnopol\u00edmeros","description":"Producci\u00f3n y venta de engranajes termopl\u00e1sticos, solicite un presupuesto o una oferta econ\u00f3mica para engranajes de tecnopol\u00edmero est\u00e1ndar o a medida","robots":{"index":"index","follow":"follow","max-snippet":"max-snippet:-1","max-image-preview":"max-image-preview:large","max-video-preview":"max-video-preview:-1"},"canonical":"https:\/\/www.stagnoligears.com\/es\/contacto\/","og_locale":"es_ES","og_type":"article","og_title":"Producci\u00f3n y venta de engranajes termopl\u00e1sticos - Engranajes y transmisiones de tecnopol\u00edmeros","og_description":"Producci\u00f3n y venta de engranajes termopl\u00e1sticos, solicite un presupuesto o una oferta econ\u00f3mica para engranajes de tecnopol\u00edmero est\u00e1ndar o a medida","og_url":"https:\/\/www.stagnoligears.com\/es\/contacto\/","og_site_name":"Stagnoli","article_modified_time":"2026-03-02T18:35:35+00:00","twitter_card":"summary_large_image","twitter_misc":{"Tiempo de lectura":"1 minuto"},"schema":{"@context":"https:\/\/schema.org","@graph":[{"@type":"WebPage","@id":"https:\/\/www.stagnoligears.com\/es\/contacto\/","url":"https:\/\/www.stagnoligears.com\/es\/contacto\/","name":"Producci\u00f3n y venta de engranajes termopl\u00e1sticos - Engranajes y transmisiones de tecnopol\u00edmeros","isPartOf":{"@id":"https:\/\/www.stagnoligears.com\/es\/#website"},"datePublished":"2018-04-24T08:39:05+00:00","dateModified":"2026-03-02T18:35:35+00:00","description":"Producci\u00f3n y venta de engranajes termopl\u00e1sticos, solicite un presupuesto o una oferta econ\u00f3mica para engranajes de tecnopol\u00edmero est\u00e1ndar o a medida","breadcrumb":{"@id":"https:\/\/www.stagnoligears.com\/es\/contacto\/#breadcrumb"},"inLanguage":"es","potentialAction":[{"@type":"ReadAction","target":["https:\/\/www.stagnoligears.com\/es\/contacto\/"]}]},{"@type":"BreadcrumbList","@id":"https:\/\/www.stagnoligears.com\/es\/contacto\/#breadcrumb","itemListElement":[{"@type":"ListItem","position":1,"name":"Home","item":"https:\/\/www.stagnoligears.com\/es\/"},{"@type":"ListItem","position":2,"name":"Contacto"}]},{"@type":"WebSite","@id":"https:\/\/www.stagnoligears.com\/es\/#website","url":"https:\/\/www.stagnoligears.com\/es\/","name":"Stagnoli","description":"","publisher":{"@id":"https:\/\/www.stagnoligears.com\/es\/#organization"},"potentialAction":[{"@type":"SearchAction","target":{"@type":"EntryPoint","urlTemplate":"https:\/\/www.stagnoligears.com\/es\/?s={search_term_string}"},"query-input":{"@type":"PropertyValueSpecification","valueRequired":true,"valueName":"search_term_string"}}],"inLanguage":"es"},{"@type":"Organization","@id":"https:\/\/www.stagnoligears.com\/es\/#organization","name":"Stagnoli Automation Solutions s.r.l.","url":"https:\/\/www.stagnoligears.com\/es\/","logo":{"@type":"ImageObject","inLanguage":"es","@id":"https:\/\/www.stagnoligears.com\/es\/#\/schema\/logo\/image\/","url":"https:\/\/www.stagnoligears.com\/es\/wp-content\/uploads\/sites\/5\/logo.png","contentUrl":"https:\/\/www.stagnoligears.com\/es\/wp-content\/uploads\/sites\/5\/logo.png","width":201,"height":87,"caption":"Stagnoli Automation Solutions s.r.l."},"image":{"@id":"https:\/\/www.stagnoligears.com\/es\/#\/schema\/logo\/image\/"}}]}},"_links":{"self":[{"href":"https:\/\/www.stagnoligears.com\/es\/wp-json\/wp\/v2\/pages\/4","targetHints":{"allow":["GET"]}}],"collection":[{"href":"https:\/\/www.stagnoligears.com\/es\/wp-json\/wp\/v2\/pages"}],"about":[{"href":"https:\/\/www.stagnoligears.com\/es\/wp-json\/wp\/v2\/types\/page"}],"author":[{"embeddable":true,"href":"https:\/\/www.stagnoligears.com\/es\/wp-json\/wp\/v2\/users\/1"}],"replies":[{"embeddable":true,"href":"https:\/\/www.stagnoligears.com\/es\/wp-json\/wp\/v2\/comments?post=4"}],"version-history":[{"count":17,"href":"https:\/\/www.stagnoligears.com\/es\/wp-json\/wp\/v2\/pages\/4\/revisions"}],"predecessor-version":[{"id":6299,"href":"https:\/\/www.stagnoligears.com\/es\/wp-json\/wp\/v2\/pages\/4\/revisions\/6299"}],"wp:attachment":[{"href":"https:\/\/www.stagnoligears.com\/es\/wp-json\/wp\/v2\/media?parent=4"}],"curies":[{"name":"wp","href":"https:\/\/api.w.org\/{rel}","templated":true}]}}