{"id":2415,"date":"2020-07-31T15:20:18","date_gmt":"2020-07-31T13:20:18","guid":{"rendered":"http:\/\/www.stagnoligears.com\/es\/?page_id=2415"},"modified":"2025-06-06T11:09:08","modified_gmt":"2025-06-06T09:09:08","slug":"prototipazione-3d-fdm","status":"publish","type":"page","link":"https:\/\/www.stagnoligears.com\/es\/prototipazione-3d-fdm\/","title":{"rendered":"Prototipado"},"content":{"rendered":"<h2 class=\"mb-4\"><span class=\"verde\">\u00abDEL PROYECTO A LA PRODUCCI\u00d3N\u00bb<\/span><br \/>\nPASANDO POR LOS PROTOTIPOS Y LAS MINISERIES<\/h2>\n<p>Ofrecemos un servicio de prototipado y microseries, empleando una tecnolog\u00eda especial de impresi\u00f3n 3D FDM que garantiza un elevado rendimiento mec\u00e1nico, hasta 10 veces superior a los pl\u00e1sticos habitualmente utilizados en la impresi\u00f3n 3D gracias a la posibilidad de utilizar un refuerzo fibroso.<\/p>\n<p><strong>Caracter\u00edsticas<\/strong><\/p>\n<p>Nuestro punto fuerte es proporcionar un componente t\u00e9cnico impreso en 3D, con excelentes propiedades mec\u00e1nicas y dejando al cliente libertad para elegir entre dos tipos de material, ambos con propiedades mec\u00e1nicas superiores a los conocidos PLA y ABS: Stagnoli FDM (matriz pl\u00e1stica a base de poliamida reforzada con fibras de carbono trituradas) o bien Stagnoli Fiberglass FDM (versi\u00f3n en la que Stagnoli FDM es objeto de refuerzo adicional con fibra de vidrio).<\/p>\n","protected":false},"excerpt":{"rendered":"<p>\u00abDEL PROYECTO A LA PRODUCCI\u00d3N\u00bb PASANDO POR LOS PROTOTIPOS Y LAS MINISERIES Ofrecemos un servicio de prototipado y microseries, empleando una tecnolog\u00eda especial de impresi\u00f3n 3D FDM que garantiza un elevado rendimiento mec\u00e1nico, hasta 10 veces superior a los pl\u00e1sticos habitualmente utilizados en la impresi\u00f3n 3D gracias a la posibilidad de utilizar un refuerzo fibroso. &hellip; <a href=\"https:\/\/www.stagnoligears.com\/es\/prototipazione-3d-fdm\/\">Continued<\/a><\/p>\n","protected":false},"author":1,"featured_media":2419,"parent":0,"menu_order":0,"comment_status":"closed","ping_status":"closed","template":"template-prototipazione.php","meta":{"_acf_changed":false,"footnotes":""},"class_list":["post-2415","page","type-page","status-publish","has-post-thumbnail","hentry"],"acf":[],"yoast_head":"<!-- This site is optimized with the Yoast SEO plugin v27.4 - https:\/\/yoast.com\/product\/yoast-seo-wordpress\/ -->\n<title>Prototipos 3D FDM - Impresi\u00f3n 3D FDM - Impresi\u00f3n 3D de engranajes<\/title>\n<meta name=\"description\" content=\"Nuestro servicio de creaci\u00f3n de prototipos en 3D con tecnolog\u00eda FDM nos permite producir componentes con altas prestaciones mec\u00e1nicas. M\u00e1s informaci\u00f3n\" \/>\n<meta name=\"robots\" content=\"index, nofollow, max-snippet:-1, max-image-preview:large, max-video-preview:-1\" \/>\n<link rel=\"canonical\" href=\"https:\/\/www.stagnoligears.com\/es\/prototipazione-3d-fdm\/\" \/>\n<meta property=\"og:locale\" content=\"es_ES\" \/>\n<meta property=\"og:type\" content=\"article\" \/>\n<meta property=\"og:title\" content=\"Prototipos 3D FDM - Impresi\u00f3n 3D FDM - Impresi\u00f3n 3D de engranajes\" \/>\n<meta property=\"og:description\" content=\"Nuestro servicio de creaci\u00f3n de prototipos en 3D con tecnolog\u00eda FDM nos permite producir componentes con altas prestaciones mec\u00e1nicas. M\u00e1s informaci\u00f3n\" \/>\n<meta property=\"og:url\" content=\"https:\/\/www.stagnoligears.com\/es\/prototipazione-3d-fdm\/\" \/>\n<meta property=\"og:site_name\" content=\"Stagnoli\" \/>\n<meta property=\"article:modified_time\" content=\"2025-06-06T09:09:08+00:00\" \/>\n<meta property=\"og:image\" content=\"https:\/\/www.stagnoligears.com\/es\/wp-content\/uploads\/sites\/5\/prototipazione-stampa-3d-fdm-header.jpg\" \/>\n\t<meta property=\"og:image:width\" content=\"1920\" \/>\n\t<meta property=\"og:image:height\" content=\"841\" \/>\n\t<meta property=\"og:image:type\" content=\"image\/jpeg\" \/>\n<meta name=\"twitter:card\" content=\"summary_large_image\" \/>\n<meta name=\"twitter:label1\" content=\"Tiempo de lectura\" \/>\n\t<meta name=\"twitter:data1\" content=\"1 minuto\" \/>\n<script type=\"application\/ld+json\" class=\"yoast-schema-graph\">{\"@context\":\"https:\\\/\\\/schema.org\",\"@graph\":[{\"@type\":\"WebPage\",\"@id\":\"https:\\\/\\\/www.stagnoligears.com\\\/es\\\/prototipazione-3d-fdm\\\/\",\"url\":\"https:\\\/\\\/www.stagnoligears.com\\\/es\\\/prototipazione-3d-fdm\\\/\",\"name\":\"Prototipos 3D FDM - Impresi\u00f3n 3D FDM - Impresi\u00f3n 3D de engranajes\",\"isPartOf\":{\"@id\":\"https:\\\/\\\/www.stagnoligears.com\\\/es\\\/#website\"},\"primaryImageOfPage\":{\"@id\":\"https:\\\/\\\/www.stagnoligears.com\\\/es\\\/prototipazione-3d-fdm\\\/#primaryimage\"},\"image\":{\"@id\":\"https:\\\/\\\/www.stagnoligears.com\\\/es\\\/prototipazione-3d-fdm\\\/#primaryimage\"},\"thumbnailUrl\":\"https:\\\/\\\/www.stagnoligears.com\\\/es\\\/wp-content\\\/uploads\\\/sites\\\/5\\\/prototipazione-stampa-3d-fdm-header.jpg\",\"datePublished\":\"2020-07-31T13:20:18+00:00\",\"dateModified\":\"2025-06-06T09:09:08+00:00\",\"description\":\"Nuestro servicio de creaci\u00f3n de prototipos en 3D con tecnolog\u00eda FDM nos permite producir componentes con altas prestaciones mec\u00e1nicas. M\u00e1s informaci\u00f3n\",\"breadcrumb\":{\"@id\":\"https:\\\/\\\/www.stagnoligears.com\\\/es\\\/prototipazione-3d-fdm\\\/#breadcrumb\"},\"inLanguage\":\"es\",\"potentialAction\":[{\"@type\":\"ReadAction\",\"target\":[\"https:\\\/\\\/www.stagnoligears.com\\\/es\\\/prototipazione-3d-fdm\\\/\"]}]},{\"@type\":\"ImageObject\",\"inLanguage\":\"es\",\"@id\":\"https:\\\/\\\/www.stagnoligears.com\\\/es\\\/prototipazione-3d-fdm\\\/#primaryimage\",\"url\":\"https:\\\/\\\/www.stagnoligears.com\\\/es\\\/wp-content\\\/uploads\\\/sites\\\/5\\\/prototipazione-stampa-3d-fdm-header.jpg\",\"contentUrl\":\"https:\\\/\\\/www.stagnoligears.com\\\/es\\\/wp-content\\\/uploads\\\/sites\\\/5\\\/prototipazione-stampa-3d-fdm-header.jpg\",\"width\":1920,\"height\":841},{\"@type\":\"BreadcrumbList\",\"@id\":\"https:\\\/\\\/www.stagnoligears.com\\\/es\\\/prototipazione-3d-fdm\\\/#breadcrumb\",\"itemListElement\":[{\"@type\":\"ListItem\",\"position\":1,\"name\":\"Home\",\"item\":\"https:\\\/\\\/www.stagnoligears.com\\\/es\\\/\"},{\"@type\":\"ListItem\",\"position\":2,\"name\":\"Prototipado\"}]},{\"@type\":\"WebSite\",\"@id\":\"https:\\\/\\\/www.stagnoligears.com\\\/es\\\/#website\",\"url\":\"https:\\\/\\\/www.stagnoligears.com\\\/es\\\/\",\"name\":\"Stagnoli\",\"description\":\"\",\"publisher\":{\"@id\":\"https:\\\/\\\/www.stagnoligears.com\\\/es\\\/#organization\"},\"potentialAction\":[{\"@type\":\"SearchAction\",\"target\":{\"@type\":\"EntryPoint\",\"urlTemplate\":\"https:\\\/\\\/www.stagnoligears.com\\\/es\\\/?s={search_term_string}\"},\"query-input\":{\"@type\":\"PropertyValueSpecification\",\"valueRequired\":true,\"valueName\":\"search_term_string\"}}],\"inLanguage\":\"es\"},{\"@type\":\"Organization\",\"@id\":\"https:\\\/\\\/www.stagnoligears.com\\\/es\\\/#organization\",\"name\":\"Stagnoli Automation Solutions s.r.l.\",\"url\":\"https:\\\/\\\/www.stagnoligears.com\\\/es\\\/\",\"logo\":{\"@type\":\"ImageObject\",\"inLanguage\":\"es\",\"@id\":\"https:\\\/\\\/www.stagnoligears.com\\\/es\\\/#\\\/schema\\\/logo\\\/image\\\/\",\"url\":\"https:\\\/\\\/www.stagnoligears.com\\\/es\\\/wp-content\\\/uploads\\\/sites\\\/5\\\/logo.png\",\"contentUrl\":\"https:\\\/\\\/www.stagnoligears.com\\\/es\\\/wp-content\\\/uploads\\\/sites\\\/5\\\/logo.png\",\"width\":201,\"height\":87,\"caption\":\"Stagnoli Automation Solutions s.r.l.\"},\"image\":{\"@id\":\"https:\\\/\\\/www.stagnoligears.com\\\/es\\\/#\\\/schema\\\/logo\\\/image\\\/\"}}]}<\/script>\n<!-- \/ Yoast SEO plugin. -->","yoast_head_json":{"title":"Prototipos 3D FDM - Impresi\u00f3n 3D FDM - Impresi\u00f3n 3D de engranajes","description":"Nuestro servicio de creaci\u00f3n de prototipos en 3D con tecnolog\u00eda FDM nos permite producir componentes con altas prestaciones mec\u00e1nicas. M\u00e1s informaci\u00f3n","robots":{"index":"index","follow":"nofollow","max-snippet":"max-snippet:-1","max-image-preview":"max-image-preview:large","max-video-preview":"max-video-preview:-1"},"canonical":"https:\/\/www.stagnoligears.com\/es\/prototipazione-3d-fdm\/","og_locale":"es_ES","og_type":"article","og_title":"Prototipos 3D FDM - Impresi\u00f3n 3D FDM - Impresi\u00f3n 3D de engranajes","og_description":"Nuestro servicio de creaci\u00f3n de prototipos en 3D con tecnolog\u00eda FDM nos permite producir componentes con altas prestaciones mec\u00e1nicas. M\u00e1s informaci\u00f3n","og_url":"https:\/\/www.stagnoligears.com\/es\/prototipazione-3d-fdm\/","og_site_name":"Stagnoli","article_modified_time":"2025-06-06T09:09:08+00:00","og_image":[{"width":1920,"height":841,"url":"https:\/\/www.stagnoligears.com\/es\/wp-content\/uploads\/sites\/5\/prototipazione-stampa-3d-fdm-header.jpg","type":"image\/jpeg"}],"twitter_card":"summary_large_image","twitter_misc":{"Tiempo de lectura":"1 minuto"},"schema":{"@context":"https:\/\/schema.org","@graph":[{"@type":"WebPage","@id":"https:\/\/www.stagnoligears.com\/es\/prototipazione-3d-fdm\/","url":"https:\/\/www.stagnoligears.com\/es\/prototipazione-3d-fdm\/","name":"Prototipos 3D FDM - Impresi\u00f3n 3D FDM - Impresi\u00f3n 3D de engranajes","isPartOf":{"@id":"https:\/\/www.stagnoligears.com\/es\/#website"},"primaryImageOfPage":{"@id":"https:\/\/www.stagnoligears.com\/es\/prototipazione-3d-fdm\/#primaryimage"},"image":{"@id":"https:\/\/www.stagnoligears.com\/es\/prototipazione-3d-fdm\/#primaryimage"},"thumbnailUrl":"https:\/\/www.stagnoligears.com\/es\/wp-content\/uploads\/sites\/5\/prototipazione-stampa-3d-fdm-header.jpg","datePublished":"2020-07-31T13:20:18+00:00","dateModified":"2025-06-06T09:09:08+00:00","description":"Nuestro servicio de creaci\u00f3n de prototipos en 3D con tecnolog\u00eda FDM nos permite producir componentes con altas prestaciones mec\u00e1nicas. M\u00e1s informaci\u00f3n","breadcrumb":{"@id":"https:\/\/www.stagnoligears.com\/es\/prototipazione-3d-fdm\/#breadcrumb"},"inLanguage":"es","potentialAction":[{"@type":"ReadAction","target":["https:\/\/www.stagnoligears.com\/es\/prototipazione-3d-fdm\/"]}]},{"@type":"ImageObject","inLanguage":"es","@id":"https:\/\/www.stagnoligears.com\/es\/prototipazione-3d-fdm\/#primaryimage","url":"https:\/\/www.stagnoligears.com\/es\/wp-content\/uploads\/sites\/5\/prototipazione-stampa-3d-fdm-header.jpg","contentUrl":"https:\/\/www.stagnoligears.com\/es\/wp-content\/uploads\/sites\/5\/prototipazione-stampa-3d-fdm-header.jpg","width":1920,"height":841},{"@type":"BreadcrumbList","@id":"https:\/\/www.stagnoligears.com\/es\/prototipazione-3d-fdm\/#breadcrumb","itemListElement":[{"@type":"ListItem","position":1,"name":"Home","item":"https:\/\/www.stagnoligears.com\/es\/"},{"@type":"ListItem","position":2,"name":"Prototipado"}]},{"@type":"WebSite","@id":"https:\/\/www.stagnoligears.com\/es\/#website","url":"https:\/\/www.stagnoligears.com\/es\/","name":"Stagnoli","description":"","publisher":{"@id":"https:\/\/www.stagnoligears.com\/es\/#organization"},"potentialAction":[{"@type":"SearchAction","target":{"@type":"EntryPoint","urlTemplate":"https:\/\/www.stagnoligears.com\/es\/?s={search_term_string}"},"query-input":{"@type":"PropertyValueSpecification","valueRequired":true,"valueName":"search_term_string"}}],"inLanguage":"es"},{"@type":"Organization","@id":"https:\/\/www.stagnoligears.com\/es\/#organization","name":"Stagnoli Automation Solutions s.r.l.","url":"https:\/\/www.stagnoligears.com\/es\/","logo":{"@type":"ImageObject","inLanguage":"es","@id":"https:\/\/www.stagnoligears.com\/es\/#\/schema\/logo\/image\/","url":"https:\/\/www.stagnoligears.com\/es\/wp-content\/uploads\/sites\/5\/logo.png","contentUrl":"https:\/\/www.stagnoligears.com\/es\/wp-content\/uploads\/sites\/5\/logo.png","width":201,"height":87,"caption":"Stagnoli Automation Solutions s.r.l."},"image":{"@id":"https:\/\/www.stagnoligears.com\/es\/#\/schema\/logo\/image\/"}}]}},"_links":{"self":[{"href":"https:\/\/www.stagnoligears.com\/es\/wp-json\/wp\/v2\/pages\/2415","targetHints":{"allow":["GET"]}}],"collection":[{"href":"https:\/\/www.stagnoligears.com\/es\/wp-json\/wp\/v2\/pages"}],"about":[{"href":"https:\/\/www.stagnoligears.com\/es\/wp-json\/wp\/v2\/types\/page"}],"author":[{"embeddable":true,"href":"https:\/\/www.stagnoligears.com\/es\/wp-json\/wp\/v2\/users\/1"}],"replies":[{"embeddable":true,"href":"https:\/\/www.stagnoligears.com\/es\/wp-json\/wp\/v2\/comments?post=2415"}],"version-history":[{"count":36,"href":"https:\/\/www.stagnoligears.com\/es\/wp-json\/wp\/v2\/pages\/2415\/revisions"}],"predecessor-version":[{"id":6147,"href":"https:\/\/www.stagnoligears.com\/es\/wp-json\/wp\/v2\/pages\/2415\/revisions\/6147"}],"wp:featuredmedia":[{"embeddable":true,"href":"https:\/\/www.stagnoligears.com\/es\/wp-json\/wp\/v2\/media\/2419"}],"wp:attachment":[{"href":"https:\/\/www.stagnoligears.com\/es\/wp-json\/wp\/v2\/media?parent=2415"}],"curies":[{"name":"wp","href":"https:\/\/api.w.org\/{rel}","templated":true}]}}