{"id":213,"date":"2018-05-09T16:30:11","date_gmt":"2018-05-09T14:30:11","guid":{"rendered":"http:\/\/www.stagnoligears.dexanet.biz\/?page_id=213"},"modified":"2022-03-31T12:17:46","modified_gmt":"2022-03-31T10:17:46","slug":"tecnopolimeros","status":"publish","type":"page","link":"https:\/\/www.stagnoligears.com\/es\/tecnopolimeros\/","title":{"rendered":"Tecnopolimeros"},"content":{"rendered":"<h2><span class=\"verde\">TECNOPOLIMEROS<\/span><br \/>\nTRATADOS<\/h2>\n<p>&nbsp;<\/p>\n<p>Tenemos experiencia en la transformaci\u00f3n de <strong>tecnopol\u00edmeros\/hiperpol\u00edmeros<\/strong>, tanto en sus variantes sin refuerzo, como con refuerzos de carbono o fibra de vidrio, con aditivos autolubricantes (PTFE, siliconas, etc.) y con cargas estabilizantes o retardantes de llama.<\/p>\n<p>Mantenemos una permanente colaboraci\u00f3n con <strong>l\u00edderes del mercado como Sabic, DSM, DuPont, Victrex, BASF, Chimei, Sumitomo, Nilit, EVONIK y Mitsubishi<\/strong>, entre otros muchos.<\/p>\n","protected":false},"excerpt":{"rendered":"<p>TECNOPOLIMEROS TRATADOS &nbsp; Tenemos experiencia en la transformaci\u00f3n de tecnopol\u00edmeros\/hiperpol\u00edmeros, tanto en sus variantes sin refuerzo, como con refuerzos de carbono o fibra de vidrio, con aditivos autolubricantes (PTFE, siliconas, etc.) y con cargas estabilizantes o retardantes de llama. Mantenemos una permanente colaboraci\u00f3n con l\u00edderes del mercado como Sabic, DSM, DuPont, Victrex, BASF, Chimei, Sumitomo, &hellip; <a href=\"https:\/\/www.stagnoligears.com\/es\/tecnopolimeros\/\">Continued<\/a><\/p>\n","protected":false},"author":1,"featured_media":215,"parent":0,"menu_order":0,"comment_status":"closed","ping_status":"closed","template":"template-tecnopolimero.php","meta":{"_acf_changed":false,"footnotes":""},"class_list":["post-213","page","type-page","status-publish","has-post-thumbnail","hentry"],"acf":[],"yoast_head":"<!-- This site is optimized with the Yoast SEO plugin v23.1 - https:\/\/yoast.com\/wordpress\/plugins\/seo\/ -->\n<title>Qu\u00e9 es el pol\u00edmero de ingenier\u00eda - Material termopl\u00e1stico para la producci\u00f3n de engranajes<\/title>\n<meta name=\"description\" content=\"Descubra las ventajas y oportunidades de producir engranajes y piezas de transmisi\u00f3n en tecnopol\u00edmero: mayor calidad y durabilidad, funcionamiento silencioso y sin necesidad de lubricaci\u00f3n\" \/>\n<meta name=\"robots\" content=\"index, follow, max-snippet:-1, max-image-preview:large, max-video-preview:-1\" \/>\n<link rel=\"canonical\" href=\"https:\/\/www.stagnoligears.com\/es\/tecnopolimeros\/\" \/>\n<meta property=\"og:locale\" content=\"es_ES\" \/>\n<meta property=\"og:type\" content=\"article\" \/>\n<meta property=\"og:title\" content=\"Qu\u00e9 es el pol\u00edmero de ingenier\u00eda - Material termopl\u00e1stico para la producci\u00f3n de engranajes\" \/>\n<meta property=\"og:description\" content=\"Descubra las ventajas y oportunidades de producir engranajes y piezas de transmisi\u00f3n en tecnopol\u00edmero: mayor calidad y durabilidad, funcionamiento silencioso y sin necesidad de lubricaci\u00f3n\" \/>\n<meta property=\"og:url\" content=\"https:\/\/www.stagnoligears.com\/es\/tecnopolimeros\/\" \/>\n<meta property=\"og:site_name\" content=\"Stagnoli\" \/>\n<meta property=\"article:modified_time\" content=\"2022-03-31T10:17:46+00:00\" \/>\n<meta property=\"og:image\" content=\"https:\/\/www.stagnoligears.com\/es\/wp-content\/uploads\/sites\/5\/tecnopolimeri.jpg\" \/>\n\t<meta property=\"og:image:width\" content=\"1920\" \/>\n\t<meta property=\"og:image:height\" content=\"1080\" \/>\n\t<meta property=\"og:image:type\" content=\"image\/jpeg\" \/>\n<meta name=\"twitter:card\" content=\"summary_large_image\" \/>\n<script type=\"application\/ld+json\" class=\"yoast-schema-graph\">{\"@context\":\"https:\/\/schema.org\",\"@graph\":[{\"@type\":\"WebPage\",\"@id\":\"https:\/\/www.stagnoligears.com\/es\/tecnopolimeros\/\",\"url\":\"https:\/\/www.stagnoligears.com\/es\/tecnopolimeros\/\",\"name\":\"Qu\u00e9 es el pol\u00edmero de ingenier\u00eda - Material termopl\u00e1stico para la producci\u00f3n de engranajes\",\"isPartOf\":{\"@id\":\"https:\/\/www.stagnoligears.com\/es\/#website\"},\"primaryImageOfPage\":{\"@id\":\"https:\/\/www.stagnoligears.com\/es\/tecnopolimeros\/#primaryimage\"},\"image\":{\"@id\":\"https:\/\/www.stagnoligears.com\/es\/tecnopolimeros\/#primaryimage\"},\"thumbnailUrl\":\"https:\/\/www.stagnoligears.com\/es\/wp-content\/uploads\/sites\/5\/tecnopolimeri.jpg\",\"datePublished\":\"2018-05-09T14:30:11+00:00\",\"dateModified\":\"2022-03-31T10:17:46+00:00\",\"description\":\"Descubra las ventajas y oportunidades de producir engranajes y piezas de transmisi\u00f3n en tecnopol\u00edmero: mayor calidad y durabilidad, funcionamiento silencioso y sin necesidad de lubricaci\u00f3n\",\"breadcrumb\":{\"@id\":\"https:\/\/www.stagnoligears.com\/es\/tecnopolimeros\/#breadcrumb\"},\"inLanguage\":\"es\",\"potentialAction\":[{\"@type\":\"ReadAction\",\"target\":[\"https:\/\/www.stagnoligears.com\/es\/tecnopolimeros\/\"]}]},{\"@type\":\"ImageObject\",\"inLanguage\":\"es\",\"@id\":\"https:\/\/www.stagnoligears.com\/es\/tecnopolimeros\/#primaryimage\",\"url\":\"https:\/\/www.stagnoligears.com\/es\/wp-content\/uploads\/sites\/5\/tecnopolimeri.jpg\",\"contentUrl\":\"https:\/\/www.stagnoligears.com\/es\/wp-content\/uploads\/sites\/5\/tecnopolimeri.jpg\",\"width\":1920,\"height\":1080,\"caption\":\"tecnopolimero\"},{\"@type\":\"BreadcrumbList\",\"@id\":\"https:\/\/www.stagnoligears.com\/es\/tecnopolimeros\/#breadcrumb\",\"itemListElement\":[{\"@type\":\"ListItem\",\"position\":1,\"name\":\"Home\",\"item\":\"https:\/\/www.stagnoligears.com\/es\/\"},{\"@type\":\"ListItem\",\"position\":2,\"name\":\"Tecnopolimeros\"}]},{\"@type\":\"WebSite\",\"@id\":\"https:\/\/www.stagnoligears.com\/es\/#website\",\"url\":\"https:\/\/www.stagnoligears.com\/es\/\",\"name\":\"Stagnoli\",\"description\":\"\",\"publisher\":{\"@id\":\"https:\/\/www.stagnoligears.com\/es\/#organization\"},\"potentialAction\":[{\"@type\":\"SearchAction\",\"target\":{\"@type\":\"EntryPoint\",\"urlTemplate\":\"https:\/\/www.stagnoligears.com\/es\/?s={search_term_string}\"},\"query-input\":\"required name=search_term_string\"}],\"inLanguage\":\"es\"},{\"@type\":\"Organization\",\"@id\":\"https:\/\/www.stagnoligears.com\/es\/#organization\",\"name\":\"Stagnoli Automation Solutions s.r.l.\",\"url\":\"https:\/\/www.stagnoligears.com\/es\/\",\"logo\":{\"@type\":\"ImageObject\",\"inLanguage\":\"es\",\"@id\":\"https:\/\/www.stagnoligears.com\/es\/#\/schema\/logo\/image\/\",\"url\":\"https:\/\/www.stagnoligears.com\/es\/wp-content\/uploads\/sites\/5\/logo.png\",\"contentUrl\":\"https:\/\/www.stagnoligears.com\/es\/wp-content\/uploads\/sites\/5\/logo.png\",\"width\":201,\"height\":87,\"caption\":\"Stagnoli Automation Solutions s.r.l.\"},\"image\":{\"@id\":\"https:\/\/www.stagnoligears.com\/es\/#\/schema\/logo\/image\/\"}}]}<\/script>\n<!-- \/ Yoast SEO plugin. -->","yoast_head_json":{"title":"Qu\u00e9 es el pol\u00edmero de ingenier\u00eda - Material termopl\u00e1stico para la producci\u00f3n de engranajes","description":"Descubra las ventajas y oportunidades de producir engranajes y piezas de transmisi\u00f3n en tecnopol\u00edmero: mayor calidad y durabilidad, funcionamiento silencioso y sin necesidad de lubricaci\u00f3n","robots":{"index":"index","follow":"follow","max-snippet":"max-snippet:-1","max-image-preview":"max-image-preview:large","max-video-preview":"max-video-preview:-1"},"canonical":"https:\/\/www.stagnoligears.com\/es\/tecnopolimeros\/","og_locale":"es_ES","og_type":"article","og_title":"Qu\u00e9 es el pol\u00edmero de ingenier\u00eda - Material termopl\u00e1stico para la producci\u00f3n de engranajes","og_description":"Descubra las ventajas y oportunidades de producir engranajes y piezas de transmisi\u00f3n en tecnopol\u00edmero: mayor calidad y durabilidad, funcionamiento silencioso y sin necesidad de lubricaci\u00f3n","og_url":"https:\/\/www.stagnoligears.com\/es\/tecnopolimeros\/","og_site_name":"Stagnoli","article_modified_time":"2022-03-31T10:17:46+00:00","og_image":[{"width":1920,"height":1080,"url":"https:\/\/www.stagnoligears.com\/es\/wp-content\/uploads\/sites\/5\/tecnopolimeri.jpg","type":"image\/jpeg"}],"twitter_card":"summary_large_image","schema":{"@context":"https:\/\/schema.org","@graph":[{"@type":"WebPage","@id":"https:\/\/www.stagnoligears.com\/es\/tecnopolimeros\/","url":"https:\/\/www.stagnoligears.com\/es\/tecnopolimeros\/","name":"Qu\u00e9 es el pol\u00edmero de ingenier\u00eda - Material termopl\u00e1stico para la producci\u00f3n de engranajes","isPartOf":{"@id":"https:\/\/www.stagnoligears.com\/es\/#website"},"primaryImageOfPage":{"@id":"https:\/\/www.stagnoligears.com\/es\/tecnopolimeros\/#primaryimage"},"image":{"@id":"https:\/\/www.stagnoligears.com\/es\/tecnopolimeros\/#primaryimage"},"thumbnailUrl":"https:\/\/www.stagnoligears.com\/es\/wp-content\/uploads\/sites\/5\/tecnopolimeri.jpg","datePublished":"2018-05-09T14:30:11+00:00","dateModified":"2022-03-31T10:17:46+00:00","description":"Descubra las ventajas y oportunidades de producir engranajes y piezas de transmisi\u00f3n en tecnopol\u00edmero: mayor calidad y durabilidad, funcionamiento silencioso y sin necesidad de lubricaci\u00f3n","breadcrumb":{"@id":"https:\/\/www.stagnoligears.com\/es\/tecnopolimeros\/#breadcrumb"},"inLanguage":"es","potentialAction":[{"@type":"ReadAction","target":["https:\/\/www.stagnoligears.com\/es\/tecnopolimeros\/"]}]},{"@type":"ImageObject","inLanguage":"es","@id":"https:\/\/www.stagnoligears.com\/es\/tecnopolimeros\/#primaryimage","url":"https:\/\/www.stagnoligears.com\/es\/wp-content\/uploads\/sites\/5\/tecnopolimeri.jpg","contentUrl":"https:\/\/www.stagnoligears.com\/es\/wp-content\/uploads\/sites\/5\/tecnopolimeri.jpg","width":1920,"height":1080,"caption":"tecnopolimero"},{"@type":"BreadcrumbList","@id":"https:\/\/www.stagnoligears.com\/es\/tecnopolimeros\/#breadcrumb","itemListElement":[{"@type":"ListItem","position":1,"name":"Home","item":"https:\/\/www.stagnoligears.com\/es\/"},{"@type":"ListItem","position":2,"name":"Tecnopolimeros"}]},{"@type":"WebSite","@id":"https:\/\/www.stagnoligears.com\/es\/#website","url":"https:\/\/www.stagnoligears.com\/es\/","name":"Stagnoli","description":"","publisher":{"@id":"https:\/\/www.stagnoligears.com\/es\/#organization"},"potentialAction":[{"@type":"SearchAction","target":{"@type":"EntryPoint","urlTemplate":"https:\/\/www.stagnoligears.com\/es\/?s={search_term_string}"},"query-input":"required name=search_term_string"}],"inLanguage":"es"},{"@type":"Organization","@id":"https:\/\/www.stagnoligears.com\/es\/#organization","name":"Stagnoli Automation Solutions s.r.l.","url":"https:\/\/www.stagnoligears.com\/es\/","logo":{"@type":"ImageObject","inLanguage":"es","@id":"https:\/\/www.stagnoligears.com\/es\/#\/schema\/logo\/image\/","url":"https:\/\/www.stagnoligears.com\/es\/wp-content\/uploads\/sites\/5\/logo.png","contentUrl":"https:\/\/www.stagnoligears.com\/es\/wp-content\/uploads\/sites\/5\/logo.png","width":201,"height":87,"caption":"Stagnoli Automation Solutions s.r.l."},"image":{"@id":"https:\/\/www.stagnoligears.com\/es\/#\/schema\/logo\/image\/"}}]}},"_links":{"self":[{"href":"https:\/\/www.stagnoligears.com\/es\/wp-json\/wp\/v2\/pages\/213"}],"collection":[{"href":"https:\/\/www.stagnoligears.com\/es\/wp-json\/wp\/v2\/pages"}],"about":[{"href":"https:\/\/www.stagnoligears.com\/es\/wp-json\/wp\/v2\/types\/page"}],"author":[{"embeddable":true,"href":"https:\/\/www.stagnoligears.com\/es\/wp-json\/wp\/v2\/users\/1"}],"replies":[{"embeddable":true,"href":"https:\/\/www.stagnoligears.com\/es\/wp-json\/wp\/v2\/comments?post=213"}],"version-history":[{"count":32,"href":"https:\/\/www.stagnoligears.com\/es\/wp-json\/wp\/v2\/pages\/213\/revisions"}],"predecessor-version":[{"id":5269,"href":"https:\/\/www.stagnoligears.com\/es\/wp-json\/wp\/v2\/pages\/213\/revisions\/5269"}],"wp:featuredmedia":[{"embeddable":true,"href":"https:\/\/www.stagnoligears.com\/es\/wp-json\/wp\/v2\/media\/215"}],"wp:attachment":[{"href":"https:\/\/www.stagnoligears.com\/es\/wp-json\/wp\/v2\/media?parent=213"}],"curies":[{"name":"wp","href":"https:\/\/api.w.org\/{rel}","templated":true}]}}