{"id":177,"date":"2018-05-08T18:03:35","date_gmt":"2018-05-08T16:03:35","guid":{"rendered":"http:\/\/www.stagnoligears.dexanet.biz\/?page_id=177"},"modified":"2025-10-14T14:49:59","modified_gmt":"2025-10-14T12:49:59","slug":"calidad","status":"publish","type":"page","link":"https:\/\/www.stagnoligears.com\/es\/calidad\/","title":{"rendered":"Calidad"},"content":{"rendered":"<h2>CERTIFICACI\u00d3N <span class=\"verde\">ISO9001<\/span><\/h2>\n<p>&nbsp;<\/p>\n<p>Desde 2016 contamos con la certificaci\u00f3n <strong>ISO 9001<\/strong>, la norma elegida por todas las organizaciones que quieren dotarse de una herramienta de trabajo orientada a la <strong>mejora continua y constante<\/strong>, que quieren aumentar su eficiencia, reducir costes y fidelizar a sus clientes.<\/p>\n<p>Una empresa con un sistema de calidad certificado seg\u00fan la norma ISO 9001 es una empresa que ofrece la <strong>garant\u00eda de una estructura s\u00f3lida<\/strong>, evaluada por un organismo superior a las partes, organizada <strong>de forma que mantiene bajo control todos los aspectos de sus actividades<\/strong> y garantiza la reproducibilidad de los resultados y, por tanto, el mantenimiento pero tambi\u00e9n la mejora continua de los est\u00e1ndares de calidad proporcionados.<\/p>\n<p>&nbsp;<\/p>\n<h2>CERTIFICACI\u00d3N <span class=\"verde\">IATF16949<\/span><\/h2>\n<p>&nbsp;<\/p>\n<p>A partir de 2022, contamos con la certificaci\u00f3n <strong>IATF 16949<\/strong>. La certificaci\u00f3n especifica los requisitos de un <strong>sistema de gesti\u00f3n de calidad para la producci\u00f3n de autom\u00f3viles<\/strong>.<\/p>\n<p>Los requisitos de la IATF 16949 incluyen los siguientes aspectos clave:<\/p>\n<ul>\n<li>Seguridad de los productos<\/li>\n<li>Gesti\u00f3n de riesgos y planes de contingencia<\/li>\n<li>Requisitos del software integrado<\/li>\n<li>Gesti\u00f3n de divisas y garant\u00edas<\/li>\n<li>Gesti\u00f3n de proveedores secundarios<\/li>\n<\/ul>\n<p>Seguimos un procedimiento de <strong>control de calidad interno durante y despu\u00e9s del procesamiento<\/strong> y, para determinados art\u00edculos, hemos elaborado procedimientos espec\u00edficos en los que, adem\u00e1s de las inspecciones, se realizan pruebas destructivas.<\/p>\n","protected":false},"excerpt":{"rendered":"<p>CERTIFICACI\u00d3N ISO9001 &nbsp; Desde 2016 contamos con la certificaci\u00f3n ISO 9001, la norma elegida por todas las organizaciones que quieren dotarse de una herramienta de trabajo orientada a la mejora continua y constante, que quieren aumentar su eficiencia, reducir costes y fidelizar a sus clientes. Una empresa con un sistema de calidad certificado seg\u00fan la &hellip; <a href=\"https:\/\/www.stagnoligears.com\/es\/calidad\/\">Continued<\/a><\/p>\n","protected":false},"author":1,"featured_media":178,"parent":0,"menu_order":0,"comment_status":"closed","ping_status":"closed","template":"template-qualita.php","meta":{"_acf_changed":false,"footnotes":""},"class_list":["post-177","page","type-page","status-publish","has-post-thumbnail","hentry"],"acf":[],"yoast_head":"<!-- This site is optimized with the Yoast SEO plugin v27.4 - https:\/\/yoast.com\/product\/yoast-seo-wordpress\/ -->\n<title>Piezas de transmisi\u00f3n de calidad - Dise\u00f1o y estampaci\u00f3n made in Italy<\/title>\n<meta name=\"description\" content=\"\u00d3rganos de transmisi\u00f3n de calidad, especialistas en el tratamiento de materiales termopl\u00e1sticos para la fabricaci\u00f3n de engranajes y \u00f3rganos de transmisi\u00f3n en tecnopol\u00edmero\" \/>\n<meta name=\"robots\" content=\"index, follow, max-snippet:-1, max-image-preview:large, max-video-preview:-1\" \/>\n<link rel=\"canonical\" href=\"https:\/\/www.stagnoligears.com\/es\/calidad\/\" \/>\n<meta property=\"og:locale\" content=\"es_ES\" \/>\n<meta property=\"og:type\" content=\"article\" \/>\n<meta property=\"og:title\" content=\"Piezas de transmisi\u00f3n de calidad - Dise\u00f1o y estampaci\u00f3n made in Italy\" \/>\n<meta property=\"og:description\" content=\"\u00d3rganos de transmisi\u00f3n de calidad, especialistas en el tratamiento de materiales termopl\u00e1sticos para la fabricaci\u00f3n de engranajes y \u00f3rganos de transmisi\u00f3n en tecnopol\u00edmero\" \/>\n<meta property=\"og:url\" content=\"https:\/\/www.stagnoligears.com\/es\/calidad\/\" \/>\n<meta property=\"og:site_name\" content=\"Stagnoli\" \/>\n<meta property=\"article:modified_time\" content=\"2025-10-14T12:49:59+00:00\" \/>\n<meta property=\"og:image\" content=\"https:\/\/www.stagnoligears.com\/es\/wp-content\/uploads\/sites\/5\/ruote-dentate-in-tecnopolimeri.jpg\" \/>\n\t<meta property=\"og:image:width\" content=\"1920\" \/>\n\t<meta property=\"og:image:height\" content=\"1080\" \/>\n\t<meta property=\"og:image:type\" content=\"image\/jpeg\" \/>\n<meta name=\"twitter:card\" content=\"summary_large_image\" \/>\n<meta name=\"twitter:label1\" content=\"Tiempo de lectura\" \/>\n\t<meta name=\"twitter:data1\" content=\"2 minutos\" \/>\n<script type=\"application\/ld+json\" class=\"yoast-schema-graph\">{\"@context\":\"https:\\\/\\\/schema.org\",\"@graph\":[{\"@type\":\"WebPage\",\"@id\":\"https:\\\/\\\/www.stagnoligears.com\\\/es\\\/calidad\\\/\",\"url\":\"https:\\\/\\\/www.stagnoligears.com\\\/es\\\/calidad\\\/\",\"name\":\"Piezas de transmisi\u00f3n de calidad - Dise\u00f1o y estampaci\u00f3n made in Italy\",\"isPartOf\":{\"@id\":\"https:\\\/\\\/www.stagnoligears.com\\\/es\\\/#website\"},\"primaryImageOfPage\":{\"@id\":\"https:\\\/\\\/www.stagnoligears.com\\\/es\\\/calidad\\\/#primaryimage\"},\"image\":{\"@id\":\"https:\\\/\\\/www.stagnoligears.com\\\/es\\\/calidad\\\/#primaryimage\"},\"thumbnailUrl\":\"https:\\\/\\\/www.stagnoligears.com\\\/es\\\/wp-content\\\/uploads\\\/sites\\\/5\\\/ruote-dentate-in-tecnopolimeri.jpg\",\"datePublished\":\"2018-05-08T16:03:35+00:00\",\"dateModified\":\"2025-10-14T12:49:59+00:00\",\"description\":\"\u00d3rganos de transmisi\u00f3n de calidad, especialistas en el tratamiento de materiales termopl\u00e1sticos para la fabricaci\u00f3n de engranajes y \u00f3rganos de transmisi\u00f3n en tecnopol\u00edmero\",\"breadcrumb\":{\"@id\":\"https:\\\/\\\/www.stagnoligears.com\\\/es\\\/calidad\\\/#breadcrumb\"},\"inLanguage\":\"es\",\"potentialAction\":[{\"@type\":\"ReadAction\",\"target\":[\"https:\\\/\\\/www.stagnoligears.com\\\/es\\\/calidad\\\/\"]}]},{\"@type\":\"ImageObject\",\"inLanguage\":\"es\",\"@id\":\"https:\\\/\\\/www.stagnoligears.com\\\/es\\\/calidad\\\/#primaryimage\",\"url\":\"https:\\\/\\\/www.stagnoligears.com\\\/es\\\/wp-content\\\/uploads\\\/sites\\\/5\\\/ruote-dentate-in-tecnopolimeri.jpg\",\"contentUrl\":\"https:\\\/\\\/www.stagnoligears.com\\\/es\\\/wp-content\\\/uploads\\\/sites\\\/5\\\/ruote-dentate-in-tecnopolimeri.jpg\",\"width\":1920,\"height\":1080},{\"@type\":\"BreadcrumbList\",\"@id\":\"https:\\\/\\\/www.stagnoligears.com\\\/es\\\/calidad\\\/#breadcrumb\",\"itemListElement\":[{\"@type\":\"ListItem\",\"position\":1,\"name\":\"Home\",\"item\":\"https:\\\/\\\/www.stagnoligears.com\\\/es\\\/\"},{\"@type\":\"ListItem\",\"position\":2,\"name\":\"Calidad\"}]},{\"@type\":\"WebSite\",\"@id\":\"https:\\\/\\\/www.stagnoligears.com\\\/es\\\/#website\",\"url\":\"https:\\\/\\\/www.stagnoligears.com\\\/es\\\/\",\"name\":\"Stagnoli\",\"description\":\"\",\"publisher\":{\"@id\":\"https:\\\/\\\/www.stagnoligears.com\\\/es\\\/#organization\"},\"potentialAction\":[{\"@type\":\"SearchAction\",\"target\":{\"@type\":\"EntryPoint\",\"urlTemplate\":\"https:\\\/\\\/www.stagnoligears.com\\\/es\\\/?s={search_term_string}\"},\"query-input\":{\"@type\":\"PropertyValueSpecification\",\"valueRequired\":true,\"valueName\":\"search_term_string\"}}],\"inLanguage\":\"es\"},{\"@type\":\"Organization\",\"@id\":\"https:\\\/\\\/www.stagnoligears.com\\\/es\\\/#organization\",\"name\":\"Stagnoli Automation Solutions s.r.l.\",\"url\":\"https:\\\/\\\/www.stagnoligears.com\\\/es\\\/\",\"logo\":{\"@type\":\"ImageObject\",\"inLanguage\":\"es\",\"@id\":\"https:\\\/\\\/www.stagnoligears.com\\\/es\\\/#\\\/schema\\\/logo\\\/image\\\/\",\"url\":\"https:\\\/\\\/www.stagnoligears.com\\\/es\\\/wp-content\\\/uploads\\\/sites\\\/5\\\/logo.png\",\"contentUrl\":\"https:\\\/\\\/www.stagnoligears.com\\\/es\\\/wp-content\\\/uploads\\\/sites\\\/5\\\/logo.png\",\"width\":201,\"height\":87,\"caption\":\"Stagnoli Automation Solutions s.r.l.\"},\"image\":{\"@id\":\"https:\\\/\\\/www.stagnoligears.com\\\/es\\\/#\\\/schema\\\/logo\\\/image\\\/\"}}]}<\/script>\n<!-- \/ Yoast SEO plugin. -->","yoast_head_json":{"title":"Piezas de transmisi\u00f3n de calidad - Dise\u00f1o y estampaci\u00f3n made in Italy","description":"\u00d3rganos de transmisi\u00f3n de calidad, especialistas en el tratamiento de materiales termopl\u00e1sticos para la fabricaci\u00f3n de engranajes y \u00f3rganos de transmisi\u00f3n en tecnopol\u00edmero","robots":{"index":"index","follow":"follow","max-snippet":"max-snippet:-1","max-image-preview":"max-image-preview:large","max-video-preview":"max-video-preview:-1"},"canonical":"https:\/\/www.stagnoligears.com\/es\/calidad\/","og_locale":"es_ES","og_type":"article","og_title":"Piezas de transmisi\u00f3n de calidad - Dise\u00f1o y estampaci\u00f3n made in Italy","og_description":"\u00d3rganos de transmisi\u00f3n de calidad, especialistas en el tratamiento de materiales termopl\u00e1sticos para la fabricaci\u00f3n de engranajes y \u00f3rganos de transmisi\u00f3n en tecnopol\u00edmero","og_url":"https:\/\/www.stagnoligears.com\/es\/calidad\/","og_site_name":"Stagnoli","article_modified_time":"2025-10-14T12:49:59+00:00","og_image":[{"width":1920,"height":1080,"url":"https:\/\/www.stagnoligears.com\/es\/wp-content\/uploads\/sites\/5\/ruote-dentate-in-tecnopolimeri.jpg","type":"image\/jpeg"}],"twitter_card":"summary_large_image","twitter_misc":{"Tiempo de lectura":"2 minutos"},"schema":{"@context":"https:\/\/schema.org","@graph":[{"@type":"WebPage","@id":"https:\/\/www.stagnoligears.com\/es\/calidad\/","url":"https:\/\/www.stagnoligears.com\/es\/calidad\/","name":"Piezas de transmisi\u00f3n de calidad - Dise\u00f1o y estampaci\u00f3n made in Italy","isPartOf":{"@id":"https:\/\/www.stagnoligears.com\/es\/#website"},"primaryImageOfPage":{"@id":"https:\/\/www.stagnoligears.com\/es\/calidad\/#primaryimage"},"image":{"@id":"https:\/\/www.stagnoligears.com\/es\/calidad\/#primaryimage"},"thumbnailUrl":"https:\/\/www.stagnoligears.com\/es\/wp-content\/uploads\/sites\/5\/ruote-dentate-in-tecnopolimeri.jpg","datePublished":"2018-05-08T16:03:35+00:00","dateModified":"2025-10-14T12:49:59+00:00","description":"\u00d3rganos de transmisi\u00f3n de calidad, especialistas en el tratamiento de materiales termopl\u00e1sticos para la fabricaci\u00f3n de engranajes y \u00f3rganos de transmisi\u00f3n en tecnopol\u00edmero","breadcrumb":{"@id":"https:\/\/www.stagnoligears.com\/es\/calidad\/#breadcrumb"},"inLanguage":"es","potentialAction":[{"@type":"ReadAction","target":["https:\/\/www.stagnoligears.com\/es\/calidad\/"]}]},{"@type":"ImageObject","inLanguage":"es","@id":"https:\/\/www.stagnoligears.com\/es\/calidad\/#primaryimage","url":"https:\/\/www.stagnoligears.com\/es\/wp-content\/uploads\/sites\/5\/ruote-dentate-in-tecnopolimeri.jpg","contentUrl":"https:\/\/www.stagnoligears.com\/es\/wp-content\/uploads\/sites\/5\/ruote-dentate-in-tecnopolimeri.jpg","width":1920,"height":1080},{"@type":"BreadcrumbList","@id":"https:\/\/www.stagnoligears.com\/es\/calidad\/#breadcrumb","itemListElement":[{"@type":"ListItem","position":1,"name":"Home","item":"https:\/\/www.stagnoligears.com\/es\/"},{"@type":"ListItem","position":2,"name":"Calidad"}]},{"@type":"WebSite","@id":"https:\/\/www.stagnoligears.com\/es\/#website","url":"https:\/\/www.stagnoligears.com\/es\/","name":"Stagnoli","description":"","publisher":{"@id":"https:\/\/www.stagnoligears.com\/es\/#organization"},"potentialAction":[{"@type":"SearchAction","target":{"@type":"EntryPoint","urlTemplate":"https:\/\/www.stagnoligears.com\/es\/?s={search_term_string}"},"query-input":{"@type":"PropertyValueSpecification","valueRequired":true,"valueName":"search_term_string"}}],"inLanguage":"es"},{"@type":"Organization","@id":"https:\/\/www.stagnoligears.com\/es\/#organization","name":"Stagnoli Automation Solutions s.r.l.","url":"https:\/\/www.stagnoligears.com\/es\/","logo":{"@type":"ImageObject","inLanguage":"es","@id":"https:\/\/www.stagnoligears.com\/es\/#\/schema\/logo\/image\/","url":"https:\/\/www.stagnoligears.com\/es\/wp-content\/uploads\/sites\/5\/logo.png","contentUrl":"https:\/\/www.stagnoligears.com\/es\/wp-content\/uploads\/sites\/5\/logo.png","width":201,"height":87,"caption":"Stagnoli Automation Solutions s.r.l."},"image":{"@id":"https:\/\/www.stagnoligears.com\/es\/#\/schema\/logo\/image\/"}}]}},"_links":{"self":[{"href":"https:\/\/www.stagnoligears.com\/es\/wp-json\/wp\/v2\/pages\/177","targetHints":{"allow":["GET"]}}],"collection":[{"href":"https:\/\/www.stagnoligears.com\/es\/wp-json\/wp\/v2\/pages"}],"about":[{"href":"https:\/\/www.stagnoligears.com\/es\/wp-json\/wp\/v2\/types\/page"}],"author":[{"embeddable":true,"href":"https:\/\/www.stagnoligears.com\/es\/wp-json\/wp\/v2\/users\/1"}],"replies":[{"embeddable":true,"href":"https:\/\/www.stagnoligears.com\/es\/wp-json\/wp\/v2\/comments?post=177"}],"version-history":[{"count":41,"href":"https:\/\/www.stagnoligears.com\/es\/wp-json\/wp\/v2\/pages\/177\/revisions"}],"predecessor-version":[{"id":6272,"href":"https:\/\/www.stagnoligears.com\/es\/wp-json\/wp\/v2\/pages\/177\/revisions\/6272"}],"wp:featuredmedia":[{"embeddable":true,"href":"https:\/\/www.stagnoligears.com\/es\/wp-json\/wp\/v2\/media\/178"}],"wp:attachment":[{"href":"https:\/\/www.stagnoligears.com\/es\/wp-json\/wp\/v2\/media?parent=177"}],"curies":[{"name":"wp","href":"https:\/\/api.w.org\/{rel}","templated":true}]}}