{"id":158,"date":"2018-05-08T17:21:41","date_gmt":"2018-05-08T15:21:41","guid":{"rendered":"http:\/\/www.stagnoligears.dexanet.biz\/?page_id=158"},"modified":"2025-06-05T12:43:13","modified_gmt":"2025-06-05T10:43:13","slug":"moldeo","status":"publish","type":"page","link":"https:\/\/www.stagnoligears.com\/es\/moldeo\/","title":{"rendered":"Moldeo"},"content":{"rendered":"<h2><span class=\"verde\">CALIDAD, INNOVACI\u00d3N<\/span><br \/>\nY PRODUCCION<\/h2>\n<p>Todos los productos se fabrican en nuestro establecimiento de Lonato del Garda. La precisi\u00f3n y los plazos de entrega est\u00e1n garantizados por un gran parque de m\u00e1quinas para el <strong>moldeo de termopl\u00e1sticos<\/strong> que consta de 17 prensas, 3 de las cuales est\u00e1n automatizadas por robots.<\/p>\n<p>Nuestro establecimiento de Lonato del Garda completa anualmente la <strong>producci\u00f3n y el moldeo<\/strong> de m\u00e1s de 10 millones <strong>de engranajes <\/strong>con un peso que oscila desde los 0,1 gr hasta los 1,5 kg, como por ejemplo:<\/p>\n","protected":false},"excerpt":{"rendered":"<p>CALIDAD, INNOVACI\u00d3N Y PRODUCCION Todos los productos se fabrican en nuestro establecimiento de Lonato del Garda. La precisi\u00f3n y los plazos de entrega est\u00e1n garantizados por un gran parque de m\u00e1quinas para el moldeo de termopl\u00e1sticos que consta de 17 prensas, 3 de las cuales est\u00e1n automatizadas por robots. Nuestro establecimiento de Lonato del Garda &hellip; <a href=\"https:\/\/www.stagnoligears.com\/es\/moldeo\/\">Continued<\/a><\/p>\n","protected":false},"author":1,"featured_media":5396,"parent":0,"menu_order":0,"comment_status":"closed","ping_status":"closed","template":"template-produzione.php","meta":{"_acf_changed":false,"footnotes":""},"class_list":["post-158","page","type-page","status-publish","has-post-thumbnail","hentry"],"acf":[],"yoast_head":"<!-- This site is optimized with the Yoast SEO plugin v27.3 - https:\/\/yoast.com\/product\/yoast-seo-wordpress\/ -->\n<title>Producci\u00f3n y moldeo de engranajes - Moldeo de engranajes con tecnopol\u00edmeros<\/title>\n<meta name=\"description\" content=\"Dise\u00f1o, producci\u00f3n y moldeo de engranajes y componentes de transmisi\u00f3n termopl\u00e1sticos. Engranajes a medida o en formatos est\u00e1ndar de calidad y fabricados en Italia, para todos los sectores de producci\u00f3n.\" \/>\n<meta name=\"robots\" content=\"index, follow, max-snippet:-1, max-image-preview:large, max-video-preview:-1\" \/>\n<link rel=\"canonical\" href=\"https:\/\/www.stagnoligears.com\/es\/moldeo\/\" \/>\n<meta property=\"og:locale\" content=\"es_ES\" \/>\n<meta property=\"og:type\" content=\"article\" \/>\n<meta property=\"og:title\" content=\"Producci\u00f3n y moldeo de engranajes - Moldeo de engranajes con tecnopol\u00edmeros\" \/>\n<meta property=\"og:description\" content=\"Dise\u00f1o, producci\u00f3n y moldeo de engranajes y componentes de transmisi\u00f3n termopl\u00e1sticos. Engranajes a medida o en formatos est\u00e1ndar de calidad y fabricados en Italia, para todos los sectores de producci\u00f3n.\" \/>\n<meta property=\"og:url\" content=\"https:\/\/www.stagnoligears.com\/es\/moldeo\/\" \/>\n<meta property=\"og:site_name\" content=\"Stagnoli\" \/>\n<meta property=\"article:modified_time\" content=\"2025-06-05T10:43:13+00:00\" \/>\n<meta property=\"og:image\" content=\"https:\/\/www.stagnoligears.com\/es\/wp-content\/uploads\/sites\/5\/stampaggio-ingranaggi-1.jpg\" \/>\n\t<meta property=\"og:image:width\" content=\"1920\" \/>\n\t<meta property=\"og:image:height\" content=\"1280\" \/>\n\t<meta property=\"og:image:type\" content=\"image\/jpeg\" \/>\n<meta name=\"twitter:card\" content=\"summary_large_image\" \/>\n<meta name=\"twitter:label1\" content=\"Tiempo de lectura\" \/>\n\t<meta name=\"twitter:data1\" content=\"1 minuto\" \/>\n<script type=\"application\/ld+json\" class=\"yoast-schema-graph\">{\"@context\":\"https:\\\/\\\/schema.org\",\"@graph\":[{\"@type\":\"WebPage\",\"@id\":\"https:\\\/\\\/www.stagnoligears.com\\\/es\\\/moldeo\\\/\",\"url\":\"https:\\\/\\\/www.stagnoligears.com\\\/es\\\/moldeo\\\/\",\"name\":\"Producci\u00f3n y moldeo de engranajes - Moldeo de engranajes con tecnopol\u00edmeros\",\"isPartOf\":{\"@id\":\"https:\\\/\\\/www.stagnoligears.com\\\/es\\\/#website\"},\"primaryImageOfPage\":{\"@id\":\"https:\\\/\\\/www.stagnoligears.com\\\/es\\\/moldeo\\\/#primaryimage\"},\"image\":{\"@id\":\"https:\\\/\\\/www.stagnoligears.com\\\/es\\\/moldeo\\\/#primaryimage\"},\"thumbnailUrl\":\"https:\\\/\\\/www.stagnoligears.com\\\/es\\\/wp-content\\\/uploads\\\/sites\\\/5\\\/stampaggio-ingranaggi-1.jpg\",\"datePublished\":\"2018-05-08T15:21:41+00:00\",\"dateModified\":\"2025-06-05T10:43:13+00:00\",\"description\":\"Dise\u00f1o, producci\u00f3n y moldeo de engranajes y componentes de transmisi\u00f3n termopl\u00e1sticos. Engranajes a medida o en formatos est\u00e1ndar de calidad y fabricados en Italia, para todos los sectores de producci\u00f3n.\",\"breadcrumb\":{\"@id\":\"https:\\\/\\\/www.stagnoligears.com\\\/es\\\/moldeo\\\/#breadcrumb\"},\"inLanguage\":\"es\",\"potentialAction\":[{\"@type\":\"ReadAction\",\"target\":[\"https:\\\/\\\/www.stagnoligears.com\\\/es\\\/moldeo\\\/\"]}]},{\"@type\":\"ImageObject\",\"inLanguage\":\"es\",\"@id\":\"https:\\\/\\\/www.stagnoligears.com\\\/es\\\/moldeo\\\/#primaryimage\",\"url\":\"https:\\\/\\\/www.stagnoligears.com\\\/es\\\/wp-content\\\/uploads\\\/sites\\\/5\\\/stampaggio-ingranaggi-1.jpg\",\"contentUrl\":\"https:\\\/\\\/www.stagnoligears.com\\\/es\\\/wp-content\\\/uploads\\\/sites\\\/5\\\/stampaggio-ingranaggi-1.jpg\",\"width\":1920,\"height\":1280},{\"@type\":\"BreadcrumbList\",\"@id\":\"https:\\\/\\\/www.stagnoligears.com\\\/es\\\/moldeo\\\/#breadcrumb\",\"itemListElement\":[{\"@type\":\"ListItem\",\"position\":1,\"name\":\"Home\",\"item\":\"https:\\\/\\\/www.stagnoligears.com\\\/es\\\/\"},{\"@type\":\"ListItem\",\"position\":2,\"name\":\"Moldeo\"}]},{\"@type\":\"WebSite\",\"@id\":\"https:\\\/\\\/www.stagnoligears.com\\\/es\\\/#website\",\"url\":\"https:\\\/\\\/www.stagnoligears.com\\\/es\\\/\",\"name\":\"Stagnoli\",\"description\":\"\",\"publisher\":{\"@id\":\"https:\\\/\\\/www.stagnoligears.com\\\/es\\\/#organization\"},\"potentialAction\":[{\"@type\":\"SearchAction\",\"target\":{\"@type\":\"EntryPoint\",\"urlTemplate\":\"https:\\\/\\\/www.stagnoligears.com\\\/es\\\/?s={search_term_string}\"},\"query-input\":{\"@type\":\"PropertyValueSpecification\",\"valueRequired\":true,\"valueName\":\"search_term_string\"}}],\"inLanguage\":\"es\"},{\"@type\":\"Organization\",\"@id\":\"https:\\\/\\\/www.stagnoligears.com\\\/es\\\/#organization\",\"name\":\"Stagnoli Automation Solutions s.r.l.\",\"url\":\"https:\\\/\\\/www.stagnoligears.com\\\/es\\\/\",\"logo\":{\"@type\":\"ImageObject\",\"inLanguage\":\"es\",\"@id\":\"https:\\\/\\\/www.stagnoligears.com\\\/es\\\/#\\\/schema\\\/logo\\\/image\\\/\",\"url\":\"https:\\\/\\\/www.stagnoligears.com\\\/es\\\/wp-content\\\/uploads\\\/sites\\\/5\\\/logo.png\",\"contentUrl\":\"https:\\\/\\\/www.stagnoligears.com\\\/es\\\/wp-content\\\/uploads\\\/sites\\\/5\\\/logo.png\",\"width\":201,\"height\":87,\"caption\":\"Stagnoli Automation Solutions s.r.l.\"},\"image\":{\"@id\":\"https:\\\/\\\/www.stagnoligears.com\\\/es\\\/#\\\/schema\\\/logo\\\/image\\\/\"}}]}<\/script>\n<!-- \/ Yoast SEO plugin. -->","yoast_head_json":{"title":"Producci\u00f3n y moldeo de engranajes - Moldeo de engranajes con tecnopol\u00edmeros","description":"Dise\u00f1o, producci\u00f3n y moldeo de engranajes y componentes de transmisi\u00f3n termopl\u00e1sticos. Engranajes a medida o en formatos est\u00e1ndar de calidad y fabricados en Italia, para todos los sectores de producci\u00f3n.","robots":{"index":"index","follow":"follow","max-snippet":"max-snippet:-1","max-image-preview":"max-image-preview:large","max-video-preview":"max-video-preview:-1"},"canonical":"https:\/\/www.stagnoligears.com\/es\/moldeo\/","og_locale":"es_ES","og_type":"article","og_title":"Producci\u00f3n y moldeo de engranajes - Moldeo de engranajes con tecnopol\u00edmeros","og_description":"Dise\u00f1o, producci\u00f3n y moldeo de engranajes y componentes de transmisi\u00f3n termopl\u00e1sticos. Engranajes a medida o en formatos est\u00e1ndar de calidad y fabricados en Italia, para todos los sectores de producci\u00f3n.","og_url":"https:\/\/www.stagnoligears.com\/es\/moldeo\/","og_site_name":"Stagnoli","article_modified_time":"2025-06-05T10:43:13+00:00","og_image":[{"width":1920,"height":1280,"url":"https:\/\/www.stagnoligears.com\/es\/wp-content\/uploads\/sites\/5\/stampaggio-ingranaggi-1.jpg","type":"image\/jpeg"}],"twitter_card":"summary_large_image","twitter_misc":{"Tiempo de lectura":"1 minuto"},"schema":{"@context":"https:\/\/schema.org","@graph":[{"@type":"WebPage","@id":"https:\/\/www.stagnoligears.com\/es\/moldeo\/","url":"https:\/\/www.stagnoligears.com\/es\/moldeo\/","name":"Producci\u00f3n y moldeo de engranajes - Moldeo de engranajes con tecnopol\u00edmeros","isPartOf":{"@id":"https:\/\/www.stagnoligears.com\/es\/#website"},"primaryImageOfPage":{"@id":"https:\/\/www.stagnoligears.com\/es\/moldeo\/#primaryimage"},"image":{"@id":"https:\/\/www.stagnoligears.com\/es\/moldeo\/#primaryimage"},"thumbnailUrl":"https:\/\/www.stagnoligears.com\/es\/wp-content\/uploads\/sites\/5\/stampaggio-ingranaggi-1.jpg","datePublished":"2018-05-08T15:21:41+00:00","dateModified":"2025-06-05T10:43:13+00:00","description":"Dise\u00f1o, producci\u00f3n y moldeo de engranajes y componentes de transmisi\u00f3n termopl\u00e1sticos. Engranajes a medida o en formatos est\u00e1ndar de calidad y fabricados en Italia, para todos los sectores de producci\u00f3n.","breadcrumb":{"@id":"https:\/\/www.stagnoligears.com\/es\/moldeo\/#breadcrumb"},"inLanguage":"es","potentialAction":[{"@type":"ReadAction","target":["https:\/\/www.stagnoligears.com\/es\/moldeo\/"]}]},{"@type":"ImageObject","inLanguage":"es","@id":"https:\/\/www.stagnoligears.com\/es\/moldeo\/#primaryimage","url":"https:\/\/www.stagnoligears.com\/es\/wp-content\/uploads\/sites\/5\/stampaggio-ingranaggi-1.jpg","contentUrl":"https:\/\/www.stagnoligears.com\/es\/wp-content\/uploads\/sites\/5\/stampaggio-ingranaggi-1.jpg","width":1920,"height":1280},{"@type":"BreadcrumbList","@id":"https:\/\/www.stagnoligears.com\/es\/moldeo\/#breadcrumb","itemListElement":[{"@type":"ListItem","position":1,"name":"Home","item":"https:\/\/www.stagnoligears.com\/es\/"},{"@type":"ListItem","position":2,"name":"Moldeo"}]},{"@type":"WebSite","@id":"https:\/\/www.stagnoligears.com\/es\/#website","url":"https:\/\/www.stagnoligears.com\/es\/","name":"Stagnoli","description":"","publisher":{"@id":"https:\/\/www.stagnoligears.com\/es\/#organization"},"potentialAction":[{"@type":"SearchAction","target":{"@type":"EntryPoint","urlTemplate":"https:\/\/www.stagnoligears.com\/es\/?s={search_term_string}"},"query-input":{"@type":"PropertyValueSpecification","valueRequired":true,"valueName":"search_term_string"}}],"inLanguage":"es"},{"@type":"Organization","@id":"https:\/\/www.stagnoligears.com\/es\/#organization","name":"Stagnoli Automation Solutions s.r.l.","url":"https:\/\/www.stagnoligears.com\/es\/","logo":{"@type":"ImageObject","inLanguage":"es","@id":"https:\/\/www.stagnoligears.com\/es\/#\/schema\/logo\/image\/","url":"https:\/\/www.stagnoligears.com\/es\/wp-content\/uploads\/sites\/5\/logo.png","contentUrl":"https:\/\/www.stagnoligears.com\/es\/wp-content\/uploads\/sites\/5\/logo.png","width":201,"height":87,"caption":"Stagnoli Automation Solutions s.r.l."},"image":{"@id":"https:\/\/www.stagnoligears.com\/es\/#\/schema\/logo\/image\/"}}]}},"_links":{"self":[{"href":"https:\/\/www.stagnoligears.com\/es\/wp-json\/wp\/v2\/pages\/158","targetHints":{"allow":["GET"]}}],"collection":[{"href":"https:\/\/www.stagnoligears.com\/es\/wp-json\/wp\/v2\/pages"}],"about":[{"href":"https:\/\/www.stagnoligears.com\/es\/wp-json\/wp\/v2\/types\/page"}],"author":[{"embeddable":true,"href":"https:\/\/www.stagnoligears.com\/es\/wp-json\/wp\/v2\/users\/1"}],"replies":[{"embeddable":true,"href":"https:\/\/www.stagnoligears.com\/es\/wp-json\/wp\/v2\/comments?post=158"}],"version-history":[{"count":41,"href":"https:\/\/www.stagnoligears.com\/es\/wp-json\/wp\/v2\/pages\/158\/revisions"}],"predecessor-version":[{"id":6140,"href":"https:\/\/www.stagnoligears.com\/es\/wp-json\/wp\/v2\/pages\/158\/revisions\/6140"}],"wp:featuredmedia":[{"embeddable":true,"href":"https:\/\/www.stagnoligears.com\/es\/wp-json\/wp\/v2\/media\/5396"}],"wp:attachment":[{"href":"https:\/\/www.stagnoligears.com\/es\/wp-json\/wp\/v2\/media?parent=158"}],"curies":[{"name":"wp","href":"https:\/\/api.w.org\/{rel}","templated":true}]}}