{"id":115,"date":"2018-05-08T14:21:02","date_gmt":"2018-05-08T12:21:02","guid":{"rendered":"http:\/\/www.stagnoligears.dexanet.biz\/?page_id=115"},"modified":"2023-10-18T11:02:13","modified_gmt":"2023-10-18T09:02:13","slug":"diseno","status":"publish","type":"page","link":"https:\/\/www.stagnoligears.com\/es\/diseno\/","title":{"rendered":"Dise\u00f1o"},"content":{"rendered":"","protected":false},"excerpt":{"rendered":"","protected":false},"author":1,"featured_media":118,"parent":0,"menu_order":0,"comment_status":"closed","ping_status":"closed","template":"template-progettazione.php","meta":{"_acf_changed":false,"footnotes":""},"class_list":["post-115","page","type-page","status-publish","has-post-thumbnail","hentry"],"acf":[],"yoast_head":"<!-- This site is optimized with the Yoast SEO plugin v27.3 - https:\/\/yoast.com\/product\/yoast-seo-wordpress\/ -->\n<title>Dise\u00f1o de engranajes - Dise\u00f1o y moldeado de tecnopol\u00edmeros<\/title>\n<meta name=\"description\" content=\"Dise\u00f1o de engranajes, una empresa con experiencia en el dise\u00f1o, el dise\u00f1o de engranajes y la fabricaci\u00f3n de engranajes termopl\u00e1sticos y piezas de transmisi\u00f3n\" \/>\n<meta name=\"robots\" content=\"index, follow, max-snippet:-1, max-image-preview:large, max-video-preview:-1\" \/>\n<link rel=\"canonical\" href=\"https:\/\/www.stagnoligears.com\/es\/diseno\/\" \/>\n<meta property=\"og:locale\" content=\"es_ES\" \/>\n<meta property=\"og:type\" content=\"article\" \/>\n<meta property=\"og:title\" content=\"Dise\u00f1o de engranajes - Dise\u00f1o y moldeado de tecnopol\u00edmeros\" \/>\n<meta property=\"og:description\" content=\"Dise\u00f1o de engranajes, una empresa con experiencia en el dise\u00f1o, el dise\u00f1o de engranajes y la fabricaci\u00f3n de engranajes termopl\u00e1sticos y piezas de transmisi\u00f3n\" \/>\n<meta property=\"og:url\" content=\"https:\/\/www.stagnoligears.com\/es\/diseno\/\" \/>\n<meta property=\"og:site_name\" content=\"Stagnoli\" \/>\n<meta property=\"article:modified_time\" content=\"2023-10-18T09:02:13+00:00\" \/>\n<meta property=\"og:image\" content=\"https:\/\/www.stagnoligears.com\/es\/wp-content\/uploads\/sites\/5\/progettazione-ingranaggi-in-tecnopolimeri.jpg\" \/>\n\t<meta property=\"og:image:width\" content=\"1920\" \/>\n\t<meta property=\"og:image:height\" content=\"1080\" \/>\n\t<meta property=\"og:image:type\" content=\"image\/jpeg\" \/>\n<meta name=\"twitter:card\" content=\"summary_large_image\" \/>\n<script type=\"application\/ld+json\" class=\"yoast-schema-graph\">{\"@context\":\"https:\\\/\\\/schema.org\",\"@graph\":[{\"@type\":\"WebPage\",\"@id\":\"https:\\\/\\\/www.stagnoligears.com\\\/es\\\/diseno\\\/\",\"url\":\"https:\\\/\\\/www.stagnoligears.com\\\/es\\\/diseno\\\/\",\"name\":\"Dise\u00f1o de engranajes - Dise\u00f1o y moldeado de tecnopol\u00edmeros\",\"isPartOf\":{\"@id\":\"https:\\\/\\\/www.stagnoligears.com\\\/es\\\/#website\"},\"primaryImageOfPage\":{\"@id\":\"https:\\\/\\\/www.stagnoligears.com\\\/es\\\/diseno\\\/#primaryimage\"},\"image\":{\"@id\":\"https:\\\/\\\/www.stagnoligears.com\\\/es\\\/diseno\\\/#primaryimage\"},\"thumbnailUrl\":\"https:\\\/\\\/www.stagnoligears.com\\\/es\\\/wp-content\\\/uploads\\\/sites\\\/5\\\/progettazione-ingranaggi-in-tecnopolimeri.jpg\",\"datePublished\":\"2018-05-08T12:21:02+00:00\",\"dateModified\":\"2023-10-18T09:02:13+00:00\",\"description\":\"Dise\u00f1o de engranajes, una empresa con experiencia en el dise\u00f1o, el dise\u00f1o de engranajes y la fabricaci\u00f3n de engranajes termopl\u00e1sticos y piezas de transmisi\u00f3n\",\"breadcrumb\":{\"@id\":\"https:\\\/\\\/www.stagnoligears.com\\\/es\\\/diseno\\\/#breadcrumb\"},\"inLanguage\":\"es\",\"potentialAction\":[{\"@type\":\"ReadAction\",\"target\":[\"https:\\\/\\\/www.stagnoligears.com\\\/es\\\/diseno\\\/\"]}]},{\"@type\":\"ImageObject\",\"inLanguage\":\"es\",\"@id\":\"https:\\\/\\\/www.stagnoligears.com\\\/es\\\/diseno\\\/#primaryimage\",\"url\":\"https:\\\/\\\/www.stagnoligears.com\\\/es\\\/wp-content\\\/uploads\\\/sites\\\/5\\\/progettazione-ingranaggi-in-tecnopolimeri.jpg\",\"contentUrl\":\"https:\\\/\\\/www.stagnoligears.com\\\/es\\\/wp-content\\\/uploads\\\/sites\\\/5\\\/progettazione-ingranaggi-in-tecnopolimeri.jpg\",\"width\":1920,\"height\":1080,\"caption\":\"progettazione ingranaggi in tecnopolimero\"},{\"@type\":\"BreadcrumbList\",\"@id\":\"https:\\\/\\\/www.stagnoligears.com\\\/es\\\/diseno\\\/#breadcrumb\",\"itemListElement\":[{\"@type\":\"ListItem\",\"position\":1,\"name\":\"Home\",\"item\":\"https:\\\/\\\/www.stagnoligears.com\\\/es\\\/\"},{\"@type\":\"ListItem\",\"position\":2,\"name\":\"Dise\u00f1o\"}]},{\"@type\":\"WebSite\",\"@id\":\"https:\\\/\\\/www.stagnoligears.com\\\/es\\\/#website\",\"url\":\"https:\\\/\\\/www.stagnoligears.com\\\/es\\\/\",\"name\":\"Stagnoli\",\"description\":\"\",\"publisher\":{\"@id\":\"https:\\\/\\\/www.stagnoligears.com\\\/es\\\/#organization\"},\"potentialAction\":[{\"@type\":\"SearchAction\",\"target\":{\"@type\":\"EntryPoint\",\"urlTemplate\":\"https:\\\/\\\/www.stagnoligears.com\\\/es\\\/?s={search_term_string}\"},\"query-input\":{\"@type\":\"PropertyValueSpecification\",\"valueRequired\":true,\"valueName\":\"search_term_string\"}}],\"inLanguage\":\"es\"},{\"@type\":\"Organization\",\"@id\":\"https:\\\/\\\/www.stagnoligears.com\\\/es\\\/#organization\",\"name\":\"Stagnoli Automation Solutions s.r.l.\",\"url\":\"https:\\\/\\\/www.stagnoligears.com\\\/es\\\/\",\"logo\":{\"@type\":\"ImageObject\",\"inLanguage\":\"es\",\"@id\":\"https:\\\/\\\/www.stagnoligears.com\\\/es\\\/#\\\/schema\\\/logo\\\/image\\\/\",\"url\":\"https:\\\/\\\/www.stagnoligears.com\\\/es\\\/wp-content\\\/uploads\\\/sites\\\/5\\\/logo.png\",\"contentUrl\":\"https:\\\/\\\/www.stagnoligears.com\\\/es\\\/wp-content\\\/uploads\\\/sites\\\/5\\\/logo.png\",\"width\":201,\"height\":87,\"caption\":\"Stagnoli Automation Solutions s.r.l.\"},\"image\":{\"@id\":\"https:\\\/\\\/www.stagnoligears.com\\\/es\\\/#\\\/schema\\\/logo\\\/image\\\/\"}}]}<\/script>\n<!-- \/ Yoast SEO plugin. -->","yoast_head_json":{"title":"Dise\u00f1o de engranajes - Dise\u00f1o y moldeado de tecnopol\u00edmeros","description":"Dise\u00f1o de engranajes, una empresa con experiencia en el dise\u00f1o, el dise\u00f1o de engranajes y la fabricaci\u00f3n de engranajes termopl\u00e1sticos y piezas de transmisi\u00f3n","robots":{"index":"index","follow":"follow","max-snippet":"max-snippet:-1","max-image-preview":"max-image-preview:large","max-video-preview":"max-video-preview:-1"},"canonical":"https:\/\/www.stagnoligears.com\/es\/diseno\/","og_locale":"es_ES","og_type":"article","og_title":"Dise\u00f1o de engranajes - Dise\u00f1o y moldeado de tecnopol\u00edmeros","og_description":"Dise\u00f1o de engranajes, una empresa con experiencia en el dise\u00f1o, el dise\u00f1o de engranajes y la fabricaci\u00f3n de engranajes termopl\u00e1sticos y piezas de transmisi\u00f3n","og_url":"https:\/\/www.stagnoligears.com\/es\/diseno\/","og_site_name":"Stagnoli","article_modified_time":"2023-10-18T09:02:13+00:00","og_image":[{"width":1920,"height":1080,"url":"https:\/\/www.stagnoligears.com\/es\/wp-content\/uploads\/sites\/5\/progettazione-ingranaggi-in-tecnopolimeri.jpg","type":"image\/jpeg"}],"twitter_card":"summary_large_image","schema":{"@context":"https:\/\/schema.org","@graph":[{"@type":"WebPage","@id":"https:\/\/www.stagnoligears.com\/es\/diseno\/","url":"https:\/\/www.stagnoligears.com\/es\/diseno\/","name":"Dise\u00f1o de engranajes - Dise\u00f1o y moldeado de tecnopol\u00edmeros","isPartOf":{"@id":"https:\/\/www.stagnoligears.com\/es\/#website"},"primaryImageOfPage":{"@id":"https:\/\/www.stagnoligears.com\/es\/diseno\/#primaryimage"},"image":{"@id":"https:\/\/www.stagnoligears.com\/es\/diseno\/#primaryimage"},"thumbnailUrl":"https:\/\/www.stagnoligears.com\/es\/wp-content\/uploads\/sites\/5\/progettazione-ingranaggi-in-tecnopolimeri.jpg","datePublished":"2018-05-08T12:21:02+00:00","dateModified":"2023-10-18T09:02:13+00:00","description":"Dise\u00f1o de engranajes, una empresa con experiencia en el dise\u00f1o, el dise\u00f1o de engranajes y la fabricaci\u00f3n de engranajes termopl\u00e1sticos y piezas de transmisi\u00f3n","breadcrumb":{"@id":"https:\/\/www.stagnoligears.com\/es\/diseno\/#breadcrumb"},"inLanguage":"es","potentialAction":[{"@type":"ReadAction","target":["https:\/\/www.stagnoligears.com\/es\/diseno\/"]}]},{"@type":"ImageObject","inLanguage":"es","@id":"https:\/\/www.stagnoligears.com\/es\/diseno\/#primaryimage","url":"https:\/\/www.stagnoligears.com\/es\/wp-content\/uploads\/sites\/5\/progettazione-ingranaggi-in-tecnopolimeri.jpg","contentUrl":"https:\/\/www.stagnoligears.com\/es\/wp-content\/uploads\/sites\/5\/progettazione-ingranaggi-in-tecnopolimeri.jpg","width":1920,"height":1080,"caption":"progettazione ingranaggi in tecnopolimero"},{"@type":"BreadcrumbList","@id":"https:\/\/www.stagnoligears.com\/es\/diseno\/#breadcrumb","itemListElement":[{"@type":"ListItem","position":1,"name":"Home","item":"https:\/\/www.stagnoligears.com\/es\/"},{"@type":"ListItem","position":2,"name":"Dise\u00f1o"}]},{"@type":"WebSite","@id":"https:\/\/www.stagnoligears.com\/es\/#website","url":"https:\/\/www.stagnoligears.com\/es\/","name":"Stagnoli","description":"","publisher":{"@id":"https:\/\/www.stagnoligears.com\/es\/#organization"},"potentialAction":[{"@type":"SearchAction","target":{"@type":"EntryPoint","urlTemplate":"https:\/\/www.stagnoligears.com\/es\/?s={search_term_string}"},"query-input":{"@type":"PropertyValueSpecification","valueRequired":true,"valueName":"search_term_string"}}],"inLanguage":"es"},{"@type":"Organization","@id":"https:\/\/www.stagnoligears.com\/es\/#organization","name":"Stagnoli Automation Solutions s.r.l.","url":"https:\/\/www.stagnoligears.com\/es\/","logo":{"@type":"ImageObject","inLanguage":"es","@id":"https:\/\/www.stagnoligears.com\/es\/#\/schema\/logo\/image\/","url":"https:\/\/www.stagnoligears.com\/es\/wp-content\/uploads\/sites\/5\/logo.png","contentUrl":"https:\/\/www.stagnoligears.com\/es\/wp-content\/uploads\/sites\/5\/logo.png","width":201,"height":87,"caption":"Stagnoli Automation Solutions s.r.l."},"image":{"@id":"https:\/\/www.stagnoligears.com\/es\/#\/schema\/logo\/image\/"}}]}},"_links":{"self":[{"href":"https:\/\/www.stagnoligears.com\/es\/wp-json\/wp\/v2\/pages\/115","targetHints":{"allow":["GET"]}}],"collection":[{"href":"https:\/\/www.stagnoligears.com\/es\/wp-json\/wp\/v2\/pages"}],"about":[{"href":"https:\/\/www.stagnoligears.com\/es\/wp-json\/wp\/v2\/types\/page"}],"author":[{"embeddable":true,"href":"https:\/\/www.stagnoligears.com\/es\/wp-json\/wp\/v2\/users\/1"}],"replies":[{"embeddable":true,"href":"https:\/\/www.stagnoligears.com\/es\/wp-json\/wp\/v2\/comments?post=115"}],"version-history":[{"count":53,"href":"https:\/\/www.stagnoligears.com\/es\/wp-json\/wp\/v2\/pages\/115\/revisions"}],"predecessor-version":[{"id":5917,"href":"https:\/\/www.stagnoligears.com\/es\/wp-json\/wp\/v2\/pages\/115\/revisions\/5917"}],"wp:featuredmedia":[{"embeddable":true,"href":"https:\/\/www.stagnoligears.com\/es\/wp-json\/wp\/v2\/media\/118"}],"wp:attachment":[{"href":"https:\/\/www.stagnoligears.com\/es\/wp-json\/wp\/v2\/media?parent=115"}],"curies":[{"name":"wp","href":"https:\/\/api.w.org\/{rel}","templated":true}]}}