{"id":981,"date":"2020-07-31T15:52:56","date_gmt":"2020-07-31T13:52:56","guid":{"rendered":"https:\/\/www.stagnoligears.com\/de\/?page_id=981"},"modified":"2025-06-06T10:44:53","modified_gmt":"2025-06-06T08:44:53","slug":"fdm-3d-prototyping","status":"publish","type":"page","link":"https:\/\/www.stagnoligears.com\/de\/fdm-3d-prototyping\/","title":{"rendered":"Prototyping"},"content":{"rendered":"<h2 class=\"mb-4\"><span class=\"verde\">&#8222;VOM DESIGN ZUR PRODUKTION&#8220;<\/span><br \/>\nMITTELS PROTOTYPEN UND MINISERIEN<\/h2>\n<p>Wir bieten einen Prototyping- und Mikroserien-Produktionsservice mit einer speziellen FDM-3D-Drucktechnologie (Schmelzschichtung), die eine hohe mechanische Performance garantiert, welche bis zu zehnmal h\u00f6her ist als die normalerweise im 3D-Druck verwendeten Kunststoffe, da auch eine Faser-Verst\u00e4rkung verwendet werden kann.<\/p>\n<p><strong>Eigenschaften<\/strong><\/p>\n<p>Unsere St\u00e4rke ist es, eine in 3D gedruckte technische Komponente mit hervorragenden mechanischen Eigenschaften bereitstellen zu k\u00f6nnen, wobei der Kunde die Wahl zwischen zwei Materialtypen hat, die beide bessere mechanische Eigenschaften als die bekannten Materialien PLA und ABS aufweisen: Stagnoli FDM (Kunststoffmatrix auf Polyamidbasis, verst\u00e4rkt mit zerkleinerten Kohlenstofffasern) oder Stagnoli Fiberglas FDM (wobei Stagnoli FDM zus\u00e4tzlich mit Glasfasern verst\u00e4rkt wird).<\/p>\n","protected":false},"excerpt":{"rendered":"<p>&#8222;VOM DESIGN ZUR PRODUKTION&#8220; MITTELS PROTOTYPEN UND MINISERIEN Wir bieten einen Prototyping- und Mikroserien-Produktionsservice mit einer speziellen FDM-3D-Drucktechnologie (Schmelzschichtung), die eine hohe mechanische Performance garantiert, welche bis zu zehnmal h\u00f6her ist als die normalerweise im 3D-Druck verwendeten Kunststoffe, da auch eine Faser-Verst\u00e4rkung verwendet werden kann. Eigenschaften Unsere St\u00e4rke ist es, eine in 3D gedruckte technische &hellip; <a href=\"https:\/\/www.stagnoligears.com\/de\/fdm-3d-prototyping\/\">Continued<\/a><\/p>\n","protected":false},"author":1,"featured_media":989,"parent":0,"menu_order":0,"comment_status":"closed","ping_status":"closed","template":"template-prototipazione.php","meta":{"_acf_changed":false,"footnotes":""},"class_list":["post-981","page","type-page","status-publish","has-post-thumbnail","hentry"],"acf":[],"yoast_head":"<!-- This site is optimized with the Yoast SEO plugin v23.1 - https:\/\/yoast.com\/wordpress\/plugins\/seo\/ -->\n<title>FDM 3D-Druck - 3D-Prototyping - 3D gedruckte Zahnr\u00e4der<\/title>\n<meta name=\"description\" content=\"Unser 3D-Prototyping-Service mit FDM-Technologie erm\u00f6glicht es uns, Komponenten mit hoher mechanischer Leistung herzustellen. Erfahren Sie mehr\" \/>\n<meta name=\"robots\" content=\"index, nofollow, max-snippet:-1, max-image-preview:large, max-video-preview:-1\" \/>\n<link rel=\"canonical\" href=\"https:\/\/www.stagnoligears.com\/de\/fdm-3d-prototyping\/\" \/>\n<meta property=\"og:locale\" content=\"de_DE\" \/>\n<meta property=\"og:type\" content=\"article\" \/>\n<meta property=\"og:title\" content=\"FDM 3D-Druck - 3D-Prototyping - 3D gedruckte Zahnr\u00e4der\" \/>\n<meta property=\"og:description\" content=\"Unser 3D-Prototyping-Service mit FDM-Technologie erm\u00f6glicht es uns, Komponenten mit hoher mechanischer Leistung herzustellen. Erfahren Sie mehr\" \/>\n<meta property=\"og:url\" content=\"https:\/\/www.stagnoligears.com\/de\/fdm-3d-prototyping\/\" \/>\n<meta property=\"og:site_name\" content=\"Stagnoli DE\" \/>\n<meta property=\"article:modified_time\" content=\"2025-06-06T08:44:53+00:00\" \/>\n<meta property=\"og:image\" content=\"https:\/\/www.stagnoligears.com\/de\/wp-content\/uploads\/sites\/3\/prototipazione-stampa-3d-fdm-header.jpg\" \/>\n\t<meta property=\"og:image:width\" content=\"1920\" \/>\n\t<meta property=\"og:image:height\" content=\"841\" \/>\n\t<meta property=\"og:image:type\" content=\"image\/jpeg\" \/>\n<meta name=\"twitter:card\" content=\"summary_large_image\" \/>\n<meta name=\"twitter:label1\" content=\"Gesch\u00e4tzte Lesezeit\" \/>\n\t<meta name=\"twitter:data1\" content=\"1\u00a0Minute\" \/>\n<script type=\"application\/ld+json\" class=\"yoast-schema-graph\">{\"@context\":\"https:\/\/schema.org\",\"@graph\":[{\"@type\":\"WebPage\",\"@id\":\"https:\/\/www.stagnoligears.com\/de\/fdm-3d-prototyping\/\",\"url\":\"https:\/\/www.stagnoligears.com\/de\/fdm-3d-prototyping\/\",\"name\":\"FDM 3D-Druck - 3D-Prototyping - 3D gedruckte Zahnr\u00e4der\",\"isPartOf\":{\"@id\":\"https:\/\/www.stagnoligears.com\/de\/#website\"},\"primaryImageOfPage\":{\"@id\":\"https:\/\/www.stagnoligears.com\/de\/fdm-3d-prototyping\/#primaryimage\"},\"image\":{\"@id\":\"https:\/\/www.stagnoligears.com\/de\/fdm-3d-prototyping\/#primaryimage\"},\"thumbnailUrl\":\"https:\/\/www.stagnoligears.com\/de\/wp-content\/uploads\/sites\/3\/prototipazione-stampa-3d-fdm-header.jpg\",\"datePublished\":\"2020-07-31T13:52:56+00:00\",\"dateModified\":\"2025-06-06T08:44:53+00:00\",\"description\":\"Unser 3D-Prototyping-Service mit FDM-Technologie erm\u00f6glicht es uns, Komponenten mit hoher mechanischer Leistung herzustellen. Erfahren Sie mehr\",\"breadcrumb\":{\"@id\":\"https:\/\/www.stagnoligears.com\/de\/fdm-3d-prototyping\/#breadcrumb\"},\"inLanguage\":\"de\",\"potentialAction\":[{\"@type\":\"ReadAction\",\"target\":[\"https:\/\/www.stagnoligears.com\/de\/fdm-3d-prototyping\/\"]}]},{\"@type\":\"ImageObject\",\"inLanguage\":\"de\",\"@id\":\"https:\/\/www.stagnoligears.com\/de\/fdm-3d-prototyping\/#primaryimage\",\"url\":\"https:\/\/www.stagnoligears.com\/de\/wp-content\/uploads\/sites\/3\/prototipazione-stampa-3d-fdm-header.jpg\",\"contentUrl\":\"https:\/\/www.stagnoligears.com\/de\/wp-content\/uploads\/sites\/3\/prototipazione-stampa-3d-fdm-header.jpg\",\"width\":1920,\"height\":841},{\"@type\":\"BreadcrumbList\",\"@id\":\"https:\/\/www.stagnoligears.com\/de\/fdm-3d-prototyping\/#breadcrumb\",\"itemListElement\":[{\"@type\":\"ListItem\",\"position\":1,\"name\":\"Home\",\"item\":\"https:\/\/www.stagnoligears.com\/de\/\"},{\"@type\":\"ListItem\",\"position\":2,\"name\":\"Prototyping\"}]},{\"@type\":\"WebSite\",\"@id\":\"https:\/\/www.stagnoligears.com\/de\/#website\",\"url\":\"https:\/\/www.stagnoligears.com\/de\/\",\"name\":\"Stagnoli DE\",\"description\":\"Un nuovo sito targato WordPress\",\"potentialAction\":[{\"@type\":\"SearchAction\",\"target\":{\"@type\":\"EntryPoint\",\"urlTemplate\":\"https:\/\/www.stagnoligears.com\/de\/?s={search_term_string}\"},\"query-input\":\"required name=search_term_string\"}],\"inLanguage\":\"de\"}]}<\/script>\n<!-- \/ Yoast SEO plugin. -->","yoast_head_json":{"title":"FDM 3D-Druck - 3D-Prototyping - 3D gedruckte Zahnr\u00e4der","description":"Unser 3D-Prototyping-Service mit FDM-Technologie erm\u00f6glicht es uns, Komponenten mit hoher mechanischer Leistung herzustellen. Erfahren Sie mehr","robots":{"index":"index","follow":"nofollow","max-snippet":"max-snippet:-1","max-image-preview":"max-image-preview:large","max-video-preview":"max-video-preview:-1"},"canonical":"https:\/\/www.stagnoligears.com\/de\/fdm-3d-prototyping\/","og_locale":"de_DE","og_type":"article","og_title":"FDM 3D-Druck - 3D-Prototyping - 3D gedruckte Zahnr\u00e4der","og_description":"Unser 3D-Prototyping-Service mit FDM-Technologie erm\u00f6glicht es uns, Komponenten mit hoher mechanischer Leistung herzustellen. Erfahren Sie mehr","og_url":"https:\/\/www.stagnoligears.com\/de\/fdm-3d-prototyping\/","og_site_name":"Stagnoli DE","article_modified_time":"2025-06-06T08:44:53+00:00","og_image":[{"width":1920,"height":841,"url":"https:\/\/www.stagnoligears.com\/de\/wp-content\/uploads\/sites\/3\/prototipazione-stampa-3d-fdm-header.jpg","type":"image\/jpeg"}],"twitter_card":"summary_large_image","twitter_misc":{"Gesch\u00e4tzte Lesezeit":"1\u00a0Minute"},"schema":{"@context":"https:\/\/schema.org","@graph":[{"@type":"WebPage","@id":"https:\/\/www.stagnoligears.com\/de\/fdm-3d-prototyping\/","url":"https:\/\/www.stagnoligears.com\/de\/fdm-3d-prototyping\/","name":"FDM 3D-Druck - 3D-Prototyping - 3D gedruckte Zahnr\u00e4der","isPartOf":{"@id":"https:\/\/www.stagnoligears.com\/de\/#website"},"primaryImageOfPage":{"@id":"https:\/\/www.stagnoligears.com\/de\/fdm-3d-prototyping\/#primaryimage"},"image":{"@id":"https:\/\/www.stagnoligears.com\/de\/fdm-3d-prototyping\/#primaryimage"},"thumbnailUrl":"https:\/\/www.stagnoligears.com\/de\/wp-content\/uploads\/sites\/3\/prototipazione-stampa-3d-fdm-header.jpg","datePublished":"2020-07-31T13:52:56+00:00","dateModified":"2025-06-06T08:44:53+00:00","description":"Unser 3D-Prototyping-Service mit FDM-Technologie erm\u00f6glicht es uns, Komponenten mit hoher mechanischer Leistung herzustellen. Erfahren Sie mehr","breadcrumb":{"@id":"https:\/\/www.stagnoligears.com\/de\/fdm-3d-prototyping\/#breadcrumb"},"inLanguage":"de","potentialAction":[{"@type":"ReadAction","target":["https:\/\/www.stagnoligears.com\/de\/fdm-3d-prototyping\/"]}]},{"@type":"ImageObject","inLanguage":"de","@id":"https:\/\/www.stagnoligears.com\/de\/fdm-3d-prototyping\/#primaryimage","url":"https:\/\/www.stagnoligears.com\/de\/wp-content\/uploads\/sites\/3\/prototipazione-stampa-3d-fdm-header.jpg","contentUrl":"https:\/\/www.stagnoligears.com\/de\/wp-content\/uploads\/sites\/3\/prototipazione-stampa-3d-fdm-header.jpg","width":1920,"height":841},{"@type":"BreadcrumbList","@id":"https:\/\/www.stagnoligears.com\/de\/fdm-3d-prototyping\/#breadcrumb","itemListElement":[{"@type":"ListItem","position":1,"name":"Home","item":"https:\/\/www.stagnoligears.com\/de\/"},{"@type":"ListItem","position":2,"name":"Prototyping"}]},{"@type":"WebSite","@id":"https:\/\/www.stagnoligears.com\/de\/#website","url":"https:\/\/www.stagnoligears.com\/de\/","name":"Stagnoli DE","description":"Un nuovo sito targato WordPress","potentialAction":[{"@type":"SearchAction","target":{"@type":"EntryPoint","urlTemplate":"https:\/\/www.stagnoligears.com\/de\/?s={search_term_string}"},"query-input":"required name=search_term_string"}],"inLanguage":"de"}]}},"_links":{"self":[{"href":"https:\/\/www.stagnoligears.com\/de\/wp-json\/wp\/v2\/pages\/981"}],"collection":[{"href":"https:\/\/www.stagnoligears.com\/de\/wp-json\/wp\/v2\/pages"}],"about":[{"href":"https:\/\/www.stagnoligears.com\/de\/wp-json\/wp\/v2\/types\/page"}],"author":[{"embeddable":true,"href":"https:\/\/www.stagnoligears.com\/de\/wp-json\/wp\/v2\/users\/1"}],"replies":[{"embeddable":true,"href":"https:\/\/www.stagnoligears.com\/de\/wp-json\/wp\/v2\/comments?post=981"}],"version-history":[{"count":9,"href":"https:\/\/www.stagnoligears.com\/de\/wp-json\/wp\/v2\/pages\/981\/revisions"}],"predecessor-version":[{"id":7786,"href":"https:\/\/www.stagnoligears.com\/de\/wp-json\/wp\/v2\/pages\/981\/revisions\/7786"}],"wp:featuredmedia":[{"embeddable":true,"href":"https:\/\/www.stagnoligears.com\/de\/wp-json\/wp\/v2\/media\/989"}],"wp:attachment":[{"href":"https:\/\/www.stagnoligears.com\/de\/wp-json\/wp\/v2\/media?parent=981"}],"curies":[{"name":"wp","href":"https:\/\/api.w.org\/{rel}","templated":true}]}}