{"id":4,"date":"2018-04-24T10:39:05","date_gmt":"2018-04-24T08:39:05","guid":{"rendered":"http:\/\/www.stagnoligears.dexanet.biz\/contatti\/"},"modified":"2026-03-02T19:35:28","modified_gmt":"2026-03-02T18:35:28","slug":"herstellung-und-verkauf-von-thermoplastischem-materialien","status":"publish","type":"page","link":"https:\/\/www.stagnoligears.com\/de\/herstellung-und-verkauf-von-thermoplastischem-materialien\/","title":{"rendered":"Contatti"},"content":{"rendered":"<h1 class=\"title-h2\"><span class=\"verde\">N\u00dcTZLICHE<\/span><br \/>\nKONTAKTE UND INFOS<\/h1>\n<p>&nbsp;<\/p>\n<p>F\u00fclle das nachstehende Formular aus um weitere Informationen und so schnell wie m\u00f6glich eine R\u00fcckmeldung zu erhalten.<\/p>\n","protected":false},"excerpt":{"rendered":"<p>N\u00dcTZLICHE KONTAKTE UND INFOS &nbsp; F\u00fclle das nachstehende Formular aus um weitere Informationen und so schnell wie m\u00f6glich eine R\u00fcckmeldung zu erhalten.<\/p>\n","protected":false},"author":1,"featured_media":0,"parent":0,"menu_order":0,"comment_status":"closed","ping_status":"closed","template":"template-contatti.php","meta":{"_acf_changed":false,"footnotes":""},"class_list":["post-4","page","type-page","status-publish","hentry"],"acf":[],"yoast_head":"<!-- This site is optimized with the Yoast SEO plugin v27.4 - https:\/\/yoast.com\/product\/yoast-seo-wordpress\/ -->\n<title>Herstellung und Verkauf von thermoplastischem Materialien - Getriebe und Kraft\u00fcbertragungselemente in Technopolymer<\/title>\n<meta name=\"description\" content=\"Produktion und Verkauf von thermoplastischen Materialien, beantragen Sie einen Kostenvoranschlag oder ein preiswertes Angebot f\u00fcr Getriebe in genormtem oder personalisiertem Technopolymer\" \/>\n<meta name=\"robots\" content=\"index, follow, max-snippet:-1, max-image-preview:large, max-video-preview:-1\" \/>\n<link rel=\"canonical\" href=\"https:\/\/www.stagnoligears.com\/de\/herstellung-und-verkauf-von-thermoplastischem-materialien\/\" \/>\n<meta property=\"og:locale\" content=\"de_DE\" \/>\n<meta property=\"og:type\" content=\"article\" \/>\n<meta property=\"og:title\" content=\"Herstellung und Verkauf von thermoplastischem Materialien - Getriebe und Kraft\u00fcbertragungselemente in Technopolymer\" \/>\n<meta property=\"og:description\" content=\"Produktion und Verkauf von thermoplastischen Materialien, beantragen Sie einen Kostenvoranschlag oder ein preiswertes Angebot f\u00fcr Getriebe in genormtem oder personalisiertem Technopolymer\" \/>\n<meta property=\"og:url\" content=\"https:\/\/www.stagnoligears.com\/de\/herstellung-und-verkauf-von-thermoplastischem-materialien\/\" \/>\n<meta property=\"og:site_name\" content=\"Stagnoli DE\" \/>\n<meta property=\"article:modified_time\" content=\"2026-03-02T18:35:28+00:00\" \/>\n<meta name=\"twitter:card\" content=\"summary_large_image\" \/>\n<meta name=\"twitter:label1\" content=\"Gesch\u00e4tzte Lesezeit\" \/>\n\t<meta name=\"twitter:data1\" content=\"1\u00a0Minute\" \/>\n<script type=\"application\/ld+json\" class=\"yoast-schema-graph\">{\"@context\":\"https:\\\/\\\/schema.org\",\"@graph\":[{\"@type\":\"WebPage\",\"@id\":\"https:\\\/\\\/www.stagnoligears.com\\\/de\\\/herstellung-und-verkauf-von-thermoplastischem-materialien\\\/\",\"url\":\"https:\\\/\\\/www.stagnoligears.com\\\/de\\\/herstellung-und-verkauf-von-thermoplastischem-materialien\\\/\",\"name\":\"Herstellung und Verkauf von thermoplastischem Materialien - Getriebe und Kraft\u00fcbertragungselemente in Technopolymer\",\"isPartOf\":{\"@id\":\"https:\\\/\\\/www.stagnoligears.com\\\/de\\\/#website\"},\"datePublished\":\"2018-04-24T08:39:05+00:00\",\"dateModified\":\"2026-03-02T18:35:28+00:00\",\"description\":\"Produktion und Verkauf von thermoplastischen Materialien, beantragen Sie einen Kostenvoranschlag oder ein preiswertes Angebot f\u00fcr Getriebe in genormtem oder personalisiertem Technopolymer\",\"breadcrumb\":{\"@id\":\"https:\\\/\\\/www.stagnoligears.com\\\/de\\\/herstellung-und-verkauf-von-thermoplastischem-materialien\\\/#breadcrumb\"},\"inLanguage\":\"de\",\"potentialAction\":[{\"@type\":\"ReadAction\",\"target\":[\"https:\\\/\\\/www.stagnoligears.com\\\/de\\\/herstellung-und-verkauf-von-thermoplastischem-materialien\\\/\"]}]},{\"@type\":\"BreadcrumbList\",\"@id\":\"https:\\\/\\\/www.stagnoligears.com\\\/de\\\/herstellung-und-verkauf-von-thermoplastischem-materialien\\\/#breadcrumb\",\"itemListElement\":[{\"@type\":\"ListItem\",\"position\":1,\"name\":\"Home\",\"item\":\"https:\\\/\\\/www.stagnoligears.com\\\/de\\\/\"},{\"@type\":\"ListItem\",\"position\":2,\"name\":\"Contatti\"}]},{\"@type\":\"WebSite\",\"@id\":\"https:\\\/\\\/www.stagnoligears.com\\\/de\\\/#website\",\"url\":\"https:\\\/\\\/www.stagnoligears.com\\\/de\\\/\",\"name\":\"Stagnoli DE\",\"description\":\"Un nuovo sito targato WordPress\",\"potentialAction\":[{\"@type\":\"SearchAction\",\"target\":{\"@type\":\"EntryPoint\",\"urlTemplate\":\"https:\\\/\\\/www.stagnoligears.com\\\/de\\\/?s={search_term_string}\"},\"query-input\":{\"@type\":\"PropertyValueSpecification\",\"valueRequired\":true,\"valueName\":\"search_term_string\"}}],\"inLanguage\":\"de\"}]}<\/script>\n<!-- \/ Yoast SEO plugin. -->","yoast_head_json":{"title":"Herstellung und Verkauf von thermoplastischem Materialien - Getriebe und Kraft\u00fcbertragungselemente in Technopolymer","description":"Produktion und Verkauf von thermoplastischen Materialien, beantragen Sie einen Kostenvoranschlag oder ein preiswertes Angebot f\u00fcr Getriebe in genormtem oder personalisiertem Technopolymer","robots":{"index":"index","follow":"follow","max-snippet":"max-snippet:-1","max-image-preview":"max-image-preview:large","max-video-preview":"max-video-preview:-1"},"canonical":"https:\/\/www.stagnoligears.com\/de\/herstellung-und-verkauf-von-thermoplastischem-materialien\/","og_locale":"de_DE","og_type":"article","og_title":"Herstellung und Verkauf von thermoplastischem Materialien - Getriebe und Kraft\u00fcbertragungselemente in Technopolymer","og_description":"Produktion und Verkauf von thermoplastischen Materialien, beantragen Sie einen Kostenvoranschlag oder ein preiswertes Angebot f\u00fcr Getriebe in genormtem oder personalisiertem Technopolymer","og_url":"https:\/\/www.stagnoligears.com\/de\/herstellung-und-verkauf-von-thermoplastischem-materialien\/","og_site_name":"Stagnoli DE","article_modified_time":"2026-03-02T18:35:28+00:00","twitter_card":"summary_large_image","twitter_misc":{"Gesch\u00e4tzte Lesezeit":"1\u00a0Minute"},"schema":{"@context":"https:\/\/schema.org","@graph":[{"@type":"WebPage","@id":"https:\/\/www.stagnoligears.com\/de\/herstellung-und-verkauf-von-thermoplastischem-materialien\/","url":"https:\/\/www.stagnoligears.com\/de\/herstellung-und-verkauf-von-thermoplastischem-materialien\/","name":"Herstellung und Verkauf von thermoplastischem Materialien - Getriebe und Kraft\u00fcbertragungselemente in Technopolymer","isPartOf":{"@id":"https:\/\/www.stagnoligears.com\/de\/#website"},"datePublished":"2018-04-24T08:39:05+00:00","dateModified":"2026-03-02T18:35:28+00:00","description":"Produktion und Verkauf von thermoplastischen Materialien, beantragen Sie einen Kostenvoranschlag oder ein preiswertes Angebot f\u00fcr Getriebe in genormtem oder personalisiertem Technopolymer","breadcrumb":{"@id":"https:\/\/www.stagnoligears.com\/de\/herstellung-und-verkauf-von-thermoplastischem-materialien\/#breadcrumb"},"inLanguage":"de","potentialAction":[{"@type":"ReadAction","target":["https:\/\/www.stagnoligears.com\/de\/herstellung-und-verkauf-von-thermoplastischem-materialien\/"]}]},{"@type":"BreadcrumbList","@id":"https:\/\/www.stagnoligears.com\/de\/herstellung-und-verkauf-von-thermoplastischem-materialien\/#breadcrumb","itemListElement":[{"@type":"ListItem","position":1,"name":"Home","item":"https:\/\/www.stagnoligears.com\/de\/"},{"@type":"ListItem","position":2,"name":"Contatti"}]},{"@type":"WebSite","@id":"https:\/\/www.stagnoligears.com\/de\/#website","url":"https:\/\/www.stagnoligears.com\/de\/","name":"Stagnoli DE","description":"Un nuovo sito targato WordPress","potentialAction":[{"@type":"SearchAction","target":{"@type":"EntryPoint","urlTemplate":"https:\/\/www.stagnoligears.com\/de\/?s={search_term_string}"},"query-input":{"@type":"PropertyValueSpecification","valueRequired":true,"valueName":"search_term_string"}}],"inLanguage":"de"}]}},"_links":{"self":[{"href":"https:\/\/www.stagnoligears.com\/de\/wp-json\/wp\/v2\/pages\/4","targetHints":{"allow":["GET"]}}],"collection":[{"href":"https:\/\/www.stagnoligears.com\/de\/wp-json\/wp\/v2\/pages"}],"about":[{"href":"https:\/\/www.stagnoligears.com\/de\/wp-json\/wp\/v2\/types\/page"}],"author":[{"embeddable":true,"href":"https:\/\/www.stagnoligears.com\/de\/wp-json\/wp\/v2\/users\/1"}],"replies":[{"embeddable":true,"href":"https:\/\/www.stagnoligears.com\/de\/wp-json\/wp\/v2\/comments?post=4"}],"version-history":[{"count":20,"href":"https:\/\/www.stagnoligears.com\/de\/wp-json\/wp\/v2\/pages\/4\/revisions"}],"predecessor-version":[{"id":7940,"href":"https:\/\/www.stagnoligears.com\/de\/wp-json\/wp\/v2\/pages\/4\/revisions\/7940"}],"wp:attachment":[{"href":"https:\/\/www.stagnoligears.com\/de\/wp-json\/wp\/v2\/media?parent=4"}],"curies":[{"name":"wp","href":"https:\/\/api.w.org\/{rel}","templated":true}]}}