{"id":213,"date":"2018-05-09T16:30:11","date_gmt":"2018-05-09T14:30:11","guid":{"rendered":"http:\/\/www.stagnoligears.dexanet.biz\/?page_id=213"},"modified":"2025-06-10T11:55:54","modified_gmt":"2025-06-10T09:55:54","slug":"was-ist-technopolymer","status":"publish","type":"page","link":"https:\/\/www.stagnoligears.com\/de\/was-ist-technopolymer\/","title":{"rendered":"Technopolymere"},"content":{"rendered":"<h2><span class=\"verde\">BEHANDELTE<\/span><br \/>\nTECHNOPOLYMERE<\/h2>\n<p>&nbsp;<\/p>\n<p>Wir haben Erfahrung in der Verformung von Technopolymeren \/Grosspolymeren, in ihren unterschiedlichen Varianten, sei es mit Kohlenstofffaser- oder Glasfaserf\u00fcllung, mit Selbstschmierung F\u00fcllstoff (PTFE, Silikone usw.) und mit stabilisierenden oder flammensch\u00fctzenden F\u00fcllungen.<\/p>\n<p>Wir haben eine st\u00e4ndige Zusammenarbeit mit <strong>f\u00fchrenden M\u00e4rkten wie Sabic, DSM, DuPont, Victrex, BASF, Chimei, Sumitomo, Nilit, EVONIK, Mitsubishund vielen anderen zusammen.<\/strong><\/p>\n","protected":false},"excerpt":{"rendered":"<p>BEHANDELTE TECHNOPOLYMERE &nbsp; Wir haben Erfahrung in der Verformung von Technopolymeren \/Grosspolymeren, in ihren unterschiedlichen Varianten, sei es mit Kohlenstofffaser- oder Glasfaserf\u00fcllung, mit Selbstschmierung F\u00fcllstoff (PTFE, Silikone usw.) und mit stabilisierenden oder flammensch\u00fctzenden F\u00fcllungen. Wir haben eine st\u00e4ndige Zusammenarbeit mit f\u00fchrenden M\u00e4rkten wie Sabic, DSM, DuPont, Victrex, BASF, Chimei, Sumitomo, Nilit, EVONIK, Mitsubishund vielen anderen &hellip; <a href=\"https:\/\/www.stagnoligears.com\/de\/was-ist-technopolymer\/\">Continued<\/a><\/p>\n","protected":false},"author":1,"featured_media":215,"parent":0,"menu_order":0,"comment_status":"closed","ping_status":"closed","template":"template-tecnopolimero.php","meta":{"_acf_changed":false,"footnotes":""},"class_list":["post-213","page","type-page","status-publish","has-post-thumbnail","hentry"],"acf":[],"yoast_head":"<!-- This site is optimized with the Yoast SEO plugin v27.3 - https:\/\/yoast.com\/product\/yoast-seo-wordpress\/ -->\n<title>Was ist Technopolymer - Planung und Herstellung von Getrieben in thermoplastischem Material<\/title>\n<meta name=\"description\" content=\"Was ist Technopolymer, Getriebe und Kraft\u00fcbertragungselemente in Technopolymer f\u00fcr eine bessere Qualit\u00e4t und Dauer, Hygiene, Ger\u00e4uschlosigkeit und ohne Schmierungsbedarf.\" \/>\n<meta name=\"robots\" content=\"index, follow, max-snippet:-1, max-image-preview:large, max-video-preview:-1\" \/>\n<link rel=\"canonical\" href=\"https:\/\/www.stagnoligears.com\/de\/was-ist-technopolymer\/\" \/>\n<meta property=\"og:locale\" content=\"de_DE\" \/>\n<meta property=\"og:type\" content=\"article\" \/>\n<meta property=\"og:title\" content=\"Was ist Technopolymer - Planung und Herstellung von Getrieben in thermoplastischem Material\" \/>\n<meta property=\"og:description\" content=\"Was ist Technopolymer, Getriebe und Kraft\u00fcbertragungselemente in Technopolymer f\u00fcr eine bessere Qualit\u00e4t und Dauer, Hygiene, Ger\u00e4uschlosigkeit und ohne Schmierungsbedarf.\" \/>\n<meta property=\"og:url\" content=\"https:\/\/www.stagnoligears.com\/de\/was-ist-technopolymer\/\" \/>\n<meta property=\"og:site_name\" content=\"Stagnoli DE\" \/>\n<meta property=\"article:modified_time\" content=\"2025-06-10T09:55:54+00:00\" \/>\n<meta property=\"og:image\" content=\"https:\/\/www.stagnoligears.com\/de\/wp-content\/uploads\/sites\/3\/tecnopolimeri.jpg\" \/>\n\t<meta property=\"og:image:width\" content=\"1920\" \/>\n\t<meta property=\"og:image:height\" content=\"1080\" \/>\n\t<meta property=\"og:image:type\" content=\"image\/jpeg\" \/>\n<meta name=\"twitter:card\" content=\"summary_large_image\" \/>\n<meta name=\"twitter:label1\" content=\"Gesch\u00e4tzte Lesezeit\" \/>\n\t<meta name=\"twitter:data1\" content=\"1\u00a0Minute\" \/>\n<script type=\"application\/ld+json\" class=\"yoast-schema-graph\">{\"@context\":\"https:\\\/\\\/schema.org\",\"@graph\":[{\"@type\":\"WebPage\",\"@id\":\"https:\\\/\\\/www.stagnoligears.com\\\/de\\\/was-ist-technopolymer\\\/\",\"url\":\"https:\\\/\\\/www.stagnoligears.com\\\/de\\\/was-ist-technopolymer\\\/\",\"name\":\"Was ist Technopolymer - Planung und Herstellung von Getrieben in thermoplastischem Material\",\"isPartOf\":{\"@id\":\"https:\\\/\\\/www.stagnoligears.com\\\/de\\\/#website\"},\"primaryImageOfPage\":{\"@id\":\"https:\\\/\\\/www.stagnoligears.com\\\/de\\\/was-ist-technopolymer\\\/#primaryimage\"},\"image\":{\"@id\":\"https:\\\/\\\/www.stagnoligears.com\\\/de\\\/was-ist-technopolymer\\\/#primaryimage\"},\"thumbnailUrl\":\"https:\\\/\\\/www.stagnoligears.com\\\/de\\\/wp-content\\\/uploads\\\/sites\\\/3\\\/tecnopolimeri.jpg\",\"datePublished\":\"2018-05-09T14:30:11+00:00\",\"dateModified\":\"2025-06-10T09:55:54+00:00\",\"description\":\"Was ist Technopolymer, Getriebe und Kraft\u00fcbertragungselemente in Technopolymer f\u00fcr eine bessere Qualit\u00e4t und Dauer, Hygiene, Ger\u00e4uschlosigkeit und ohne Schmierungsbedarf.\",\"breadcrumb\":{\"@id\":\"https:\\\/\\\/www.stagnoligears.com\\\/de\\\/was-ist-technopolymer\\\/#breadcrumb\"},\"inLanguage\":\"de\",\"potentialAction\":[{\"@type\":\"ReadAction\",\"target\":[\"https:\\\/\\\/www.stagnoligears.com\\\/de\\\/was-ist-technopolymer\\\/\"]}]},{\"@type\":\"ImageObject\",\"inLanguage\":\"de\",\"@id\":\"https:\\\/\\\/www.stagnoligears.com\\\/de\\\/was-ist-technopolymer\\\/#primaryimage\",\"url\":\"https:\\\/\\\/www.stagnoligears.com\\\/de\\\/wp-content\\\/uploads\\\/sites\\\/3\\\/tecnopolimeri.jpg\",\"contentUrl\":\"https:\\\/\\\/www.stagnoligears.com\\\/de\\\/wp-content\\\/uploads\\\/sites\\\/3\\\/tecnopolimeri.jpg\",\"width\":1920,\"height\":1080,\"caption\":\"tecnopolimero\"},{\"@type\":\"BreadcrumbList\",\"@id\":\"https:\\\/\\\/www.stagnoligears.com\\\/de\\\/was-ist-technopolymer\\\/#breadcrumb\",\"itemListElement\":[{\"@type\":\"ListItem\",\"position\":1,\"name\":\"Home\",\"item\":\"https:\\\/\\\/www.stagnoligears.com\\\/de\\\/\"},{\"@type\":\"ListItem\",\"position\":2,\"name\":\"Technopolymere\"}]},{\"@type\":\"WebSite\",\"@id\":\"https:\\\/\\\/www.stagnoligears.com\\\/de\\\/#website\",\"url\":\"https:\\\/\\\/www.stagnoligears.com\\\/de\\\/\",\"name\":\"Stagnoli DE\",\"description\":\"Un nuovo sito targato WordPress\",\"potentialAction\":[{\"@type\":\"SearchAction\",\"target\":{\"@type\":\"EntryPoint\",\"urlTemplate\":\"https:\\\/\\\/www.stagnoligears.com\\\/de\\\/?s={search_term_string}\"},\"query-input\":{\"@type\":\"PropertyValueSpecification\",\"valueRequired\":true,\"valueName\":\"search_term_string\"}}],\"inLanguage\":\"de\"}]}<\/script>\n<!-- \/ Yoast SEO plugin. -->","yoast_head_json":{"title":"Was ist Technopolymer - Planung und Herstellung von Getrieben in thermoplastischem Material","description":"Was ist Technopolymer, Getriebe und Kraft\u00fcbertragungselemente in Technopolymer f\u00fcr eine bessere Qualit\u00e4t und Dauer, Hygiene, Ger\u00e4uschlosigkeit und ohne Schmierungsbedarf.","robots":{"index":"index","follow":"follow","max-snippet":"max-snippet:-1","max-image-preview":"max-image-preview:large","max-video-preview":"max-video-preview:-1"},"canonical":"https:\/\/www.stagnoligears.com\/de\/was-ist-technopolymer\/","og_locale":"de_DE","og_type":"article","og_title":"Was ist Technopolymer - Planung und Herstellung von Getrieben in thermoplastischem Material","og_description":"Was ist Technopolymer, Getriebe und Kraft\u00fcbertragungselemente in Technopolymer f\u00fcr eine bessere Qualit\u00e4t und Dauer, Hygiene, Ger\u00e4uschlosigkeit und ohne Schmierungsbedarf.","og_url":"https:\/\/www.stagnoligears.com\/de\/was-ist-technopolymer\/","og_site_name":"Stagnoli DE","article_modified_time":"2025-06-10T09:55:54+00:00","og_image":[{"width":1920,"height":1080,"url":"https:\/\/www.stagnoligears.com\/de\/wp-content\/uploads\/sites\/3\/tecnopolimeri.jpg","type":"image\/jpeg"}],"twitter_card":"summary_large_image","twitter_misc":{"Gesch\u00e4tzte Lesezeit":"1\u00a0Minute"},"schema":{"@context":"https:\/\/schema.org","@graph":[{"@type":"WebPage","@id":"https:\/\/www.stagnoligears.com\/de\/was-ist-technopolymer\/","url":"https:\/\/www.stagnoligears.com\/de\/was-ist-technopolymer\/","name":"Was ist Technopolymer - Planung und Herstellung von Getrieben in thermoplastischem Material","isPartOf":{"@id":"https:\/\/www.stagnoligears.com\/de\/#website"},"primaryImageOfPage":{"@id":"https:\/\/www.stagnoligears.com\/de\/was-ist-technopolymer\/#primaryimage"},"image":{"@id":"https:\/\/www.stagnoligears.com\/de\/was-ist-technopolymer\/#primaryimage"},"thumbnailUrl":"https:\/\/www.stagnoligears.com\/de\/wp-content\/uploads\/sites\/3\/tecnopolimeri.jpg","datePublished":"2018-05-09T14:30:11+00:00","dateModified":"2025-06-10T09:55:54+00:00","description":"Was ist Technopolymer, Getriebe und Kraft\u00fcbertragungselemente in Technopolymer f\u00fcr eine bessere Qualit\u00e4t und Dauer, Hygiene, Ger\u00e4uschlosigkeit und ohne Schmierungsbedarf.","breadcrumb":{"@id":"https:\/\/www.stagnoligears.com\/de\/was-ist-technopolymer\/#breadcrumb"},"inLanguage":"de","potentialAction":[{"@type":"ReadAction","target":["https:\/\/www.stagnoligears.com\/de\/was-ist-technopolymer\/"]}]},{"@type":"ImageObject","inLanguage":"de","@id":"https:\/\/www.stagnoligears.com\/de\/was-ist-technopolymer\/#primaryimage","url":"https:\/\/www.stagnoligears.com\/de\/wp-content\/uploads\/sites\/3\/tecnopolimeri.jpg","contentUrl":"https:\/\/www.stagnoligears.com\/de\/wp-content\/uploads\/sites\/3\/tecnopolimeri.jpg","width":1920,"height":1080,"caption":"tecnopolimero"},{"@type":"BreadcrumbList","@id":"https:\/\/www.stagnoligears.com\/de\/was-ist-technopolymer\/#breadcrumb","itemListElement":[{"@type":"ListItem","position":1,"name":"Home","item":"https:\/\/www.stagnoligears.com\/de\/"},{"@type":"ListItem","position":2,"name":"Technopolymere"}]},{"@type":"WebSite","@id":"https:\/\/www.stagnoligears.com\/de\/#website","url":"https:\/\/www.stagnoligears.com\/de\/","name":"Stagnoli DE","description":"Un nuovo sito targato WordPress","potentialAction":[{"@type":"SearchAction","target":{"@type":"EntryPoint","urlTemplate":"https:\/\/www.stagnoligears.com\/de\/?s={search_term_string}"},"query-input":{"@type":"PropertyValueSpecification","valueRequired":true,"valueName":"search_term_string"}}],"inLanguage":"de"}]}},"_links":{"self":[{"href":"https:\/\/www.stagnoligears.com\/de\/wp-json\/wp\/v2\/pages\/213","targetHints":{"allow":["GET"]}}],"collection":[{"href":"https:\/\/www.stagnoligears.com\/de\/wp-json\/wp\/v2\/pages"}],"about":[{"href":"https:\/\/www.stagnoligears.com\/de\/wp-json\/wp\/v2\/types\/page"}],"author":[{"embeddable":true,"href":"https:\/\/www.stagnoligears.com\/de\/wp-json\/wp\/v2\/users\/1"}],"replies":[{"embeddable":true,"href":"https:\/\/www.stagnoligears.com\/de\/wp-json\/wp\/v2\/comments?post=213"}],"version-history":[{"count":29,"href":"https:\/\/www.stagnoligears.com\/de\/wp-json\/wp\/v2\/pages\/213\/revisions"}],"predecessor-version":[{"id":7807,"href":"https:\/\/www.stagnoligears.com\/de\/wp-json\/wp\/v2\/pages\/213\/revisions\/7807"}],"wp:featuredmedia":[{"embeddable":true,"href":"https:\/\/www.stagnoligears.com\/de\/wp-json\/wp\/v2\/media\/215"}],"wp:attachment":[{"href":"https:\/\/www.stagnoligears.com\/de\/wp-json\/wp\/v2\/media?parent=213"}],"curies":[{"name":"wp","href":"https:\/\/api.w.org\/{rel}","templated":true}]}}