{"id":177,"date":"2018-05-08T18:03:35","date_gmt":"2018-05-08T16:03:35","guid":{"rendered":"http:\/\/www.stagnoligears.dexanet.biz\/?page_id=177"},"modified":"2025-10-14T14:48:40","modified_gmt":"2025-10-14T12:48:40","slug":"hochwertige-kraftuebertragungselemente","status":"publish","type":"page","link":"https:\/\/www.stagnoligears.com\/de\/hochwertige-kraftuebertragungselemente\/","title":{"rendered":"Qualit\u00e4t"},"content":{"rendered":"<h2>ZERTIFIZIERUNG NACH ISO <span class=\"verde\">ISO9001<\/span><\/h2>\n<p>&nbsp;<\/p>\n<p>Seit 2016 sind wir nach <strong>ISO 9001<\/strong> zertifiziert, dem Standard, den all jene Organisationen gew\u00e4hlt haben, die sich mit einem Arbeitsinstrument ausstatten wollen, <strong>das auf kontinuierliche und st\u00e4ndige Verbesserung abzielt<\/strong>, die ihre Effizienz steigern, Kosten senken und die Kundenbindung erh\u00f6hen wollen.<\/p>\n<p>Ein Unternehmen mit einem nach ISO 9001 zertifizierten Qualit\u00e4tssystem ist ein Unternehmen, das die <strong>Garantie einer soliden Struktur bietet<\/strong>, die von einer \u00fcbergeordneten Stelle bewertet wird und so organisiert ist, <strong>dass es alle Aspekte seiner T\u00e4tigkeit unter Kontrolle h\u00e4lt<\/strong> und die Reproduzierbarkeit der Leistung, und damit der Aufrechterhaltung, aber auch der kontinuierlichen Verbesserung der bereitgestellten Qualit\u00e4tsstandards, garantiert.<\/p>\n<p>&nbsp;<\/p>\n<h2>ZERTIFIZIERUNG NACH <span class=\"verde\">IATF16949<\/span><\/h2>\n<p>&nbsp;<\/p>\n<p>Seit 2022 sind wir <strong>IATF 16949<\/strong> zertifiziert. Die Zertifizierung spezifiziert die Anforderungen an ein <strong>Qualit\u00e4tsmanagementsystem f\u00fcr die Automobilfertigung<\/strong>.<\/p>\n<p>Die Anforderungen der IATF 16949 umfassen die folgenden Hauptaspekte:<\/p>\n<ul>\n<li>Produktsicherheit<\/li>\n<li>Risikomanagement und Notfallplan<\/li>\n<li>Anforderungen an eingebettete Software<\/li>\n<li>Umtausch- und Gew\u00e4hrleistungsmanagement<\/li>\n<li>Verwaltung von Zweitlieferanten<\/li>\n<\/ul>\n<p><strong>Wir befolgen w\u00e4hrend und nach der Verarbeitung ein internes Qualit\u00e4tskontrollverfahren<\/strong> und haben f\u00fcr bestimmte Artikel spezielle Verfahren entwickelt, in denen zus\u00e4tzlich zu den Kontrollen zerst\u00f6rende Tests durchgef\u00fchrt werden.<\/p>\n","protected":false},"excerpt":{"rendered":"<p>ZERTIFIZIERUNG NACH ISO ISO9001 &nbsp; Seit 2016 sind wir nach ISO 9001 zertifiziert, dem Standard, den all jene Organisationen gew\u00e4hlt haben, die sich mit einem Arbeitsinstrument ausstatten wollen, das auf kontinuierliche und st\u00e4ndige Verbesserung abzielt, die ihre Effizienz steigern, Kosten senken und die Kundenbindung erh\u00f6hen wollen. Ein Unternehmen mit einem nach ISO 9001 zertifizierten Qualit\u00e4tssystem &hellip; <a href=\"https:\/\/www.stagnoligears.com\/de\/hochwertige-kraftuebertragungselemente\/\">Continued<\/a><\/p>\n","protected":false},"author":1,"featured_media":178,"parent":0,"menu_order":0,"comment_status":"closed","ping_status":"closed","template":"template-qualita.php","meta":{"_acf_changed":false,"footnotes":""},"class_list":["post-177","page","type-page","status-publish","has-post-thumbnail","hentry"],"acf":[],"yoast_head":"<!-- This site is optimized with the Yoast SEO plugin v27.3 - https:\/\/yoast.com\/product\/yoast-seo-wordpress\/ -->\n<title>Hochwertige Kraft\u00fcbertragungselemente - Planung und Formpressen made in Italy<\/title>\n<meta name=\"description\" content=\"Hochwertige Kraft\u00fcbertragungselemente, Fachleute in der Bearbeitung von thermoplastischen Materialien zur Herstellung von Getrieben und Kraft\u00fcbertragungselementen in Technopolymer\" \/>\n<meta name=\"robots\" content=\"index, follow, max-snippet:-1, max-image-preview:large, max-video-preview:-1\" \/>\n<link rel=\"canonical\" href=\"https:\/\/www.stagnoligears.com\/de\/hochwertige-kraftuebertragungselemente\/\" \/>\n<meta property=\"og:locale\" content=\"de_DE\" \/>\n<meta property=\"og:type\" content=\"article\" \/>\n<meta property=\"og:title\" content=\"Hochwertige Kraft\u00fcbertragungselemente - Planung und Formpressen made in Italy\" \/>\n<meta property=\"og:description\" content=\"Hochwertige Kraft\u00fcbertragungselemente, Fachleute in der Bearbeitung von thermoplastischen Materialien zur Herstellung von Getrieben und Kraft\u00fcbertragungselementen in Technopolymer\" \/>\n<meta property=\"og:url\" content=\"https:\/\/www.stagnoligears.com\/de\/hochwertige-kraftuebertragungselemente\/\" \/>\n<meta property=\"og:site_name\" content=\"Stagnoli DE\" \/>\n<meta property=\"article:modified_time\" content=\"2025-10-14T12:48:40+00:00\" \/>\n<meta property=\"og:image\" content=\"https:\/\/www.stagnoligears.com\/de\/wp-content\/uploads\/sites\/3\/ruote-dentate-in-tecnopolimeri.jpg\" \/>\n\t<meta property=\"og:image:width\" content=\"1920\" \/>\n\t<meta property=\"og:image:height\" content=\"1080\" \/>\n\t<meta property=\"og:image:type\" content=\"image\/jpeg\" \/>\n<meta name=\"twitter:card\" content=\"summary_large_image\" \/>\n<meta name=\"twitter:label1\" content=\"Gesch\u00e4tzte Lesezeit\" \/>\n\t<meta name=\"twitter:data1\" content=\"2\u00a0Minuten\" \/>\n<script type=\"application\/ld+json\" class=\"yoast-schema-graph\">{\"@context\":\"https:\\\/\\\/schema.org\",\"@graph\":[{\"@type\":\"WebPage\",\"@id\":\"https:\\\/\\\/www.stagnoligears.com\\\/de\\\/hochwertige-kraftuebertragungselemente\\\/\",\"url\":\"https:\\\/\\\/www.stagnoligears.com\\\/de\\\/hochwertige-kraftuebertragungselemente\\\/\",\"name\":\"Hochwertige Kraft\u00fcbertragungselemente - Planung und Formpressen made in Italy\",\"isPartOf\":{\"@id\":\"https:\\\/\\\/www.stagnoligears.com\\\/de\\\/#website\"},\"primaryImageOfPage\":{\"@id\":\"https:\\\/\\\/www.stagnoligears.com\\\/de\\\/hochwertige-kraftuebertragungselemente\\\/#primaryimage\"},\"image\":{\"@id\":\"https:\\\/\\\/www.stagnoligears.com\\\/de\\\/hochwertige-kraftuebertragungselemente\\\/#primaryimage\"},\"thumbnailUrl\":\"https:\\\/\\\/www.stagnoligears.com\\\/de\\\/wp-content\\\/uploads\\\/sites\\\/3\\\/ruote-dentate-in-tecnopolimeri.jpg\",\"datePublished\":\"2018-05-08T16:03:35+00:00\",\"dateModified\":\"2025-10-14T12:48:40+00:00\",\"description\":\"Hochwertige Kraft\u00fcbertragungselemente, Fachleute in der Bearbeitung von thermoplastischen Materialien zur Herstellung von Getrieben und Kraft\u00fcbertragungselementen in Technopolymer\",\"breadcrumb\":{\"@id\":\"https:\\\/\\\/www.stagnoligears.com\\\/de\\\/hochwertige-kraftuebertragungselemente\\\/#breadcrumb\"},\"inLanguage\":\"de\",\"potentialAction\":[{\"@type\":\"ReadAction\",\"target\":[\"https:\\\/\\\/www.stagnoligears.com\\\/de\\\/hochwertige-kraftuebertragungselemente\\\/\"]}]},{\"@type\":\"ImageObject\",\"inLanguage\":\"de\",\"@id\":\"https:\\\/\\\/www.stagnoligears.com\\\/de\\\/hochwertige-kraftuebertragungselemente\\\/#primaryimage\",\"url\":\"https:\\\/\\\/www.stagnoligears.com\\\/de\\\/wp-content\\\/uploads\\\/sites\\\/3\\\/ruote-dentate-in-tecnopolimeri.jpg\",\"contentUrl\":\"https:\\\/\\\/www.stagnoligears.com\\\/de\\\/wp-content\\\/uploads\\\/sites\\\/3\\\/ruote-dentate-in-tecnopolimeri.jpg\",\"width\":1920,\"height\":1080},{\"@type\":\"BreadcrumbList\",\"@id\":\"https:\\\/\\\/www.stagnoligears.com\\\/de\\\/hochwertige-kraftuebertragungselemente\\\/#breadcrumb\",\"itemListElement\":[{\"@type\":\"ListItem\",\"position\":1,\"name\":\"Home\",\"item\":\"https:\\\/\\\/www.stagnoligears.com\\\/de\\\/\"},{\"@type\":\"ListItem\",\"position\":2,\"name\":\"Qualit\u00e4t\"}]},{\"@type\":\"WebSite\",\"@id\":\"https:\\\/\\\/www.stagnoligears.com\\\/de\\\/#website\",\"url\":\"https:\\\/\\\/www.stagnoligears.com\\\/de\\\/\",\"name\":\"Stagnoli DE\",\"description\":\"Un nuovo sito targato WordPress\",\"potentialAction\":[{\"@type\":\"SearchAction\",\"target\":{\"@type\":\"EntryPoint\",\"urlTemplate\":\"https:\\\/\\\/www.stagnoligears.com\\\/de\\\/?s={search_term_string}\"},\"query-input\":{\"@type\":\"PropertyValueSpecification\",\"valueRequired\":true,\"valueName\":\"search_term_string\"}}],\"inLanguage\":\"de\"}]}<\/script>\n<!-- \/ Yoast SEO plugin. -->","yoast_head_json":{"title":"Hochwertige Kraft\u00fcbertragungselemente - Planung und Formpressen made in Italy","description":"Hochwertige Kraft\u00fcbertragungselemente, Fachleute in der Bearbeitung von thermoplastischen Materialien zur Herstellung von Getrieben und Kraft\u00fcbertragungselementen in Technopolymer","robots":{"index":"index","follow":"follow","max-snippet":"max-snippet:-1","max-image-preview":"max-image-preview:large","max-video-preview":"max-video-preview:-1"},"canonical":"https:\/\/www.stagnoligears.com\/de\/hochwertige-kraftuebertragungselemente\/","og_locale":"de_DE","og_type":"article","og_title":"Hochwertige Kraft\u00fcbertragungselemente - Planung und Formpressen made in Italy","og_description":"Hochwertige Kraft\u00fcbertragungselemente, Fachleute in der Bearbeitung von thermoplastischen Materialien zur Herstellung von Getrieben und Kraft\u00fcbertragungselementen in Technopolymer","og_url":"https:\/\/www.stagnoligears.com\/de\/hochwertige-kraftuebertragungselemente\/","og_site_name":"Stagnoli DE","article_modified_time":"2025-10-14T12:48:40+00:00","og_image":[{"width":1920,"height":1080,"url":"https:\/\/www.stagnoligears.com\/de\/wp-content\/uploads\/sites\/3\/ruote-dentate-in-tecnopolimeri.jpg","type":"image\/jpeg"}],"twitter_card":"summary_large_image","twitter_misc":{"Gesch\u00e4tzte Lesezeit":"2\u00a0Minuten"},"schema":{"@context":"https:\/\/schema.org","@graph":[{"@type":"WebPage","@id":"https:\/\/www.stagnoligears.com\/de\/hochwertige-kraftuebertragungselemente\/","url":"https:\/\/www.stagnoligears.com\/de\/hochwertige-kraftuebertragungselemente\/","name":"Hochwertige Kraft\u00fcbertragungselemente - Planung und Formpressen made in Italy","isPartOf":{"@id":"https:\/\/www.stagnoligears.com\/de\/#website"},"primaryImageOfPage":{"@id":"https:\/\/www.stagnoligears.com\/de\/hochwertige-kraftuebertragungselemente\/#primaryimage"},"image":{"@id":"https:\/\/www.stagnoligears.com\/de\/hochwertige-kraftuebertragungselemente\/#primaryimage"},"thumbnailUrl":"https:\/\/www.stagnoligears.com\/de\/wp-content\/uploads\/sites\/3\/ruote-dentate-in-tecnopolimeri.jpg","datePublished":"2018-05-08T16:03:35+00:00","dateModified":"2025-10-14T12:48:40+00:00","description":"Hochwertige Kraft\u00fcbertragungselemente, Fachleute in der Bearbeitung von thermoplastischen Materialien zur Herstellung von Getrieben und Kraft\u00fcbertragungselementen in Technopolymer","breadcrumb":{"@id":"https:\/\/www.stagnoligears.com\/de\/hochwertige-kraftuebertragungselemente\/#breadcrumb"},"inLanguage":"de","potentialAction":[{"@type":"ReadAction","target":["https:\/\/www.stagnoligears.com\/de\/hochwertige-kraftuebertragungselemente\/"]}]},{"@type":"ImageObject","inLanguage":"de","@id":"https:\/\/www.stagnoligears.com\/de\/hochwertige-kraftuebertragungselemente\/#primaryimage","url":"https:\/\/www.stagnoligears.com\/de\/wp-content\/uploads\/sites\/3\/ruote-dentate-in-tecnopolimeri.jpg","contentUrl":"https:\/\/www.stagnoligears.com\/de\/wp-content\/uploads\/sites\/3\/ruote-dentate-in-tecnopolimeri.jpg","width":1920,"height":1080},{"@type":"BreadcrumbList","@id":"https:\/\/www.stagnoligears.com\/de\/hochwertige-kraftuebertragungselemente\/#breadcrumb","itemListElement":[{"@type":"ListItem","position":1,"name":"Home","item":"https:\/\/www.stagnoligears.com\/de\/"},{"@type":"ListItem","position":2,"name":"Qualit\u00e4t"}]},{"@type":"WebSite","@id":"https:\/\/www.stagnoligears.com\/de\/#website","url":"https:\/\/www.stagnoligears.com\/de\/","name":"Stagnoli DE","description":"Un nuovo sito targato WordPress","potentialAction":[{"@type":"SearchAction","target":{"@type":"EntryPoint","urlTemplate":"https:\/\/www.stagnoligears.com\/de\/?s={search_term_string}"},"query-input":{"@type":"PropertyValueSpecification","valueRequired":true,"valueName":"search_term_string"}}],"inLanguage":"de"}]}},"_links":{"self":[{"href":"https:\/\/www.stagnoligears.com\/de\/wp-json\/wp\/v2\/pages\/177","targetHints":{"allow":["GET"]}}],"collection":[{"href":"https:\/\/www.stagnoligears.com\/de\/wp-json\/wp\/v2\/pages"}],"about":[{"href":"https:\/\/www.stagnoligears.com\/de\/wp-json\/wp\/v2\/types\/page"}],"author":[{"embeddable":true,"href":"https:\/\/www.stagnoligears.com\/de\/wp-json\/wp\/v2\/users\/1"}],"replies":[{"embeddable":true,"href":"https:\/\/www.stagnoligears.com\/de\/wp-json\/wp\/v2\/comments?post=177"}],"version-history":[{"count":49,"href":"https:\/\/www.stagnoligears.com\/de\/wp-json\/wp\/v2\/pages\/177\/revisions"}],"predecessor-version":[{"id":7912,"href":"https:\/\/www.stagnoligears.com\/de\/wp-json\/wp\/v2\/pages\/177\/revisions\/7912"}],"wp:featuredmedia":[{"embeddable":true,"href":"https:\/\/www.stagnoligears.com\/de\/wp-json\/wp\/v2\/media\/178"}],"wp:attachment":[{"href":"https:\/\/www.stagnoligears.com\/de\/wp-json\/wp\/v2\/media?parent=177"}],"curies":[{"name":"wp","href":"https:\/\/api.w.org\/{rel}","templated":true}]}}