{"id":158,"date":"2018-05-08T17:21:41","date_gmt":"2018-05-08T15:21:41","guid":{"rendered":"http:\/\/www.stagnoligears.dexanet.biz\/?page_id=158"},"modified":"2025-06-05T12:41:21","modified_gmt":"2025-06-05T10:41:21","slug":"herstellung-und-formpressen-von-getrieben","status":"publish","type":"page","link":"https:\/\/www.stagnoligears.com\/de\/herstellung-und-formpressen-von-getrieben\/","title":{"rendered":"Spritzguss"},"content":{"rendered":"<h2><span class=\"verde\">QUALIT\u00c4T, INNOVATION<\/span><br \/>\nUND PRODUKTION<\/h2>\n<p>S\u00e4mtliche Produkte werden bei uns im Haus hergestellt. Unser Sitz ist Lonato del Garda. Genauigkeit und Vorlaufzeit werden durch einen gro\u00dfen Maschinenpark zum <strong>Formen thermoplastischer Materialien<\/strong>, der aus 17 Pressen besteht, von denen 3 durch Roboter automatisiert sind, garantiert.<\/p>\n<p>Jedes Jahr weist unser Betrieb in Lonato del Garda die Produktion und Spritzgiessen von mehr als 10 Mio. Getrieben vor, mit einem Fl\u00e4chengewicht das von 0.1 gr bis zu 1,5 kg geht, wie Z.Bsp:<\/p>\n","protected":false},"excerpt":{"rendered":"<p>QUALIT\u00c4T, INNOVATION UND PRODUKTION S\u00e4mtliche Produkte werden bei uns im Haus hergestellt. Unser Sitz ist Lonato del Garda. Genauigkeit und Vorlaufzeit werden durch einen gro\u00dfen Maschinenpark zum Formen thermoplastischer Materialien, der aus 17 Pressen besteht, von denen 3 durch Roboter automatisiert sind, garantiert. Jedes Jahr weist unser Betrieb in Lonato del Garda die Produktion und &hellip; <a href=\"https:\/\/www.stagnoligears.com\/de\/herstellung-und-formpressen-von-getrieben\/\">Continued<\/a><\/p>\n","protected":false},"author":1,"featured_media":7292,"parent":0,"menu_order":0,"comment_status":"closed","ping_status":"closed","template":"template-produzione.php","meta":{"_acf_changed":false,"footnotes":""},"class_list":["post-158","page","type-page","status-publish","has-post-thumbnail","hentry"],"acf":[],"yoast_head":"<!-- This site is optimized with the Yoast SEO plugin v27.4 - https:\/\/yoast.com\/product\/yoast-seo-wordpress\/ -->\n<title>Planung und Formpressen von Getrieben - Formpressen von Getrieben in Technopolymer<\/title>\n<meta name=\"description\" content=\"Planung, Herstellung und Formpressen von Getrieben und thermoplastischen Kraft\u00fcbertragungselementen. Ma\u00dfgeschneiderte Getriebe oder in hochwertigen Standardformaten und Made in Italy, f\u00fcr s\u00e4mtliche Produktionsbereiche.\" \/>\n<meta name=\"robots\" content=\"index, follow, max-snippet:-1, max-image-preview:large, max-video-preview:-1\" \/>\n<link rel=\"canonical\" href=\"https:\/\/www.stagnoligears.com\/de\/herstellung-und-formpressen-von-getrieben\/\" \/>\n<meta property=\"og:locale\" content=\"de_DE\" \/>\n<meta property=\"og:type\" content=\"article\" \/>\n<meta property=\"og:title\" content=\"Planung und Formpressen von Getrieben - Formpressen von Getrieben in Technopolymer\" \/>\n<meta property=\"og:description\" content=\"Planung, Herstellung und Formpressen von Getrieben und thermoplastischen Kraft\u00fcbertragungselementen. Ma\u00dfgeschneiderte Getriebe oder in hochwertigen Standardformaten und Made in Italy, f\u00fcr s\u00e4mtliche Produktionsbereiche.\" \/>\n<meta property=\"og:url\" content=\"https:\/\/www.stagnoligears.com\/de\/herstellung-und-formpressen-von-getrieben\/\" \/>\n<meta property=\"og:site_name\" content=\"Stagnoli DE\" \/>\n<meta property=\"article:modified_time\" content=\"2025-06-05T10:41:21+00:00\" \/>\n<meta property=\"og:image\" content=\"https:\/\/www.stagnoligears.com\/de\/wp-content\/uploads\/sites\/3\/stampaggio-ingranaggi-1.jpg\" \/>\n\t<meta property=\"og:image:width\" content=\"1920\" \/>\n\t<meta property=\"og:image:height\" content=\"1280\" \/>\n\t<meta property=\"og:image:type\" content=\"image\/jpeg\" \/>\n<meta name=\"twitter:card\" content=\"summary_large_image\" \/>\n<meta name=\"twitter:label1\" content=\"Gesch\u00e4tzte Lesezeit\" \/>\n\t<meta name=\"twitter:data1\" content=\"1\u00a0Minute\" \/>\n<script type=\"application\/ld+json\" class=\"yoast-schema-graph\">{\"@context\":\"https:\\\/\\\/schema.org\",\"@graph\":[{\"@type\":\"WebPage\",\"@id\":\"https:\\\/\\\/www.stagnoligears.com\\\/de\\\/herstellung-und-formpressen-von-getrieben\\\/\",\"url\":\"https:\\\/\\\/www.stagnoligears.com\\\/de\\\/herstellung-und-formpressen-von-getrieben\\\/\",\"name\":\"Planung und Formpressen von Getrieben - Formpressen von Getrieben in Technopolymer\",\"isPartOf\":{\"@id\":\"https:\\\/\\\/www.stagnoligears.com\\\/de\\\/#website\"},\"primaryImageOfPage\":{\"@id\":\"https:\\\/\\\/www.stagnoligears.com\\\/de\\\/herstellung-und-formpressen-von-getrieben\\\/#primaryimage\"},\"image\":{\"@id\":\"https:\\\/\\\/www.stagnoligears.com\\\/de\\\/herstellung-und-formpressen-von-getrieben\\\/#primaryimage\"},\"thumbnailUrl\":\"https:\\\/\\\/www.stagnoligears.com\\\/de\\\/wp-content\\\/uploads\\\/sites\\\/3\\\/stampaggio-ingranaggi-1.jpg\",\"datePublished\":\"2018-05-08T15:21:41+00:00\",\"dateModified\":\"2025-06-05T10:41:21+00:00\",\"description\":\"Planung, Herstellung und Formpressen von Getrieben und thermoplastischen Kraft\u00fcbertragungselementen. Ma\u00dfgeschneiderte Getriebe oder in hochwertigen Standardformaten und Made in Italy, f\u00fcr s\u00e4mtliche Produktionsbereiche.\",\"breadcrumb\":{\"@id\":\"https:\\\/\\\/www.stagnoligears.com\\\/de\\\/herstellung-und-formpressen-von-getrieben\\\/#breadcrumb\"},\"inLanguage\":\"de\",\"potentialAction\":[{\"@type\":\"ReadAction\",\"target\":[\"https:\\\/\\\/www.stagnoligears.com\\\/de\\\/herstellung-und-formpressen-von-getrieben\\\/\"]}]},{\"@type\":\"ImageObject\",\"inLanguage\":\"de\",\"@id\":\"https:\\\/\\\/www.stagnoligears.com\\\/de\\\/herstellung-und-formpressen-von-getrieben\\\/#primaryimage\",\"url\":\"https:\\\/\\\/www.stagnoligears.com\\\/de\\\/wp-content\\\/uploads\\\/sites\\\/3\\\/stampaggio-ingranaggi-1.jpg\",\"contentUrl\":\"https:\\\/\\\/www.stagnoligears.com\\\/de\\\/wp-content\\\/uploads\\\/sites\\\/3\\\/stampaggio-ingranaggi-1.jpg\",\"width\":1920,\"height\":1280},{\"@type\":\"BreadcrumbList\",\"@id\":\"https:\\\/\\\/www.stagnoligears.com\\\/de\\\/herstellung-und-formpressen-von-getrieben\\\/#breadcrumb\",\"itemListElement\":[{\"@type\":\"ListItem\",\"position\":1,\"name\":\"Home\",\"item\":\"https:\\\/\\\/www.stagnoligears.com\\\/de\\\/\"},{\"@type\":\"ListItem\",\"position\":2,\"name\":\"Spritzguss\"}]},{\"@type\":\"WebSite\",\"@id\":\"https:\\\/\\\/www.stagnoligears.com\\\/de\\\/#website\",\"url\":\"https:\\\/\\\/www.stagnoligears.com\\\/de\\\/\",\"name\":\"Stagnoli DE\",\"description\":\"Un nuovo sito targato WordPress\",\"potentialAction\":[{\"@type\":\"SearchAction\",\"target\":{\"@type\":\"EntryPoint\",\"urlTemplate\":\"https:\\\/\\\/www.stagnoligears.com\\\/de\\\/?s={search_term_string}\"},\"query-input\":{\"@type\":\"PropertyValueSpecification\",\"valueRequired\":true,\"valueName\":\"search_term_string\"}}],\"inLanguage\":\"de\"}]}<\/script>\n<!-- \/ Yoast SEO plugin. -->","yoast_head_json":{"title":"Planung und Formpressen von Getrieben - Formpressen von Getrieben in Technopolymer","description":"Planung, Herstellung und Formpressen von Getrieben und thermoplastischen Kraft\u00fcbertragungselementen. Ma\u00dfgeschneiderte Getriebe oder in hochwertigen Standardformaten und Made in Italy, f\u00fcr s\u00e4mtliche Produktionsbereiche.","robots":{"index":"index","follow":"follow","max-snippet":"max-snippet:-1","max-image-preview":"max-image-preview:large","max-video-preview":"max-video-preview:-1"},"canonical":"https:\/\/www.stagnoligears.com\/de\/herstellung-und-formpressen-von-getrieben\/","og_locale":"de_DE","og_type":"article","og_title":"Planung und Formpressen von Getrieben - Formpressen von Getrieben in Technopolymer","og_description":"Planung, Herstellung und Formpressen von Getrieben und thermoplastischen Kraft\u00fcbertragungselementen. Ma\u00dfgeschneiderte Getriebe oder in hochwertigen Standardformaten und Made in Italy, f\u00fcr s\u00e4mtliche Produktionsbereiche.","og_url":"https:\/\/www.stagnoligears.com\/de\/herstellung-und-formpressen-von-getrieben\/","og_site_name":"Stagnoli DE","article_modified_time":"2025-06-05T10:41:21+00:00","og_image":[{"width":1920,"height":1280,"url":"https:\/\/www.stagnoligears.com\/de\/wp-content\/uploads\/sites\/3\/stampaggio-ingranaggi-1.jpg","type":"image\/jpeg"}],"twitter_card":"summary_large_image","twitter_misc":{"Gesch\u00e4tzte Lesezeit":"1\u00a0Minute"},"schema":{"@context":"https:\/\/schema.org","@graph":[{"@type":"WebPage","@id":"https:\/\/www.stagnoligears.com\/de\/herstellung-und-formpressen-von-getrieben\/","url":"https:\/\/www.stagnoligears.com\/de\/herstellung-und-formpressen-von-getrieben\/","name":"Planung und Formpressen von Getrieben - Formpressen von Getrieben in Technopolymer","isPartOf":{"@id":"https:\/\/www.stagnoligears.com\/de\/#website"},"primaryImageOfPage":{"@id":"https:\/\/www.stagnoligears.com\/de\/herstellung-und-formpressen-von-getrieben\/#primaryimage"},"image":{"@id":"https:\/\/www.stagnoligears.com\/de\/herstellung-und-formpressen-von-getrieben\/#primaryimage"},"thumbnailUrl":"https:\/\/www.stagnoligears.com\/de\/wp-content\/uploads\/sites\/3\/stampaggio-ingranaggi-1.jpg","datePublished":"2018-05-08T15:21:41+00:00","dateModified":"2025-06-05T10:41:21+00:00","description":"Planung, Herstellung und Formpressen von Getrieben und thermoplastischen Kraft\u00fcbertragungselementen. Ma\u00dfgeschneiderte Getriebe oder in hochwertigen Standardformaten und Made in Italy, f\u00fcr s\u00e4mtliche Produktionsbereiche.","breadcrumb":{"@id":"https:\/\/www.stagnoligears.com\/de\/herstellung-und-formpressen-von-getrieben\/#breadcrumb"},"inLanguage":"de","potentialAction":[{"@type":"ReadAction","target":["https:\/\/www.stagnoligears.com\/de\/herstellung-und-formpressen-von-getrieben\/"]}]},{"@type":"ImageObject","inLanguage":"de","@id":"https:\/\/www.stagnoligears.com\/de\/herstellung-und-formpressen-von-getrieben\/#primaryimage","url":"https:\/\/www.stagnoligears.com\/de\/wp-content\/uploads\/sites\/3\/stampaggio-ingranaggi-1.jpg","contentUrl":"https:\/\/www.stagnoligears.com\/de\/wp-content\/uploads\/sites\/3\/stampaggio-ingranaggi-1.jpg","width":1920,"height":1280},{"@type":"BreadcrumbList","@id":"https:\/\/www.stagnoligears.com\/de\/herstellung-und-formpressen-von-getrieben\/#breadcrumb","itemListElement":[{"@type":"ListItem","position":1,"name":"Home","item":"https:\/\/www.stagnoligears.com\/de\/"},{"@type":"ListItem","position":2,"name":"Spritzguss"}]},{"@type":"WebSite","@id":"https:\/\/www.stagnoligears.com\/de\/#website","url":"https:\/\/www.stagnoligears.com\/de\/","name":"Stagnoli DE","description":"Un nuovo sito targato WordPress","potentialAction":[{"@type":"SearchAction","target":{"@type":"EntryPoint","urlTemplate":"https:\/\/www.stagnoligears.com\/de\/?s={search_term_string}"},"query-input":{"@type":"PropertyValueSpecification","valueRequired":true,"valueName":"search_term_string"}}],"inLanguage":"de"}]}},"_links":{"self":[{"href":"https:\/\/www.stagnoligears.com\/de\/wp-json\/wp\/v2\/pages\/158","targetHints":{"allow":["GET"]}}],"collection":[{"href":"https:\/\/www.stagnoligears.com\/de\/wp-json\/wp\/v2\/pages"}],"about":[{"href":"https:\/\/www.stagnoligears.com\/de\/wp-json\/wp\/v2\/types\/page"}],"author":[{"embeddable":true,"href":"https:\/\/www.stagnoligears.com\/de\/wp-json\/wp\/v2\/users\/1"}],"replies":[{"embeddable":true,"href":"https:\/\/www.stagnoligears.com\/de\/wp-json\/wp\/v2\/comments?post=158"}],"version-history":[{"count":33,"href":"https:\/\/www.stagnoligears.com\/de\/wp-json\/wp\/v2\/pages\/158\/revisions"}],"predecessor-version":[{"id":7780,"href":"https:\/\/www.stagnoligears.com\/de\/wp-json\/wp\/v2\/pages\/158\/revisions\/7780"}],"wp:featuredmedia":[{"embeddable":true,"href":"https:\/\/www.stagnoligears.com\/de\/wp-json\/wp\/v2\/media\/7292"}],"wp:attachment":[{"href":"https:\/\/www.stagnoligears.com\/de\/wp-json\/wp\/v2\/media?parent=158"}],"curies":[{"name":"wp","href":"https:\/\/api.w.org\/{rel}","templated":true}]}}